{"id":209884,"date":"2017-10-25T16:28:43","date_gmt":"2017-10-25T15:28:43","guid":{"rendered":"https:\/\/www.delicias-uk.com\/product\/morcela-de-arroz-prisca-saqueta-180g\/"},"modified":"2026-04-09T11:59:36","modified_gmt":"2026-04-09T10:59:36","slug":"morcela-de-arroz-prisca-saqueta-180g","status":"publish","type":"product","link":"https:\/\/www.delicias-uk.com\/pt-pt\/produto\/morcela-de-arroz-prisca-saqueta-180g\/","title":{"rendered":"Morcela de Arroz Prisca Saqueta 180g"},"content":{"rendered":"<p>A Morcela \u00e9 um elemento de excel\u00eancia da tradicional charcutaria portuguesa. De sabor e aroma intensos, apresenta como componente principal o sangue, conferindo a este, juntamente com a cebola e o alho, o sabor ancestral que continua a deliciar os consumidores. Para uma utiliza\u00e7\u00e3o mais convencional cozinhe-os em lume brando e sirva-os inteiros recheados juntamente com legumes cozidos.<\/p>\n<p><strong>Ingredientes<\/strong>: Gordura de porco, arroz (19,04%), cebola, sangue de porco, PROTE\u00cdNA DE SOJA, f\u00e9cula de batata, especiarias, farinha de TRIGO, amido, sal, \u00f3leo vegetal, gl\u00faten de TRIGO, PROTE\u00cdNA DE LEITE, dextrose , conservante (E200, E215), antioxidante (E330).<\/p>\n<p><strong>Alerg\u00e9nios<\/strong>: cont\u00e9m <strong>SOJA<\/strong>, <strong>GL\u00daTEN<\/strong> e <strong>LEITE<\/strong>.<\/p>\n<p><strong>Informa\u00e7\u00e3o nutricional por 100g:<\/strong><\/p>\n<ul style=\"list-style-type:disc;\">\n<li>Energia 1544 KJ \/ 369 Kcal<\/li>\n<li>Gorduras 32,1g<\/li>\n<li>Saturado 11,2g<\/li>\n<li>Hidratos de carbono 0,9g<\/li>\n<li>A\u00e7\u00facar 0,5g<\/li>\n<li>Prote\u00ednas 19,2g<\/li>\n<li>Sal 5,5g<\/li>\n<\/ul>\n<p><strong>Pa\u00eds de origem<\/strong>: Portugal<\/p>\n","protected":false},"excerpt":{"rendered":"<ul style=\"list-style-type:disc;\">\n<li>Peso l\u00edquido 180g<\/li>\n<li>Feito de arroz, sangue e carne de porco<\/li>\n<li>Um toque Portugu\u00eas ao seu prato<\/li>\n<\/ul>\n","protected":false},"author":43533,"featured_media":81167,"comment_status":"open","ping_status":"closed","template":"","meta":[],"pwb-brand":[],"product_brand":[],"product_cat":[8289,8291,8337,8659],"product_tag":[],"class_list":{"0":"post-209884","1":"product","2":"type-product","3":"status-publish","4":"has-post-thumbnail","6":"product_cat-inicio","7":"product_cat-produtos-portugueses","8":"product_cat-charcutaria","9":"product_cat-alheira-farinheira-morcela","11":"first","12":"instock","13":"taxable","14":"shipping-taxable","15":"purchasable","16":"product-type-simple"},"aioseo_notices":[],"brands":[],"_links":{"self":[{"href":"https:\/\/www.delicias-uk.com\/pt-pt\/wp-json\/wp\/v2\/product\/209884","targetHints":{"allow":["GET"]}}],"collection":[{"href":"https:\/\/www.delicias-uk.com\/pt-pt\/wp-json\/wp\/v2\/product"}],"about":[{"href":"https:\/\/www.delicias-uk.com\/pt-pt\/wp-json\/wp\/v2\/types\/product"}],"author":[{"embeddable":true,"href":"https:\/\/www.delicias-uk.com\/pt-pt\/wp-json\/wp\/v2\/users\/43533"}],"replies":[{"embeddable":true,"href":"https:\/\/www.delicias-uk.com\/pt-pt\/wp-json\/wp\/v2\/comments?post=209884"}],"wp:featuredmedia":[{"embeddable":true,"href":"https:\/\/www.delicias-uk.com\/pt-pt\/wp-json\/wp\/v2\/media\/81167"}],"wp:attachment":[{"href":"https:\/\/www.delicias-uk.com\/pt-pt\/wp-json\/wp\/v2\/media?parent=209884"}],"wp:term":[{"taxonomy":"pwb-brand","embeddable":true,"href":"https:\/\/www.delicias-uk.com\/pt-pt\/wp-json\/wp\/v2\/pwb-brand?post=209884"},{"taxonomy":"product_brand","embeddable":true,"href":"https:\/\/www.delicias-uk.com\/pt-pt\/wp-json\/wp\/v2\/product_brand?post=209884"},{"taxonomy":"product_cat","embeddable":true,"href":"https:\/\/www.delicias-uk.com\/pt-pt\/wp-json\/wp\/v2\/product_cat?post=209884"},{"taxonomy":"product_tag","embeddable":true,"href":"https:\/\/www.delicias-uk.com\/pt-pt\/wp-json\/wp\/v2\/product_tag?post=209884"}],"curies":[{"name":"wp","href":"https:\/\/api.w.org\/{rel}","templated":true}]}}