{"id":209880,"date":"2017-10-25T16:28:43","date_gmt":"2017-10-25T15:28:43","guid":{"rendered":"https:\/\/www.delicias-uk.com\/product\/farinheira-prisca-saqueta-180g\/"},"modified":"2026-04-19T11:02:19","modified_gmt":"2026-04-19T10:02:19","slug":"farinheira-prisca-saqueta-180g","status":"publish","type":"product","link":"https:\/\/www.delicias-uk.com\/pt-pt\/produto\/farinheira-prisca-saqueta-180g\/","title":{"rendered":"Farinheira Prisca Saqueta 180g"},"content":{"rendered":"<p>A Farinha Casa da Prisca \u00e9 cheia de sabor, onde a maravilha dos sabores do alho, do vinho branco, do louro, da pimenta, do louro e da noz-moscada se conjugam numa alquimia perfeita. Apresenta-se como um excelente recheio para acompanhar diversos pratos regionais, sendo um acompanhamento fundamental de um bom guisado \u00e0 portuguesa ou de um arroz. Experimente tamb\u00e9m grelhar e cozinhar no forno.<\/p>\n<p><strong>Ingredientes<\/strong>: Gordura de porco, farinha de TRIGO 33%, pimenta, \u00e1gua, sal, especiarias, a\u00e7\u00facar, emulsionante (E450, E451), antioxidante (E301, E330, E331), conservante (E250, E260, E270)<\/p>\n<p><strong>Alerg\u00e9nios<\/strong>: cont\u00e9m <strong>GL\u00daTEN<\/strong>.<\/p>\n<p><strong>Informa\u00e7\u00e3o nutricional por 100g:<\/strong><\/p>\n<ul style=\"list-style-type:disc\">\n<li>Valor Energ\u00e9tico (Kj\/ Kcal) | 1905\/458<\/li>\n<li>L\u00edpidos (g) | 32,7<\/li>\n<li>Dos quais saturados (g) | 14,6<\/li>\n<li>Hidratos de carbono (g) | 35<\/li>\n<li>Dos quais a\u00e7\u00facares (g) | 0,5<\/li>\n<li>Prote\u00ednas (g) | 6,4<\/li>\n<li>Sal (g) | 1,76<\/li>\n<\/ul>\n<p><strong>Pa\u00eds de origem<\/strong>: Portugal<\/p>\n","protected":false},"excerpt":{"rendered":"<ul style=\"list-style-type:disc\">\n<li>Peso l\u00edquido 180g<\/li>\n<li>Feito com farinha de trigo, gordura de porco e especiarias<\/li>\n<li>Mais sabor ao seu prato portugu\u00eas<\/li>\n<\/ul>\n","protected":false},"author":43533,"featured_media":81153,"comment_status":"open","ping_status":"closed","template":"","meta":[],"pwb-brand":[],"product_brand":[],"product_cat":[8289,8291,8337,8659,8539],"product_tag":[],"class_list":{"0":"post-209880","1":"product","2":"type-product","3":"status-publish","4":"has-post-thumbnail","6":"product_cat-inicio","7":"product_cat-produtos-portugueses","8":"product_cat-charcutaria","9":"product_cat-alheira-farinheira-morcela","10":"product_cat-sem-lactose","12":"first","13":"instock","14":"taxable","15":"shipping-taxable","16":"purchasable","17":"product-type-simple"},"aioseo_notices":[],"brands":[],"_links":{"self":[{"href":"https:\/\/www.delicias-uk.com\/pt-pt\/wp-json\/wp\/v2\/product\/209880","targetHints":{"allow":["GET"]}}],"collection":[{"href":"https:\/\/www.delicias-uk.com\/pt-pt\/wp-json\/wp\/v2\/product"}],"about":[{"href":"https:\/\/www.delicias-uk.com\/pt-pt\/wp-json\/wp\/v2\/types\/product"}],"author":[{"embeddable":true,"href":"https:\/\/www.delicias-uk.com\/pt-pt\/wp-json\/wp\/v2\/users\/43533"}],"replies":[{"embeddable":true,"href":"https:\/\/www.delicias-uk.com\/pt-pt\/wp-json\/wp\/v2\/comments?post=209880"}],"wp:featuredmedia":[{"embeddable":true,"href":"https:\/\/www.delicias-uk.com\/pt-pt\/wp-json\/wp\/v2\/media\/81153"}],"wp:attachment":[{"href":"https:\/\/www.delicias-uk.com\/pt-pt\/wp-json\/wp\/v2\/media?parent=209880"}],"wp:term":[{"taxonomy":"pwb-brand","embeddable":true,"href":"https:\/\/www.delicias-uk.com\/pt-pt\/wp-json\/wp\/v2\/pwb-brand?post=209880"},{"taxonomy":"product_brand","embeddable":true,"href":"https:\/\/www.delicias-uk.com\/pt-pt\/wp-json\/wp\/v2\/product_brand?post=209880"},{"taxonomy":"product_cat","embeddable":true,"href":"https:\/\/www.delicias-uk.com\/pt-pt\/wp-json\/wp\/v2\/product_cat?post=209880"},{"taxonomy":"product_tag","embeddable":true,"href":"https:\/\/www.delicias-uk.com\/pt-pt\/wp-json\/wp\/v2\/product_tag?post=209880"}],"curies":[{"name":"wp","href":"https:\/\/api.w.org\/{rel}","templated":true}]}}