{"id":209878,"date":"2017-10-25T16:28:43","date_gmt":"2017-10-25T16:28:43","guid":{"rendered":"https:\/\/www.delicias-uk.com\/product\/chourica-moira-prisca-saqueta-180g\/"},"modified":"2026-03-24T08:37:03","modified_gmt":"2026-03-24T08:37:03","slug":"chourica-moira-prisca-saqueta-180g","status":"publish","type":"product","link":"https:\/\/www.delicias-uk.com\/pt-pt\/produto\/chourica-moira-prisca-saqueta-180g\/","title":{"rendered":"Chouri\u00e7a Moira Prisca Saqueta 180g"},"content":{"rendered":"<p>A Casa da Prisca traz \u00e0 sua mesa uma carne cheia de sabor. A sele\u00e7\u00e3o das carnes utilizadas e o tempero tradicional com o vinho tinto, o alho, a cebola, o sangue e o louro envolvem-se numa alquimia perfeita. A Moira \u00e9 ideal para paladares apurados, para quem gosta de se surpreender com um sabor humilde e tradicional. Sirva-a cozida ou grelhada em lume brando, inteira ou \u00e0s fatias.<\/p>\n<p><strong>Ingredientes<\/strong>: Carne e gordura de porco, sangue de porco, cebola, prote\u00edna animal, vinho (sulfitos), sal, dextrose, especiarias, emulsionante (E451), antioxidantes (E260, E270, E301, E330, E331) e conservantes (E250).<\/p>\n<p><strong>Alerg\u00e9nios<\/strong>: cont\u00e9m <strong>SULFITOS<\/strong>.<\/p>\n<p><strong>Informa\u00e7\u00e3o nutricional por 100g<\/strong><\/p>\n<ul style=\"list-style-type:disc;\">\n<li>Valor energ\u00e9tico (Kj\/ Kcal) | 1482\/358<\/li>\n<li>L\u00edpidos (g) | 29,9<\/li>\n<li>Dos quais saturados (g) | 11,8<\/li>\n<li>Carboidratos (g) | 3<\/li>\n<li>Dos quais a\u00e7\u00facares (g) | 1<\/li>\n<li>Prote\u00ednas (g) | 19,1<\/li>\n<li>Sal (g) | 2,59<\/li>\n<\/ul>\n<p><strong>Pa\u00eds de origem<\/strong>: Portugal<\/p>\n","protected":false},"excerpt":{"rendered":"<ul style=\"list-style-type:disc;\">\n<li>Peso l\u00edquido 180g<\/li>\n<li>Fonte de prote\u00edna<\/li>\n<li>Feito com carnes selecionadas<\/li>\n<\/ul>\n","protected":false},"author":43533,"featured_media":81144,"comment_status":"open","ping_status":"closed","template":"","meta":[],"pwb-brand":[],"product_brand":[],"product_cat":[8289,8291,8337,8663],"product_tag":[],"class_list":{"0":"post-209878","1":"product","2":"type-product","3":"status-publish","4":"has-post-thumbnail","6":"product_cat-inicio","7":"product_cat-produtos-portugueses","8":"product_cat-charcutaria","9":"product_cat-chourico-e-salsicha","11":"first","12":"instock","13":"taxable","14":"shipping-taxable","15":"purchasable","16":"product-type-simple"},"aioseo_notices":[],"brands":[],"_links":{"self":[{"href":"https:\/\/www.delicias-uk.com\/pt-pt\/wp-json\/wp\/v2\/product\/209878","targetHints":{"allow":["GET"]}}],"collection":[{"href":"https:\/\/www.delicias-uk.com\/pt-pt\/wp-json\/wp\/v2\/product"}],"about":[{"href":"https:\/\/www.delicias-uk.com\/pt-pt\/wp-json\/wp\/v2\/types\/product"}],"author":[{"embeddable":true,"href":"https:\/\/www.delicias-uk.com\/pt-pt\/wp-json\/wp\/v2\/users\/43533"}],"replies":[{"embeddable":true,"href":"https:\/\/www.delicias-uk.com\/pt-pt\/wp-json\/wp\/v2\/comments?post=209878"}],"wp:featuredmedia":[{"embeddable":true,"href":"https:\/\/www.delicias-uk.com\/pt-pt\/wp-json\/wp\/v2\/media\/81144"}],"wp:attachment":[{"href":"https:\/\/www.delicias-uk.com\/pt-pt\/wp-json\/wp\/v2\/media?parent=209878"}],"wp:term":[{"taxonomy":"pwb-brand","embeddable":true,"href":"https:\/\/www.delicias-uk.com\/pt-pt\/wp-json\/wp\/v2\/pwb-brand?post=209878"},{"taxonomy":"product_brand","embeddable":true,"href":"https:\/\/www.delicias-uk.com\/pt-pt\/wp-json\/wp\/v2\/product_brand?post=209878"},{"taxonomy":"product_cat","embeddable":true,"href":"https:\/\/www.delicias-uk.com\/pt-pt\/wp-json\/wp\/v2\/product_cat?post=209878"},{"taxonomy":"product_tag","embeddable":true,"href":"https:\/\/www.delicias-uk.com\/pt-pt\/wp-json\/wp\/v2\/product_tag?post=209878"}],"curies":[{"name":"wp","href":"https:\/\/api.w.org\/{rel}","templated":true}]}}