{"id":209876,"date":"2017-10-25T16:28:43","date_gmt":"2017-10-25T15:28:43","guid":{"rendered":"https:\/\/www.delicias-uk.com\/product\/chourica-tradicional-prisca-saqueta-180g\/"},"modified":"2026-03-24T08:37:03","modified_gmt":"2026-03-24T08:37:03","slug":"chourica-tradicional-prisca-saqueta-180g","status":"publish","type":"product","link":"https:\/\/www.delicias-uk.com\/pt-pt\/produto\/chourica-tradicional-prisca-saqueta-180g\/","title":{"rendered":"Chouri\u00e7a Tradicional Prisca Saqueta 180g"},"content":{"rendered":"<p>A Casa da Prisca traz \u00e0 sua mesa uma Chouri\u00e7a Tradicional bem apaladada. Proveniente de uma criteriosa selec\u00e7\u00e3o das melhores pe\u00e7as de carne de porco o seu sabor \u00e9 potenciado pela excelente combina\u00e7\u00e3o e envolv\u00eancia da vinha-dalhos um saber bem guardado e com hist\u00f3ria. Apresentando-se por excel\u00eancia como um enchido para momentos de partilha e confraterniza\u00e7\u00e3o a chouri\u00e7a pode ser consumida crua, embora a sua confec\u00e7\u00e3o assada na brasa ou num assador de barro com a tradicional aguardente esteja fortemente presente no imagin\u00e1rio dos consumidores. Experimente tamb\u00e9m torrar junto com um fio de azeite bem quente ou coz\u00ea-la e acompanhar em diversos pratos de cozinha tradicional portuguesa.<\/p>\n<p><strong>Ingredientes:<\/strong> carne de porco, vinho, sal, \u00e1gua, especiarias, dextrose, emulsionante (E451), conservante (E250, E252), antioxidante (E301, E331).<\/p>\n<p><strong>Alergenicos:\u00a0<\/strong>cont\u00e9m <strong>SULFITOS<\/strong>.<\/p>\n<p><strong>Informa\u00e7\u00f5es nutricionais por 100g:<\/strong><\/p>\n<ul style=\"list-style-type:disc;\">\n<li>Valor energ\u00e9tico (Kj \/ Kcal): 1088\/261<\/li>\n<li>Lip\u00eddeos (g): 16,2 Dos quais saturados (g): 7,8<\/li>\n<li>Carboidratos (g): 8 Dos quais a\u00e7\u00facares (g): 0,5<\/li>\n<li>Fibras alimentares (g) : 0,81<\/li>\n<li>Prote\u00ednas (g): 20,7<\/li>\n<li>Sal (g): 2,6<\/li>\n<\/ul>\n<p><strong>Pa\u00eds de origem<\/strong>: Portugal<\/p>\n","protected":false},"excerpt":{"rendered":"<ul style=\"list-style-type:disc;\">\n<li>Peso l\u00edquido 180g<\/li>\n<li>Fonte de prote\u00edna<\/li>\n<li>Chouri\u00e7a tradicional<\/li>\n<\/ul>\n","protected":false},"author":43533,"featured_media":81136,"comment_status":"open","ping_status":"closed","template":"","meta":[],"pwb-brand":[],"product_brand":[],"product_cat":[8289,8291,8337,8663],"product_tag":[],"class_list":{"0":"post-209876","1":"product","2":"type-product","3":"status-publish","4":"has-post-thumbnail","6":"product_cat-inicio","7":"product_cat-produtos-portugueses","8":"product_cat-charcutaria","9":"product_cat-chourico-e-salsicha","11":"first","12":"instock","13":"taxable","14":"shipping-taxable","15":"purchasable","16":"product-type-simple"},"aioseo_notices":[],"brands":[],"_links":{"self":[{"href":"https:\/\/www.delicias-uk.com\/pt-pt\/wp-json\/wp\/v2\/product\/209876","targetHints":{"allow":["GET"]}}],"collection":[{"href":"https:\/\/www.delicias-uk.com\/pt-pt\/wp-json\/wp\/v2\/product"}],"about":[{"href":"https:\/\/www.delicias-uk.com\/pt-pt\/wp-json\/wp\/v2\/types\/product"}],"author":[{"embeddable":true,"href":"https:\/\/www.delicias-uk.com\/pt-pt\/wp-json\/wp\/v2\/users\/43533"}],"replies":[{"embeddable":true,"href":"https:\/\/www.delicias-uk.com\/pt-pt\/wp-json\/wp\/v2\/comments?post=209876"}],"wp:featuredmedia":[{"embeddable":true,"href":"https:\/\/www.delicias-uk.com\/pt-pt\/wp-json\/wp\/v2\/media\/81136"}],"wp:attachment":[{"href":"https:\/\/www.delicias-uk.com\/pt-pt\/wp-json\/wp\/v2\/media?parent=209876"}],"wp:term":[{"taxonomy":"pwb-brand","embeddable":true,"href":"https:\/\/www.delicias-uk.com\/pt-pt\/wp-json\/wp\/v2\/pwb-brand?post=209876"},{"taxonomy":"product_brand","embeddable":true,"href":"https:\/\/www.delicias-uk.com\/pt-pt\/wp-json\/wp\/v2\/product_brand?post=209876"},{"taxonomy":"product_cat","embeddable":true,"href":"https:\/\/www.delicias-uk.com\/pt-pt\/wp-json\/wp\/v2\/product_cat?post=209876"},{"taxonomy":"product_tag","embeddable":true,"href":"https:\/\/www.delicias-uk.com\/pt-pt\/wp-json\/wp\/v2\/product_tag?post=209876"}],"curies":[{"name":"wp","href":"https:\/\/api.w.org\/{rel}","templated":true}]}}