{"id":209866,"date":"2017-10-25T17:28:43","date_gmt":"2017-10-25T16:28:43","guid":{"rendered":"https:\/\/www.delicias-uk.com\/product\/alheira-de-caca-prisca-180g\/"},"modified":"2026-04-14T11:27:23","modified_gmt":"2026-04-14T10:27:23","slug":"alheira-de-caca-prisca-180g","status":"publish","type":"product","link":"https:\/\/www.delicias-uk.com\/pt-pt\/produto\/alheira-de-caca-prisca-180g\/","title":{"rendered":"Alheira de Ca\u00e7a Prisca 180g"},"content":{"rendered":"<p>A Casa da Prisca melhorou o sabor das suas Alheiras com o saber-fazer transmitido ao longo de v\u00e1rias gera\u00e7\u00f5es. Oferecemos-lhe um leque de paladares \u00fanicos, com um forte sabor a Portugal, \u00e0 sua hist\u00f3ria e \u00e0s suas gentes. Delicie-se com a Alheira de Ca\u00e7a e usufrua dos benef\u00edcios do menor teor de gordura do javali e do veado, bem como da maior riqueza destes em prote\u00ednas.<\/p>\n<p><strong>Ingredientes<\/strong>: Carne (porco, ca\u00e7a (carne de javali (50%), veado (50%))(16)%), carne de frango), p\u00e3o de TRIGO (farinha de TRIGO tipo 55, \u00e1gua, sal, levedura, conservante E281), carne de porco gorda, aparas de barriga fumada (barriga de porco (96%), sal, dextrose, antioxidante (E301, E331, E325), emulsionante E451), hemoglobina de porco, conservante (E250)), caldo de carne , \u00f3leo, antioxidante (E306), sal, especiarias, alho, cebola, conservante (E262). Inv\u00f3lucro natural comest\u00edvel.<\/p>\n<p><strong>Alerg\u00e9nios<\/strong>: cont\u00e9m <strong>TRIGO<\/strong>.<\/p>\n<p><strong>Informa\u00e7\u00e3o nutricional por 100g<\/strong><\/p>\n<ul>\n<li>Valor Energ\u00e9tico (Kj\/ Kcal) | 984\/236<\/li>\n<li>L\u00edpidos (g) 15,5 Dos quais saturados (g) 5,8<\/li>\n<li>Hidratos de carbono (g) 12,8 Dos quais a\u00e7\u00facares (g) 2,2<\/li>\n<li>Prote\u00ednas (g) 10<\/li>\n<li>Sal (g) 1,53<\/li>\n<\/ul>\n<p><strong>Pa\u00eds de origem:<\/strong> Portugal<\/p>\n","protected":false},"excerpt":{"rendered":"<ul style=\"list-style-type:disc;\">\n<li>Peso l\u00edquido 180g<\/li>\n<li>Sem lactose<\/li>\n<li>Fonte de prote\u00edna<\/li>\n<\/ul>\n","protected":false},"author":43533,"featured_media":252267,"comment_status":"open","ping_status":"closed","template":"","meta":[],"pwb-brand":[],"product_brand":[],"product_cat":[8289,8291,8337,8659,8539],"product_tag":[],"class_list":{"0":"post-209866","1":"product","2":"type-product","3":"status-publish","4":"has-post-thumbnail","6":"product_cat-inicio","7":"product_cat-produtos-portugueses","8":"product_cat-charcutaria","9":"product_cat-alheira-farinheira-morcela","10":"product_cat-sem-lactose","12":"first","13":"instock","14":"taxable","15":"shipping-taxable","16":"purchasable","17":"product-type-simple"},"aioseo_notices":[],"brands":[],"_links":{"self":[{"href":"https:\/\/www.delicias-uk.com\/pt-pt\/wp-json\/wp\/v2\/product\/209866","targetHints":{"allow":["GET"]}}],"collection":[{"href":"https:\/\/www.delicias-uk.com\/pt-pt\/wp-json\/wp\/v2\/product"}],"about":[{"href":"https:\/\/www.delicias-uk.com\/pt-pt\/wp-json\/wp\/v2\/types\/product"}],"author":[{"embeddable":true,"href":"https:\/\/www.delicias-uk.com\/pt-pt\/wp-json\/wp\/v2\/users\/43533"}],"replies":[{"embeddable":true,"href":"https:\/\/www.delicias-uk.com\/pt-pt\/wp-json\/wp\/v2\/comments?post=209866"}],"wp:featuredmedia":[{"embeddable":true,"href":"https:\/\/www.delicias-uk.com\/pt-pt\/wp-json\/wp\/v2\/media\/252267"}],"wp:attachment":[{"href":"https:\/\/www.delicias-uk.com\/pt-pt\/wp-json\/wp\/v2\/media?parent=209866"}],"wp:term":[{"taxonomy":"pwb-brand","embeddable":true,"href":"https:\/\/www.delicias-uk.com\/pt-pt\/wp-json\/wp\/v2\/pwb-brand?post=209866"},{"taxonomy":"product_brand","embeddable":true,"href":"https:\/\/www.delicias-uk.com\/pt-pt\/wp-json\/wp\/v2\/product_brand?post=209866"},{"taxonomy":"product_cat","embeddable":true,"href":"https:\/\/www.delicias-uk.com\/pt-pt\/wp-json\/wp\/v2\/product_cat?post=209866"},{"taxonomy":"product_tag","embeddable":true,"href":"https:\/\/www.delicias-uk.com\/pt-pt\/wp-json\/wp\/v2\/product_tag?post=209866"}],"curies":[{"name":"wp","href":"https:\/\/api.w.org\/{rel}","templated":true}]}}