{"id":209864,"date":"2017-10-25T16:28:43","date_gmt":"2017-10-25T15:28:43","guid":{"rendered":"https:\/\/www.delicias-uk.com\/product\/alheira-mirandela-certificada-topiteu-200g\/"},"modified":"2026-04-19T11:02:20","modified_gmt":"2026-04-19T10:02:20","slug":"alheira-mirandela-certificada-topiteu-200g","status":"publish","type":"product","link":"https:\/\/www.delicias-uk.com\/pt-pt\/produto\/alheira-mirandela-certificada-topiteu-200g\/","title":{"rendered":"Alheira Mirandela Certificada Topiteu 200g"},"content":{"rendered":"<p>A alheira \u00e9 um tipo de enchido portugu\u00eas, feito com carne e p\u00e3o. Embora a alheira derive do alho e j\u00e1 tenha sido utilizada para descrever qualquer enchido temperado com ele, nem todas as alheiras actuais cont\u00eam alho, embora ainda seja um ingrediente comum. Para harmonizar com a Alheira de Mirandela, a melhor op\u00e7\u00e3o s\u00e3o os vinhos tintos, que apresentam uma boa acidez, para suavizar a gordura do prato e real\u00e7ar o alho e as especiarias.<\/p>\n<p><strong>Ingredientes<\/strong>: Carne de frango (46%), p\u00e3o de trigo (farinha de TRIGO, \u00e1gua, sal, fermento) (24%), porco B\u00edsaro (13%), calda para cozer carne (7%), Tr\u00e1s-os-Montes DOP (5% ), sal (2%), banha (1%), especiarias (1%).<\/p>\n<p><strong>Alerg\u00e9nios<\/strong>: cont\u00e9m <strong>TRIGO<\/strong>.<\/p>\n<p><strong>Informa\u00e7\u00e3o nutricional por 100g:<\/strong><\/p>\n<ul style=\"list-style-type:disc\">\n<li>Energia 222 Kcal\/928Kj<\/li>\n<li>L\u00edpidos 12g<\/li>\n<li>dos quais saturados 3,2g<\/li>\n<li>Hidratos de carbono 13g<\/li>\n<li>dos quais a\u00e7\u00facares 0,5g<\/li>\n<li>Prote\u00ednas 14g<\/li>\n<li>Sal 1,5g<\/li>\n<\/ul>\n<p><strong>Pa\u00eds de origem<\/strong>: Portugal<\/p>\n","protected":false},"excerpt":{"rendered":"<ul style=\"list-style-type:disc\">\n<li>Peso l\u00edquido 200g<\/li>\n<li>Ingrediente muito traditional nos pratos Portugueses<\/li>\n<li>Fonte de prote\u00edna<\/li>\n<\/ul>\n","protected":false},"author":43533,"featured_media":81101,"comment_status":"open","ping_status":"closed","template":"","meta":[],"pwb-brand":[],"product_brand":[],"product_cat":[8289,8291,8317,8337,8659,8539],"product_tag":[],"class_list":{"0":"post-209864","1":"product","2":"type-product","3":"status-publish","4":"has-post-thumbnail","6":"product_cat-inicio","7":"product_cat-produtos-portugueses","8":"product_cat-especiais-do-mes","9":"product_cat-charcutaria","10":"product_cat-alheira-farinheira-morcela","11":"product_cat-sem-lactose","13":"first","14":"instock","15":"featured","16":"taxable","17":"shipping-taxable","18":"purchasable","19":"product-type-simple"},"aioseo_notices":[],"brands":[],"_links":{"self":[{"href":"https:\/\/www.delicias-uk.com\/pt-pt\/wp-json\/wp\/v2\/product\/209864","targetHints":{"allow":["GET"]}}],"collection":[{"href":"https:\/\/www.delicias-uk.com\/pt-pt\/wp-json\/wp\/v2\/product"}],"about":[{"href":"https:\/\/www.delicias-uk.com\/pt-pt\/wp-json\/wp\/v2\/types\/product"}],"author":[{"embeddable":true,"href":"https:\/\/www.delicias-uk.com\/pt-pt\/wp-json\/wp\/v2\/users\/43533"}],"replies":[{"embeddable":true,"href":"https:\/\/www.delicias-uk.com\/pt-pt\/wp-json\/wp\/v2\/comments?post=209864"}],"wp:featuredmedia":[{"embeddable":true,"href":"https:\/\/www.delicias-uk.com\/pt-pt\/wp-json\/wp\/v2\/media\/81101"}],"wp:attachment":[{"href":"https:\/\/www.delicias-uk.com\/pt-pt\/wp-json\/wp\/v2\/media?parent=209864"}],"wp:term":[{"taxonomy":"pwb-brand","embeddable":true,"href":"https:\/\/www.delicias-uk.com\/pt-pt\/wp-json\/wp\/v2\/pwb-brand?post=209864"},{"taxonomy":"product_brand","embeddable":true,"href":"https:\/\/www.delicias-uk.com\/pt-pt\/wp-json\/wp\/v2\/product_brand?post=209864"},{"taxonomy":"product_cat","embeddable":true,"href":"https:\/\/www.delicias-uk.com\/pt-pt\/wp-json\/wp\/v2\/product_cat?post=209864"},{"taxonomy":"product_tag","embeddable":true,"href":"https:\/\/www.delicias-uk.com\/pt-pt\/wp-json\/wp\/v2\/product_tag?post=209864"}],"curies":[{"name":"wp","href":"https:\/\/api.w.org\/{rel}","templated":true}]}}