{"id":209862,"date":"2017-10-25T17:28:43","date_gmt":"2017-10-25T16:28:43","guid":{"rendered":"https:\/\/www.delicias-uk.com\/product\/alheira-de-vinhais-bisaro-200g\/"},"modified":"2026-04-13T14:47:32","modified_gmt":"2026-04-13T13:47:32","slug":"alheira-de-vinhais-bisaro-200g","status":"publish","type":"product","link":"https:\/\/www.delicias-uk.com\/pt-pt\/produto\/alheira-de-vinhais-bisaro-200g\/","title":{"rendered":"Alheira de Vinhais B\u00edsaro 200g"},"content":{"rendered":"<p>Alheira de Porco B\u00edsaro aromatizada com azeite Tr\u00e1s-os-Montes DOP, sal, louro, alho e malagueta. Consumir assado no fogo ou no forno.<\/p>\n<p><strong>Ingredientes<\/strong>: Carne de porco B\u00edsaro (50%), frango em calda, p\u00e3o de trigo regional (farinha tipo 65, \u00e1gua, fermento e sal), azeite transmontano DOP, colorau, alho e sal.<\/p>\n<p><strong>Alerg\u00e9nios<\/strong>: cont\u00e9m <strong>GL\u00daTEN<\/strong>.<\/p>\n<p><strong>Informa\u00e7\u00e3o nutricional por 100g:<\/strong><\/p>\n<ul style=\"list-style-type:disc\">\n<li>Energia 954 Kj \/ 228 Kcal<\/li>\n<li>Gorduras 26,92g<\/li>\n<li>dos quais saturados 9,14g<\/li>\n<li>Hidratos de carbono 18g<\/li>\n<li>dos quais a\u00e7\u00facares 0,7g<\/li>\n<li>Prote\u00ednas 9,89g<\/li>\n<li>Sal 1,45g<\/li>\n<\/ul>\n<p><strong>Pa\u00eds de origem<\/strong>: Portugal.<\/p>\n","protected":false},"excerpt":{"rendered":"<ul style=\"list-style-type:disc\">\n<li>Peso l\u00edquido 200g<\/li>\n<li>Fonte de prote\u00edna<\/li>\n<li>Temperado com especiarias<\/li>\n<\/ul>\n","protected":false},"author":43533,"featured_media":81094,"comment_status":"open","ping_status":"closed","template":"","meta":[],"pwb-brand":[],"product_brand":[],"product_cat":[8289,8291,8337,8659,8539],"product_tag":[],"class_list":{"0":"post-209862","1":"product","2":"type-product","3":"status-publish","4":"has-post-thumbnail","6":"product_cat-inicio","7":"product_cat-produtos-portugueses","8":"product_cat-charcutaria","9":"product_cat-alheira-farinheira-morcela","10":"product_cat-sem-lactose","12":"first","13":"instock","14":"taxable","15":"shipping-taxable","16":"purchasable","17":"product-type-simple"},"aioseo_notices":[],"brands":[],"_links":{"self":[{"href":"https:\/\/www.delicias-uk.com\/pt-pt\/wp-json\/wp\/v2\/product\/209862","targetHints":{"allow":["GET"]}}],"collection":[{"href":"https:\/\/www.delicias-uk.com\/pt-pt\/wp-json\/wp\/v2\/product"}],"about":[{"href":"https:\/\/www.delicias-uk.com\/pt-pt\/wp-json\/wp\/v2\/types\/product"}],"author":[{"embeddable":true,"href":"https:\/\/www.delicias-uk.com\/pt-pt\/wp-json\/wp\/v2\/users\/43533"}],"replies":[{"embeddable":true,"href":"https:\/\/www.delicias-uk.com\/pt-pt\/wp-json\/wp\/v2\/comments?post=209862"}],"wp:featuredmedia":[{"embeddable":true,"href":"https:\/\/www.delicias-uk.com\/pt-pt\/wp-json\/wp\/v2\/media\/81094"}],"wp:attachment":[{"href":"https:\/\/www.delicias-uk.com\/pt-pt\/wp-json\/wp\/v2\/media?parent=209862"}],"wp:term":[{"taxonomy":"pwb-brand","embeddable":true,"href":"https:\/\/www.delicias-uk.com\/pt-pt\/wp-json\/wp\/v2\/pwb-brand?post=209862"},{"taxonomy":"product_brand","embeddable":true,"href":"https:\/\/www.delicias-uk.com\/pt-pt\/wp-json\/wp\/v2\/product_brand?post=209862"},{"taxonomy":"product_cat","embeddable":true,"href":"https:\/\/www.delicias-uk.com\/pt-pt\/wp-json\/wp\/v2\/product_cat?post=209862"},{"taxonomy":"product_tag","embeddable":true,"href":"https:\/\/www.delicias-uk.com\/pt-pt\/wp-json\/wp\/v2\/product_tag?post=209862"}],"curies":[{"name":"wp","href":"https:\/\/api.w.org\/{rel}","templated":true}]}}