{"id":209844,"date":"2017-10-25T15:27:08","date_gmt":"2017-10-25T15:27:08","guid":{"rendered":"https:\/\/www.delicias-uk.com\/product\/tang-em-po-sabor-tangerina-sache-18g\/"},"modified":"2026-04-20T22:12:04","modified_gmt":"2026-04-20T21:12:04","slug":"tang-em-po-sabor-tangerina-sache-18g","status":"publish","type":"product","link":"https:\/\/www.delicias-uk.com\/pt-pt\/produto\/tang-em-po-sabor-tangerina-sache-18g\/","title":{"rendered":"Tang em P\u00f3 Sabor Tangerina Sach\u00ea 18g"},"content":{"rendered":"<p class=\"MsoNormal\"><span lang=\"pt\" xml:lang=\"pt\">Misture o conte\u00fado deste envelope com1 litro de agua filtrada fr\u00eda ou gelada. N\u00e3o \u00e9 necess\u00e1rio acrescentar a\u00e7\u00facar. TANG j\u00e1 vem ado\u00e7ado.<\/span><\/p>\n<p class=\"MsoNormal\"><b><span lang=\"pt\" style=\"color:#000000;\" xml:lang=\"pt\">Ingredientes: <\/span><\/b><b><\/b><b><\/b><em><span lang=\"pt\" style=\"color:#000000;\" xml:lang=\"pt\">A\u00e7\u00facar, maltodextrina, suco de morango desidratado, vitamina C, sulfato de zinco, vitamina D, acidulante \u00e1cido c\u00edtrico, regulador de acidez citrato de s\u00f3dio, espessantes: goma guar e goma xantana, antiumectantes: fosfato tric\u00e1lcico e di\u00f3xido de sil\u00edcio, edulcorantes: aspartame (25 mg\/100 mL), ciclamato de s\u00f3dio (16 mg\/100 mL), acesulfame de pot\u00e1ssio (3,0mg\/100 mL) e sacarina s\u00f3dica (1,4 mg\/100 mL), aromatizante, corantes: di\u00f3xido de tit\u00e2nio, caramelo IV e vermelho 40 e espumante extrato de quil\u00e1ia.<\/span><\/em><\/p>\n<p class=\"MsoNormal\"><strong><span lang=\"pt\" style=\"color:#000000;\" xml:lang=\"pt\">AL\u00c9RGICOS: PODE CONTER LEITE. N\u00c3O CONT\u00c9M GL\u00daTEN. <\/span><span lang=\"pt\" style=\"color:#000000;\" xml:lang=\"pt\">FENILCETON\u00daRICOS: CONT\u00c9M FENILALANINA.<\/span><\/strong><\/p><\/p>\n","protected":false},"excerpt":{"rendered":"<ul style=\"list-style-type:disc;\">\n<li>Peso l\u00edquido 18g<\/li>\n<li>Para preparar com \u00e1gua ou leite<\/li>\n<li>Produto Brasileiro<\/li>\n<\/ul>\n","protected":false},"author":43533,"featured_media":81060,"comment_status":"open","ping_status":"closed","template":"","meta":[],"pwb-brand":[],"product_brand":[],"product_cat":[8289,8293,8601,8499,8347],"product_tag":[],"class_list":{"0":"post-209844","1":"product","2":"type-product","3":"status-publish","4":"has-post-thumbnail","6":"product_cat-inicio","7":"product_cat-produtos-brasileiros","8":"product_cat-suco-em-po","9":"product_cat-sem-glutem","10":"product_cat-vegetariano","12":"first","13":"instock","14":"taxable","15":"shipping-taxable","16":"purchasable","17":"product-type-simple"},"aioseo_notices":[],"brands":[],"_links":{"self":[{"href":"https:\/\/www.delicias-uk.com\/pt-pt\/wp-json\/wp\/v2\/product\/209844","targetHints":{"allow":["GET"]}}],"collection":[{"href":"https:\/\/www.delicias-uk.com\/pt-pt\/wp-json\/wp\/v2\/product"}],"about":[{"href":"https:\/\/www.delicias-uk.com\/pt-pt\/wp-json\/wp\/v2\/types\/product"}],"author":[{"embeddable":true,"href":"https:\/\/www.delicias-uk.com\/pt-pt\/wp-json\/wp\/v2\/users\/43533"}],"replies":[{"embeddable":true,"href":"https:\/\/www.delicias-uk.com\/pt-pt\/wp-json\/wp\/v2\/comments?post=209844"}],"wp:featuredmedia":[{"embeddable":true,"href":"https:\/\/www.delicias-uk.com\/pt-pt\/wp-json\/wp\/v2\/media\/81060"}],"wp:attachment":[{"href":"https:\/\/www.delicias-uk.com\/pt-pt\/wp-json\/wp\/v2\/media?parent=209844"}],"wp:term":[{"taxonomy":"pwb-brand","embeddable":true,"href":"https:\/\/www.delicias-uk.com\/pt-pt\/wp-json\/wp\/v2\/pwb-brand?post=209844"},{"taxonomy":"product_brand","embeddable":true,"href":"https:\/\/www.delicias-uk.com\/pt-pt\/wp-json\/wp\/v2\/product_brand?post=209844"},{"taxonomy":"product_cat","embeddable":true,"href":"https:\/\/www.delicias-uk.com\/pt-pt\/wp-json\/wp\/v2\/product_cat?post=209844"},{"taxonomy":"product_tag","embeddable":true,"href":"https:\/\/www.delicias-uk.com\/pt-pt\/wp-json\/wp\/v2\/product_tag?post=209844"}],"curies":[{"name":"wp","href":"https:\/\/api.w.org\/{rel}","templated":true}]}}