{"id":209794,"date":"2017-10-25T15:27:08","date_gmt":"2017-10-25T14:27:08","guid":{"rendered":"https:\/\/www.delicias-uk.com\/product\/firze-limao-250ml-x-4\/"},"modified":"2026-03-23T13:59:39","modified_gmt":"2026-03-23T13:59:39","slug":"firze-limao-250ml-x-4","status":"publish","type":"product","link":"https:\/\/www.delicias-uk.com\/pt-pt\/produto\/firze-limao-250ml-x-4\/","title":{"rendered":"Frize Lim\u00e3o 250ml x 4"},"content":{"rendered":"<p>O sabor \u00fanico e refrescante do lim\u00e3o veio inaugurar o territ\u00f3rio de prazer nas \u00e1guas com g\u00e1s. Feita \u00e0 base de \u00e1gua mineral natural, \u00e9 o equil\u00edbrio perfeito de do\u00e7ura, n\u00edvel de g\u00e1s (100% natural) e frescura numa bebida de baixo valor cal\u00f3rico.<\/p>\n","protected":false},"excerpt":{"rendered":"<p>O sabor \u00fanico e refrescante do lim\u00e3o veio inaugurar o territ\u00f3rio de prazer nas \u00e1guas com g\u00e1s. Feita \u00e0 base de \u00e1gua mineral natural, \u00e9 o equil\u00edbrio perfeito de do\u00e7ura, n\u00edvel de g\u00e1s (100% natural) e frescura numa bebida de baixo valor cal\u00f3rico.<\/p>\n","protected":false},"author":43533,"featured_media":80959,"comment_status":"open","ping_status":"closed","template":"","meta":[],"pwb-brand":[],"product_brand":[],"product_cat":[8289,8291,8423,8587],"product_tag":[],"class_list":{"0":"post-209794","1":"product","2":"type-product","3":"status-publish","4":"has-post-thumbnail","6":"product_cat-inicio","7":"product_cat-produtos-portugueses","8":"product_cat-bebidas-pt-pt","9":"product_cat-agua","11":"first","12":"outofstock","13":"taxable","14":"shipping-taxable","15":"purchasable","16":"product-type-simple"},"aioseo_notices":[],"brands":[],"_links":{"self":[{"href":"https:\/\/www.delicias-uk.com\/pt-pt\/wp-json\/wp\/v2\/product\/209794","targetHints":{"allow":["GET"]}}],"collection":[{"href":"https:\/\/www.delicias-uk.com\/pt-pt\/wp-json\/wp\/v2\/product"}],"about":[{"href":"https:\/\/www.delicias-uk.com\/pt-pt\/wp-json\/wp\/v2\/types\/product"}],"author":[{"embeddable":true,"href":"https:\/\/www.delicias-uk.com\/pt-pt\/wp-json\/wp\/v2\/users\/43533"}],"replies":[{"embeddable":true,"href":"https:\/\/www.delicias-uk.com\/pt-pt\/wp-json\/wp\/v2\/comments?post=209794"}],"wp:featuredmedia":[{"embeddable":true,"href":"https:\/\/www.delicias-uk.com\/pt-pt\/wp-json\/wp\/v2\/media\/80959"}],"wp:attachment":[{"href":"https:\/\/www.delicias-uk.com\/pt-pt\/wp-json\/wp\/v2\/media?parent=209794"}],"wp:term":[{"taxonomy":"pwb-brand","embeddable":true,"href":"https:\/\/www.delicias-uk.com\/pt-pt\/wp-json\/wp\/v2\/pwb-brand?post=209794"},{"taxonomy":"product_brand","embeddable":true,"href":"https:\/\/www.delicias-uk.com\/pt-pt\/wp-json\/wp\/v2\/product_brand?post=209794"},{"taxonomy":"product_cat","embeddable":true,"href":"https:\/\/www.delicias-uk.com\/pt-pt\/wp-json\/wp\/v2\/product_cat?post=209794"},{"taxonomy":"product_tag","embeddable":true,"href":"https:\/\/www.delicias-uk.com\/pt-pt\/wp-json\/wp\/v2\/product_tag?post=209794"}],"curies":[{"name":"wp","href":"https:\/\/api.w.org\/{rel}","templated":true}]}}