{"id":209792,"date":"2017-10-25T15:27:08","date_gmt":"2017-10-25T14:27:08","guid":{"rendered":"https:\/\/www.delicias-uk.com\/product\/frize-lima-pepino-gengibre-250ml-x-4\/"},"modified":"2025-09-09T11:44:10","modified_gmt":"2025-09-09T10:44:10","slug":"frize-lima-pepino-gengibre-250ml-x-4","status":"publish","type":"product","link":"https:\/\/www.delicias-uk.com\/pt-pt\/produto\/frize-lima-pepino-gengibre-250ml-x-4\/","title":{"rendered":"Frize Lima, Pepino &#038; Gengibre 250ml x 4"},"content":{"rendered":"<p class=\"MsoNormal\"><span lang=\"pt-br\" style=\"color:#000000;background:#FAFBFC;\" xml:lang=\"pt-br\">A\u00a0<\/span><span style=\"font-size:12pt;font-family:Calibri;color:#000000;\">combina\u00e7\u00e3o surpreendente dos sabores lima, pepino e gengibre d\u00e1 a esta bebida um sabor mais adulto e sofisticado, sem perder a simplicidade de uma bebida \u00e0 base de \u00e1gua mineral.<\/span><\/p>\n","protected":false},"excerpt":{"rendered":"<p>A\u00a0combina\u00e7\u00e3o surpreendente dos sabores lima, pepino e gengibre d\u00e1 a esta bebida um sabor mais adulto e sofisticado, sem perder a simplicidade de uma bebida \u00e0 base de \u00e1gua mineral.<\/p>\n","protected":false},"author":43533,"featured_media":80953,"comment_status":"open","ping_status":"closed","template":"","meta":[],"pwb-brand":[],"product_brand":[],"product_cat":[8289,8291,8423,8587],"product_tag":[],"class_list":{"0":"post-209792","1":"product","2":"type-product","3":"status-publish","4":"has-post-thumbnail","6":"product_cat-inicio","7":"product_cat-produtos-portugueses","8":"product_cat-bebidas-pt-pt","9":"product_cat-agua","11":"first","12":"instock","13":"taxable","14":"shipping-taxable","15":"purchasable","16":"product-type-simple"},"aioseo_notices":[],"brands":[],"_links":{"self":[{"href":"https:\/\/www.delicias-uk.com\/pt-pt\/wp-json\/wp\/v2\/product\/209792","targetHints":{"allow":["GET"]}}],"collection":[{"href":"https:\/\/www.delicias-uk.com\/pt-pt\/wp-json\/wp\/v2\/product"}],"about":[{"href":"https:\/\/www.delicias-uk.com\/pt-pt\/wp-json\/wp\/v2\/types\/product"}],"author":[{"embeddable":true,"href":"https:\/\/www.delicias-uk.com\/pt-pt\/wp-json\/wp\/v2\/users\/43533"}],"replies":[{"embeddable":true,"href":"https:\/\/www.delicias-uk.com\/pt-pt\/wp-json\/wp\/v2\/comments?post=209792"}],"wp:featuredmedia":[{"embeddable":true,"href":"https:\/\/www.delicias-uk.com\/pt-pt\/wp-json\/wp\/v2\/media\/80953"}],"wp:attachment":[{"href":"https:\/\/www.delicias-uk.com\/pt-pt\/wp-json\/wp\/v2\/media?parent=209792"}],"wp:term":[{"taxonomy":"pwb-brand","embeddable":true,"href":"https:\/\/www.delicias-uk.com\/pt-pt\/wp-json\/wp\/v2\/pwb-brand?post=209792"},{"taxonomy":"product_brand","embeddable":true,"href":"https:\/\/www.delicias-uk.com\/pt-pt\/wp-json\/wp\/v2\/product_brand?post=209792"},{"taxonomy":"product_cat","embeddable":true,"href":"https:\/\/www.delicias-uk.com\/pt-pt\/wp-json\/wp\/v2\/product_cat?post=209792"},{"taxonomy":"product_tag","embeddable":true,"href":"https:\/\/www.delicias-uk.com\/pt-pt\/wp-json\/wp\/v2\/product_tag?post=209792"}],"curies":[{"name":"wp","href":"https:\/\/api.w.org\/{rel}","templated":true}]}}