{"id":209788,"date":"2017-10-25T15:27:08","date_gmt":"2017-10-25T14:27:08","guid":{"rendered":"https:\/\/www.delicias-uk.com\/product\/fanta-uva-em-lata-350ml-x-6-2\/"},"modified":"2026-05-05T17:58:33","modified_gmt":"2026-05-05T16:58:33","slug":"fanta-uva-em-lata-350ml-x-6-2","status":"publish","type":"product","link":"https:\/\/www.delicias-uk.com\/pt-pt\/produto\/fanta-uva-em-lata-350ml-x-6-2\/","title":{"rendered":"Fanta Uva Lata 350ml x 6"},"content":{"rendered":"<p style=\"margin-top:0pt;margin-bottom:0pt;margin-left:0in;text-align:left;\"><span style=\"font-family:Calibri;\"><span style=\"font-size:16px;\">Refrigerante sabor uva.<\/span><\/span><\/p>\n<p style=\"margin-top:0pt;margin-bottom:0pt;margin-left:0in;text-align:left;\"><span style=\"font-family:Calibri;\"><span style=\"font-size:16px;\">Brilhante, gaseificado e instantaneamente refrescante, Fanta \u00e9 feita com sabores 100% naturais e sem cafeina.<\/span><\/span><\/p>\n<p style=\"margin-top:0pt;margin-bottom:0pt;margin-left:0in;text-align:left;\"><span style=\"font-family:Calibri;\"><span style=\"font-size:16px;\"><\/span><\/span><\/p>\n<p style=\"margin-top:0pt;margin-bottom:0pt;margin-left:0in;text-align:left;\"><span style=\"font-family:Calibri;\"><span style=\"font-size:16px;\"><strong>Sabor:<\/strong> Fanta Uva \u00e9 um suco de uva espumante, refrescante e energizante.\u00a0<\/span><\/span><\/p>\n<p style=\"margin-top:0pt;margin-bottom:0pt;margin-left:0in;text-align:left;\"><span style=\"font-family:Calibri;\"><span style=\"font-size:16px;\"><strong>Nutri\u00e7\u00e3o:<\/strong> Uma por\u00e7\u00e3o de 100 ml de Fanta Uva cont\u00e9m 54 calorias, 0 gramas de gordura, 13,5 gramas de carboidratos e 0 gramas de prote\u00edna. Uma por\u00e7\u00e3o de 200 ml cont\u00e9m 40 calorias, 0 gramas de gordura, 10 gramas de carboidratos e 0 gramas de prote\u00edna.\u00a0<\/span><\/span><\/p>\n<p style=\"margin-top:0pt;margin-bottom:0pt;margin-left:0in;text-align:left;\"><span style=\"font-family:Calibri;\"><span style=\"font-size:16px;\"><strong>Ingredientes:<\/strong> Fanta \u00e9 feita com \u00e1gua gaseificada, a\u00e7\u00facar, \u00e1cido c\u00edtrico, sabores naturais, sorbato de pot\u00e1ssio, vitamina C, amarelo p\u00f4r do sol e c\u00e1lcio diss\u00f3dico (EDTA)<\/span><\/span><\/p><\/p>\n","protected":false},"excerpt":{"rendered":"<ul>\n<li>Refrigerante de Uva<\/li>\n<li>Sabores 100% Naturais<\/li>\n<li>Sem cafe\u00edna<\/li>\n<\/ul>\n","protected":false},"author":43533,"featured_media":191637,"comment_status":"open","ping_status":"closed","template":"","meta":[],"pwb-brand":[],"product_brand":[],"product_cat":[8289,8293,8415,8621,8499,8347],"product_tag":[],"class_list":{"0":"post-209788","1":"product","2":"type-product","3":"status-publish","4":"has-post-thumbnail","6":"product_cat-inicio","7":"product_cat-produtos-brasileiros","8":"product_cat-bebidas","9":"product_cat-refrigerantes-pt-pt","10":"product_cat-sem-glutem","11":"product_cat-vegetariano","13":"first","14":"outofstock","15":"taxable","16":"shipping-taxable","17":"purchasable","18":"product-type-simple"},"aioseo_notices":[],"brands":[],"_links":{"self":[{"href":"https:\/\/www.delicias-uk.com\/pt-pt\/wp-json\/wp\/v2\/product\/209788","targetHints":{"allow":["GET"]}}],"collection":[{"href":"https:\/\/www.delicias-uk.com\/pt-pt\/wp-json\/wp\/v2\/product"}],"about":[{"href":"https:\/\/www.delicias-uk.com\/pt-pt\/wp-json\/wp\/v2\/types\/product"}],"author":[{"embeddable":true,"href":"https:\/\/www.delicias-uk.com\/pt-pt\/wp-json\/wp\/v2\/users\/43533"}],"replies":[{"embeddable":true,"href":"https:\/\/www.delicias-uk.com\/pt-pt\/wp-json\/wp\/v2\/comments?post=209788"}],"wp:featuredmedia":[{"embeddable":true,"href":"https:\/\/www.delicias-uk.com\/pt-pt\/wp-json\/wp\/v2\/media\/191637"}],"wp:attachment":[{"href":"https:\/\/www.delicias-uk.com\/pt-pt\/wp-json\/wp\/v2\/media?parent=209788"}],"wp:term":[{"taxonomy":"pwb-brand","embeddable":true,"href":"https:\/\/www.delicias-uk.com\/pt-pt\/wp-json\/wp\/v2\/pwb-brand?post=209788"},{"taxonomy":"product_brand","embeddable":true,"href":"https:\/\/www.delicias-uk.com\/pt-pt\/wp-json\/wp\/v2\/product_brand?post=209788"},{"taxonomy":"product_cat","embeddable":true,"href":"https:\/\/www.delicias-uk.com\/pt-pt\/wp-json\/wp\/v2\/product_cat?post=209788"},{"taxonomy":"product_tag","embeddable":true,"href":"https:\/\/www.delicias-uk.com\/pt-pt\/wp-json\/wp\/v2\/product_tag?post=209788"}],"curies":[{"name":"wp","href":"https:\/\/api.w.org\/{rel}","templated":true}]}}