{"id":209732,"date":"2017-10-25T11:49:07","date_gmt":"2017-10-25T10:49:07","guid":{"rendered":"https:\/\/www.delicias-uk.com\/product\/azeite-gallo-classico-extra-virgem-75cl\/"},"modified":"2026-04-14T09:18:07","modified_gmt":"2026-04-14T08:18:07","slug":"azeite-gallo-classico-extra-virgem-75cl","status":"publish","type":"product","link":"https:\/\/www.delicias-uk.com\/pt-pt\/produto\/azeite-gallo-classico-extra-virgem-75cl\/","title":{"rendered":"Azeite Gallo Cl\u00e1ssico Extra Virgem 750ml"},"content":{"rendered":"<p>Este \u00e9 o azeite original nascido da procura de harmonia e confian\u00e7a para a confe\u00e7\u00e3o dos mais variados pratos. Intensidade media e equilibrio de aromas frutados, amargos, doce e picante. Um cl\u00e1ssico nas casas portuguesas para a prepara\u00e7\u00e3o de sopas, peixes escalfados, fritos ou cozidos e os tradicionais bifes, onde o molho \u00e9 importante.<\/p>\n","protected":false},"excerpt":{"rendered":"<p>Este \u00e9 o azeite original nascido da procura de harmonia e confian\u00e7a para a confe\u00e7\u00e3o dos mais variados pratos. Intensidade media e equilibrio de aromas frutados, amargos, doce e picante. Um cl\u00e1ssico nas casas portuguesas para a prepara\u00e7\u00e3o de sopas, peixes escalfados, fritos ou cozidos e os tradicionais bifes, onde o molho \u00e9 importante.<\/p>\n","protected":false},"author":43533,"featured_media":191576,"comment_status":"open","ping_status":"closed","template":"","meta":[],"pwb-brand":[],"product_brand":[],"product_cat":[8289,8291,8403,8451],"product_tag":[],"class_list":{"0":"post-209732","1":"product","2":"type-product","3":"status-publish","4":"has-post-thumbnail","6":"product_cat-inicio","7":"product_cat-produtos-portugueses","8":"product_cat-azeitona-azeite-vinagre","9":"product_cat-azeite","11":"first","12":"instock","13":"taxable","14":"shipping-taxable","15":"purchasable","16":"product-type-simple"},"aioseo_notices":[],"brands":[],"_links":{"self":[{"href":"https:\/\/www.delicias-uk.com\/pt-pt\/wp-json\/wp\/v2\/product\/209732","targetHints":{"allow":["GET"]}}],"collection":[{"href":"https:\/\/www.delicias-uk.com\/pt-pt\/wp-json\/wp\/v2\/product"}],"about":[{"href":"https:\/\/www.delicias-uk.com\/pt-pt\/wp-json\/wp\/v2\/types\/product"}],"author":[{"embeddable":true,"href":"https:\/\/www.delicias-uk.com\/pt-pt\/wp-json\/wp\/v2\/users\/43533"}],"replies":[{"embeddable":true,"href":"https:\/\/www.delicias-uk.com\/pt-pt\/wp-json\/wp\/v2\/comments?post=209732"}],"wp:featuredmedia":[{"embeddable":true,"href":"https:\/\/www.delicias-uk.com\/pt-pt\/wp-json\/wp\/v2\/media\/191576"}],"wp:attachment":[{"href":"https:\/\/www.delicias-uk.com\/pt-pt\/wp-json\/wp\/v2\/media?parent=209732"}],"wp:term":[{"taxonomy":"pwb-brand","embeddable":true,"href":"https:\/\/www.delicias-uk.com\/pt-pt\/wp-json\/wp\/v2\/pwb-brand?post=209732"},{"taxonomy":"product_brand","embeddable":true,"href":"https:\/\/www.delicias-uk.com\/pt-pt\/wp-json\/wp\/v2\/product_brand?post=209732"},{"taxonomy":"product_cat","embeddable":true,"href":"https:\/\/www.delicias-uk.com\/pt-pt\/wp-json\/wp\/v2\/product_cat?post=209732"},{"taxonomy":"product_tag","embeddable":true,"href":"https:\/\/www.delicias-uk.com\/pt-pt\/wp-json\/wp\/v2\/product_tag?post=209732"}],"curies":[{"name":"wp","href":"https:\/\/api.w.org\/{rel}","templated":true}]}}