{"id":209726,"date":"2017-10-25T11:49:07","date_gmt":"2017-10-25T11:49:07","guid":{"rendered":"https:\/\/www.delicias-uk.com\/product\/olive-oil-carm-praemium-extra-virgin-bio-250ml-2\/"},"modified":"2026-04-19T11:02:20","modified_gmt":"2026-04-19T10:02:20","slug":"olive-oil-carm-praemium-extra-virgin-bio-250ml-2","status":"publish","type":"product","link":"https:\/\/www.delicias-uk.com\/pt-pt\/produto\/olive-oil-carm-praemium-extra-virgin-bio-250ml-2\/","title":{"rendered":"Azeite Extra Virgem Biol\u00f3gico Carm Praemium 500ml"},"content":{"rendered":"<p style=\"margin-top:0pt;margin-bottom:0pt;margin-left:0in;text-align:left;\"><span style=\"font-size:12pt;font-family:Calibri;color:#000000;\">Um azeite premium <\/span><span style=\"font-size:12pt;font-family:Calibri;color:#000000;\">m<\/span><span style=\"font-size:12pt;font-family:Calibri;color:#000000;\">uito <\/span><span style=\"font-size:12pt;font-family:Calibri;color:#000000;\">frutado e fresco, <\/span><span style=\"font-size:12pt;font-family:Calibri;color:#000000;\">com aroma <\/span><span style=\"font-size:12pt;font-family:Calibri;color:#000000;\">forte de azeitona, ma\u00e7\u00e3 e tomate <\/span><span style=\"font-size:12pt;font-family:Calibri;color:#000000;\">e um toque final a <\/span><span style=\"font-size:12pt;font-family:Calibri;color:#000000;\">frutos secos, pimenta e <\/span><span style=\"font-size:12pt;font-family:Calibri;color:#000000;\">amargura.<\/span><\/p>\n<p style=\"margin-top:0pt;margin-bottom:0pt;margin-left:0in;text-align:left;\">\n<p style=\"margin-top:0pt;margin-bottom:0pt;margin-left:0in;text-align:left;\">\n<p style=\"margin-top:0pt;margin-bottom:0pt;margin-left:0in;text-align:left;\"><span style=\"font-size:12pt;font-family:Calibri;color:#000000;\">A <\/span><span style=\"font-size:12pt;font-family:Calibri;color:#000000;\">zona de produ\u00e7\u00e3o dos azeites CARM, situa-se em pleno cora\u00e7\u00e3o do Alto Douro, no Douro <\/span><span style=\"font-size:12pt;font-family:Calibri;color:#000000;\">Superior.<span>\u00a0 <\/span>Para <\/span><span style=\"font-size:12pt;font-family:Calibri;color:#000000;\">o azeite CARM Cl\u00e1ssico seleccion\u00e1mos as melhores azeitonas das variedades Madural e Verdeal nas nossas Quintas.<\/span><\/p>\n<p style=\"margin-top:0pt;margin-bottom:0pt;margin-left:0in;text-align:left;\">\n<p style=\"margin-top:0pt;margin-bottom:0pt;margin-left:0in;text-align:left;\">\n<p style=\"margin-top:0pt;margin-bottom:0pt;margin-left:0in;text-align:left;\"><span style=\"font-size:12pt;font-family:Calibri;color:#000000;\">Todas <\/span><span style=\"font-size:12pt;font-family:Calibri;color:#000000;\">as quintas que d\u00e3o origem \u00e0 azeitona para a obten\u00e7\u00e3o deste azeite encontram-se dentro da DOP para azeites de Tr\u00e1s-os-Montes e Alto Douro, onde a AOTAD superintende e controla toda a certifica\u00e7\u00e3o dos azeites de acordo com as normas CEE por painel de provadores certificado.<\/span><\/p>\n<p style=\"margin-top:0pt;margin-bottom:0pt;margin-left:0in;text-align:left;\">\n<p style=\"margin-top:0pt;margin-bottom:0pt;margin-left:0in;text-align:left;\">\n<p style=\"margin-top:0pt;margin-bottom:0pt;margin-left:0in;text-align:left;\"><span style=\"font-size:12pt;font-family:Calibri;color:#000000;\">A <\/span><span style=\"font-size:12pt;font-family:Calibri;color:#000000;\">apanha da azeitona \u00e9 feita manualmente em olivais com inclina\u00e7\u00f5es acentuadas e por vibra\u00e7\u00e3o mec\u00e2nica nos restantes, sendo a colheita entre fim de Outubro e finais de Novembro, nunca depois dessa data, ligeiramente antes da matura\u00e7\u00e3o plena da azeitona.<\/span><\/p><\/p>\n","protected":false},"excerpt":{"rendered":"<p>Um azeite premium muito frutado e fresco, com aroma forte de azeitona, ma\u00e7\u00e3 e tomate e um toque final a frutos secos, pimenta e amargura. A zona de produ\u00e7\u00e3o dos azeites CARM, situa-se em pleno cora\u00e7\u00e3o do Alto Douro, no Douro Superior.\u00a0 Para o azeite CARM Cl\u00e1ssico seleccion\u00e1mos as melhores azeitonas das variedades Madural e [&hellip;]<\/p>\n","protected":false},"author":43533,"featured_media":80826,"comment_status":"open","ping_status":"closed","template":"","meta":[],"pwb-brand":[],"product_brand":[],"product_cat":[8289,8291,8403,8451,8499],"product_tag":[],"class_list":{"0":"post-209726","1":"product","2":"type-product","3":"status-publish","4":"has-post-thumbnail","6":"product_cat-inicio","7":"product_cat-produtos-portugueses","8":"product_cat-azeitona-azeite-vinagre","9":"product_cat-azeite","10":"product_cat-sem-glutem","12":"first","13":"instock","14":"taxable","15":"shipping-taxable","16":"purchasable","17":"product-type-simple"},"aioseo_notices":[],"brands":[],"_links":{"self":[{"href":"https:\/\/www.delicias-uk.com\/pt-pt\/wp-json\/wp\/v2\/product\/209726","targetHints":{"allow":["GET"]}}],"collection":[{"href":"https:\/\/www.delicias-uk.com\/pt-pt\/wp-json\/wp\/v2\/product"}],"about":[{"href":"https:\/\/www.delicias-uk.com\/pt-pt\/wp-json\/wp\/v2\/types\/product"}],"author":[{"embeddable":true,"href":"https:\/\/www.delicias-uk.com\/pt-pt\/wp-json\/wp\/v2\/users\/43533"}],"replies":[{"embeddable":true,"href":"https:\/\/www.delicias-uk.com\/pt-pt\/wp-json\/wp\/v2\/comments?post=209726"}],"wp:featuredmedia":[{"embeddable":true,"href":"https:\/\/www.delicias-uk.com\/pt-pt\/wp-json\/wp\/v2\/media\/80826"}],"wp:attachment":[{"href":"https:\/\/www.delicias-uk.com\/pt-pt\/wp-json\/wp\/v2\/media?parent=209726"}],"wp:term":[{"taxonomy":"pwb-brand","embeddable":true,"href":"https:\/\/www.delicias-uk.com\/pt-pt\/wp-json\/wp\/v2\/pwb-brand?post=209726"},{"taxonomy":"product_brand","embeddable":true,"href":"https:\/\/www.delicias-uk.com\/pt-pt\/wp-json\/wp\/v2\/product_brand?post=209726"},{"taxonomy":"product_cat","embeddable":true,"href":"https:\/\/www.delicias-uk.com\/pt-pt\/wp-json\/wp\/v2\/product_cat?post=209726"},{"taxonomy":"product_tag","embeddable":true,"href":"https:\/\/www.delicias-uk.com\/pt-pt\/wp-json\/wp\/v2\/product_tag?post=209726"}],"curies":[{"name":"wp","href":"https:\/\/api.w.org\/{rel}","templated":true}]}}