{"id":209684,"date":"2017-10-24T15:41:15","date_gmt":"2017-10-24T14:41:15","guid":{"rendered":"https:\/\/www.delicias-uk.com\/product\/prisca-trad-fig-jam-jar-250g-2\/"},"modified":"2026-03-30T15:02:05","modified_gmt":"2026-03-30T14:02:05","slug":"prisca-trad-fig-jam-jar-250g-2","status":"publish","type":"product","link":"https:\/\/www.delicias-uk.com\/pt-pt\/produto\/prisca-trad-fig-jam-jar-250g-2\/","title":{"rendered":"Compota de Figo Prisca 250g"},"content":{"rendered":"<p style=\"margin-top:0pt;margin-bottom:0pt;margin-left:0in;text-align:left\"><span style=\"font-size:12pt;font-family:Calibri;color:#333333\">Doce de Figo 100% natural, sabor quente mediterr\u00e2nico. Utilize-o como uma sofisticada compota nas suas refei\u00e7\u00f5es di\u00e1rias ou para criar deliciosos molhos e coberturas para sobremesas. O acompanhamento ideal para queijos de cabra e queijos azuis fortes. Experimente-o com foie gras e pratos de pato, barrando-o sobre a carne.<\/span><\/p>\n","protected":false},"excerpt":{"rendered":"<p>Doce de Figo 100% natural, sabor quente mediterr\u00e2nico. Utilize-o como uma sofisticada compota nas suas refei\u00e7\u00f5es di\u00e1rias ou para criar deliciosos molhos e coberturas para sobremesas. O acompanhamento ideal para queijos de cabra e queijos azuis fortes. Experimente-o com foie gras e pratos de pato, barrando-o sobre a carne.<\/p>\n","protected":false},"author":43533,"featured_media":226349,"comment_status":"open","ping_status":"closed","template":"","meta":[],"pwb-brand":[],"product_brand":[],"product_cat":[8705],"product_tag":[],"class_list":{"0":"post-209684","1":"product","2":"type-product","3":"status-publish","4":"has-post-thumbnail","6":"product_cat-compotas","8":"first","9":"instock","10":"taxable","11":"shipping-taxable","12":"purchasable","13":"product-type-simple"},"aioseo_notices":[],"brands":[],"_links":{"self":[{"href":"https:\/\/www.delicias-uk.com\/pt-pt\/wp-json\/wp\/v2\/product\/209684","targetHints":{"allow":["GET"]}}],"collection":[{"href":"https:\/\/www.delicias-uk.com\/pt-pt\/wp-json\/wp\/v2\/product"}],"about":[{"href":"https:\/\/www.delicias-uk.com\/pt-pt\/wp-json\/wp\/v2\/types\/product"}],"author":[{"embeddable":true,"href":"https:\/\/www.delicias-uk.com\/pt-pt\/wp-json\/wp\/v2\/users\/43533"}],"replies":[{"embeddable":true,"href":"https:\/\/www.delicias-uk.com\/pt-pt\/wp-json\/wp\/v2\/comments?post=209684"}],"wp:featuredmedia":[{"embeddable":true,"href":"https:\/\/www.delicias-uk.com\/pt-pt\/wp-json\/wp\/v2\/media\/226349"}],"wp:attachment":[{"href":"https:\/\/www.delicias-uk.com\/pt-pt\/wp-json\/wp\/v2\/media?parent=209684"}],"wp:term":[{"taxonomy":"pwb-brand","embeddable":true,"href":"https:\/\/www.delicias-uk.com\/pt-pt\/wp-json\/wp\/v2\/pwb-brand?post=209684"},{"taxonomy":"product_brand","embeddable":true,"href":"https:\/\/www.delicias-uk.com\/pt-pt\/wp-json\/wp\/v2\/product_brand?post=209684"},{"taxonomy":"product_cat","embeddable":true,"href":"https:\/\/www.delicias-uk.com\/pt-pt\/wp-json\/wp\/v2\/product_cat?post=209684"},{"taxonomy":"product_tag","embeddable":true,"href":"https:\/\/www.delicias-uk.com\/pt-pt\/wp-json\/wp\/v2\/product_tag?post=209684"}],"curies":[{"name":"wp","href":"https:\/\/api.w.org\/{rel}","templated":true}]}}