{"id":209680,"date":"2017-10-24T15:41:15","date_gmt":"2017-10-24T14:41:15","guid":{"rendered":"https:\/\/www.delicias-uk.com\/product\/prisca-trad-blueberry-jam-250g-2\/"},"modified":"2025-08-04T19:17:06","modified_gmt":"2025-08-04T18:17:06","slug":"prisca-trad-blueberry-jam-250g-2","status":"publish","type":"product","link":"https:\/\/www.delicias-uk.com\/pt-pt\/produto\/prisca-trad-blueberry-jam-250g-2\/","title":{"rendered":"Compota de Mirtilo Prisca 250g"},"content":{"rendered":"<p style=\"margin-top:0pt;margin-bottom:0pt;margin-left:0in;text-align:left;\"><span style=\"font-size:12pt;font-family:Calibri;color:#000000;\">Doce de mirtilos 100<\/span><span style=\"font-size:12pt;font-family:Calibri;color:#000000;\">% <\/span><span style=\"font-size:12pt;font-family:Calibri;color:#000000;\">natural, sabor frutado. <\/span><span style=\"font-size:12pt;font-family:Calibri;color:#000000;\">Utilize-o como uma sofisticada compota nas suas refei\u00e7\u00f5es <\/span><span style=\"font-size:12pt;font-family:Calibri;color:#000000;\">di\u00e1rias, para <\/span><span style=\"font-size:12pt;font-family:Calibri;color:#000000;\">criar deliciosos molhos e coberturas <\/span><span style=\"font-size:12pt;font-family:Calibri;color:#000000;\">de <\/span><span style=\"font-size:12pt;font-family:Calibri;color:#000000;\">sobremesas <\/span><span style=\"font-size:12pt;font-family:Calibri;color:#000000;\">ou <\/span><span style=\"font-size:12pt;font-family:Calibri;color:#000000;\">at\u00e9 para misturar com pat\u00eas nas suas sandu\u00edches gourmet. <\/span><span style=\"font-size:12pt;font-family:Calibri;color:#000000;\">D\u00ea um toque criativo e saboroso aos seus iogurtes naturais e gelados com este doce natural.<\/span><\/p>\n","protected":false},"excerpt":{"rendered":"<p>Doce de mirtilos 100% natural, sabor frutado. Utilize-o como uma sofisticada compota nas suas refei\u00e7\u00f5es di\u00e1rias, para criar deliciosos molhos e coberturas de sobremesas ou at\u00e9 para misturar com pat\u00eas nas suas sandu\u00edches gourmet. D\u00ea um toque criativo e saboroso aos seus iogurtes naturais e gelados com este doce natural.<\/p>\n","protected":false},"author":43533,"featured_media":226353,"comment_status":"open","ping_status":"closed","template":"","meta":[],"pwb-brand":[],"product_brand":[],"product_cat":[8705],"product_tag":[],"class_list":{"0":"post-209680","1":"product","2":"type-product","3":"status-publish","4":"has-post-thumbnail","6":"product_cat-compotas","8":"first","9":"outofstock","10":"taxable","11":"shipping-taxable","12":"purchasable","13":"product-type-simple"},"aioseo_notices":[],"brands":[],"_links":{"self":[{"href":"https:\/\/www.delicias-uk.com\/pt-pt\/wp-json\/wp\/v2\/product\/209680","targetHints":{"allow":["GET"]}}],"collection":[{"href":"https:\/\/www.delicias-uk.com\/pt-pt\/wp-json\/wp\/v2\/product"}],"about":[{"href":"https:\/\/www.delicias-uk.com\/pt-pt\/wp-json\/wp\/v2\/types\/product"}],"author":[{"embeddable":true,"href":"https:\/\/www.delicias-uk.com\/pt-pt\/wp-json\/wp\/v2\/users\/43533"}],"replies":[{"embeddable":true,"href":"https:\/\/www.delicias-uk.com\/pt-pt\/wp-json\/wp\/v2\/comments?post=209680"}],"wp:featuredmedia":[{"embeddable":true,"href":"https:\/\/www.delicias-uk.com\/pt-pt\/wp-json\/wp\/v2\/media\/226353"}],"wp:attachment":[{"href":"https:\/\/www.delicias-uk.com\/pt-pt\/wp-json\/wp\/v2\/media?parent=209680"}],"wp:term":[{"taxonomy":"pwb-brand","embeddable":true,"href":"https:\/\/www.delicias-uk.com\/pt-pt\/wp-json\/wp\/v2\/pwb-brand?post=209680"},{"taxonomy":"product_brand","embeddable":true,"href":"https:\/\/www.delicias-uk.com\/pt-pt\/wp-json\/wp\/v2\/product_brand?post=209680"},{"taxonomy":"product_cat","embeddable":true,"href":"https:\/\/www.delicias-uk.com\/pt-pt\/wp-json\/wp\/v2\/product_cat?post=209680"},{"taxonomy":"product_tag","embeddable":true,"href":"https:\/\/www.delicias-uk.com\/pt-pt\/wp-json\/wp\/v2\/product_tag?post=209680"}],"curies":[{"name":"wp","href":"https:\/\/api.w.org\/{rel}","templated":true}]}}