{"id":209672,"date":"2017-10-24T15:41:15","date_gmt":"2017-10-24T14:41:15","guid":{"rendered":"https:\/\/www.delicias-uk.com\/product\/prisca-nature-jam-strawberry-250g-2\/"},"modified":"2025-02-06T17:21:06","modified_gmt":"2025-02-06T17:21:06","slug":"prisca-nature-jam-strawberry-250g-2","status":"publish","type":"product","link":"https:\/\/www.delicias-uk.com\/pt-pt\/produto\/prisca-nature-jam-strawberry-250g-2\/","title":{"rendered":"Compota de Morango Prisca Nature 250g"},"content":{"rendered":"<p style=\"margin-top:0pt;margin-bottom:0pt;margin-left:0in;text-align:left;\"><span style=\"font-size:12pt;font-family:Calibri;color:#000000;\">O <\/span><span style=\"font-size:12pt;font-family:Calibri;color:#000000;\">melhor doce de morango\u00a0<\/span><span style=\"font-size:12pt;font-family:Calibri;color:#000000;\">criado <\/span><span style=\"font-size:12pt;font-family:Calibri;color:#000000;\">pela natureza 100% natural e sem adi\u00e7\u00e3o de a\u00e7ucar. <\/span><span style=\"font-size:12pt;font-family:Calibri;color:#000000;\">Utilizar <\/span><span style=\"font-size:12pt;font-family:Calibri;color:#000000;\">como uma sofisticada <\/span><span style=\"font-size:12pt;font-family:Calibri;color:#000000;\">compota, em deliciosos <\/span><span style=\"font-size:12pt;font-family:Calibri;color:#000000;\">molhos e coberturas para sobremesas e at\u00e9 para misturar com pat\u00ea nas suas sandu\u00edches gourmet. Excelente com queijo creme ou fresco, ideal com pat\u00ea de f\u00edgado.<\/span><\/p>\n","protected":false},"excerpt":{"rendered":"<p>O melhor doce de morango\u00a0criado pela natureza 100% natural e sem adi\u00e7\u00e3o de a\u00e7ucar. Utilizar como uma sofisticada compota, em deliciosos molhos e coberturas para sobremesas e at\u00e9 para misturar com pat\u00ea nas suas sandu\u00edches gourmet. Excelente com queijo creme ou fresco, ideal com pat\u00ea de f\u00edgado.<\/p>\n","protected":false},"author":43533,"featured_media":226331,"comment_status":"open","ping_status":"closed","template":"","meta":[],"pwb-brand":[],"product_brand":[],"product_cat":[8705],"product_tag":[],"class_list":{"0":"post-209672","1":"product","2":"type-product","3":"status-publish","4":"has-post-thumbnail","6":"product_cat-compotas","8":"first","9":"instock","10":"taxable","11":"shipping-taxable","12":"purchasable","13":"product-type-simple"},"aioseo_notices":[],"brands":[],"_links":{"self":[{"href":"https:\/\/www.delicias-uk.com\/pt-pt\/wp-json\/wp\/v2\/product\/209672","targetHints":{"allow":["GET"]}}],"collection":[{"href":"https:\/\/www.delicias-uk.com\/pt-pt\/wp-json\/wp\/v2\/product"}],"about":[{"href":"https:\/\/www.delicias-uk.com\/pt-pt\/wp-json\/wp\/v2\/types\/product"}],"author":[{"embeddable":true,"href":"https:\/\/www.delicias-uk.com\/pt-pt\/wp-json\/wp\/v2\/users\/43533"}],"replies":[{"embeddable":true,"href":"https:\/\/www.delicias-uk.com\/pt-pt\/wp-json\/wp\/v2\/comments?post=209672"}],"wp:featuredmedia":[{"embeddable":true,"href":"https:\/\/www.delicias-uk.com\/pt-pt\/wp-json\/wp\/v2\/media\/226331"}],"wp:attachment":[{"href":"https:\/\/www.delicias-uk.com\/pt-pt\/wp-json\/wp\/v2\/media?parent=209672"}],"wp:term":[{"taxonomy":"pwb-brand","embeddable":true,"href":"https:\/\/www.delicias-uk.com\/pt-pt\/wp-json\/wp\/v2\/pwb-brand?post=209672"},{"taxonomy":"product_brand","embeddable":true,"href":"https:\/\/www.delicias-uk.com\/pt-pt\/wp-json\/wp\/v2\/product_brand?post=209672"},{"taxonomy":"product_cat","embeddable":true,"href":"https:\/\/www.delicias-uk.com\/pt-pt\/wp-json\/wp\/v2\/product_cat?post=209672"},{"taxonomy":"product_tag","embeddable":true,"href":"https:\/\/www.delicias-uk.com\/pt-pt\/wp-json\/wp\/v2\/product_tag?post=209672"}],"curies":[{"name":"wp","href":"https:\/\/api.w.org\/{rel}","templated":true}]}}