{"id":209670,"date":"2017-10-24T15:41:15","date_gmt":"2017-10-24T14:41:15","guid":{"rendered":"https:\/\/www.delicias-uk.com\/product\/geleia-de-frutos-vermelhos-prisca-nature-250g\/"},"modified":"2025-07-20T18:22:17","modified_gmt":"2025-07-20T17:22:17","slug":"geleia-de-frutos-vermelhos-prisca-nature-250g","status":"publish","type":"product","link":"https:\/\/www.delicias-uk.com\/pt-pt\/produto\/geleia-de-frutos-vermelhos-prisca-nature-250g\/","title":{"rendered":"Compota de Frutos Vermelhos Prisca Nature 250g"},"content":{"rendered":"<p>A melhor geleia de frutos vermelhos criada pela natureza 100% natural e sem adi\u00e7\u00e3o de a\u00e7\u00facar. Utilize-o como uma compota sofisticada nas suas refei\u00e7\u00f5es di\u00e1rias, para criar deliciosos molhos e coberturas para sobremesas e at\u00e9 para misturar com pat\u00e9 nas suas sandu\u00edches gourmet. Excelente com natas ou queijo fresco, ideal com pat\u00e9 de f\u00edgado.<\/p>\n<p><strong>Ingredientes<\/strong>: Frutos Vermelhos (51,4%) (Framboesa, Morango, Cereja e Amora), sumo de fruta concentrado, pectina e sumo de lim\u00e3o.<\/p>\n<p><strong>Alerg\u00e9nios<\/strong>: nenhum.<\/p>\n<p><strong>Informa\u00e7\u00e3o nutricional por 100g:<\/strong><\/p>\n<ul style=\"list-style-type:disc;\">\n<li>Valor Energ\u00e9tico (Kj\/ Kcal) | 956\/228,5<\/li>\n<li>L\u00edpidos (g) | 0,50<\/li>\n<li>Dos quais saturados (g) | 0,10<\/li>\n<li>Hidratos de carbono (g) | 50,00<\/li>\n<li>Dos quais a\u00e7\u00facares (g) | 45,90<\/li>\n<li>Prote\u00ednas (g) | 0,60<\/li>\n<li>Sal (g) | &#8211;<\/li>\n<\/ul>\n<p><strong>Pa\u00eds de origem<\/strong>: Portugal.<\/p>\n<p><em>Devido a poss\u00edveis altera\u00e7\u00f5es nas embalagens e\/ou r\u00f3tulos, deve sempre considerar a informa\u00e7\u00e3o que acompanha o produto que recebe.<\/em><\/p>\n","protected":false},"excerpt":{"rendered":"<ul style=\"list-style-type:disc;\">\n<li>Peso l\u00edquido 250g<\/li>\n<li>Sem a\u00e7\u00facares adicionados<\/li>\n<li>Acompanha bem tostas e queijos<\/li>\n<\/ul>\n","protected":false},"author":43533,"featured_media":226325,"comment_status":"open","ping_status":"closed","template":"","meta":[],"pwb-brand":[],"product_brand":[],"product_cat":[8705],"product_tag":[],"class_list":{"0":"post-209670","1":"product","2":"type-product","3":"status-publish","4":"has-post-thumbnail","6":"product_cat-compotas","8":"first","9":"instock","10":"taxable","11":"shipping-taxable","12":"purchasable","13":"product-type-simple"},"aioseo_notices":[],"brands":[],"_links":{"self":[{"href":"https:\/\/www.delicias-uk.com\/pt-pt\/wp-json\/wp\/v2\/product\/209670","targetHints":{"allow":["GET"]}}],"collection":[{"href":"https:\/\/www.delicias-uk.com\/pt-pt\/wp-json\/wp\/v2\/product"}],"about":[{"href":"https:\/\/www.delicias-uk.com\/pt-pt\/wp-json\/wp\/v2\/types\/product"}],"author":[{"embeddable":true,"href":"https:\/\/www.delicias-uk.com\/pt-pt\/wp-json\/wp\/v2\/users\/43533"}],"replies":[{"embeddable":true,"href":"https:\/\/www.delicias-uk.com\/pt-pt\/wp-json\/wp\/v2\/comments?post=209670"}],"wp:featuredmedia":[{"embeddable":true,"href":"https:\/\/www.delicias-uk.com\/pt-pt\/wp-json\/wp\/v2\/media\/226325"}],"wp:attachment":[{"href":"https:\/\/www.delicias-uk.com\/pt-pt\/wp-json\/wp\/v2\/media?parent=209670"}],"wp:term":[{"taxonomy":"pwb-brand","embeddable":true,"href":"https:\/\/www.delicias-uk.com\/pt-pt\/wp-json\/wp\/v2\/pwb-brand?post=209670"},{"taxonomy":"product_brand","embeddable":true,"href":"https:\/\/www.delicias-uk.com\/pt-pt\/wp-json\/wp\/v2\/product_brand?post=209670"},{"taxonomy":"product_cat","embeddable":true,"href":"https:\/\/www.delicias-uk.com\/pt-pt\/wp-json\/wp\/v2\/product_cat?post=209670"},{"taxonomy":"product_tag","embeddable":true,"href":"https:\/\/www.delicias-uk.com\/pt-pt\/wp-json\/wp\/v2\/product_tag?post=209670"}],"curies":[{"name":"wp","href":"https:\/\/api.w.org\/{rel}","templated":true}]}}