{"id":209668,"date":"2017-10-24T15:41:15","date_gmt":"2017-10-24T14:41:15","guid":{"rendered":"https:\/\/www.delicias-uk.com\/product\/geleia-de-abobora-prisca-nature-250g\/"},"modified":"2026-04-08T11:03:18","modified_gmt":"2026-04-08T10:03:18","slug":"geleia-de-abobora-prisca-nature-250g","status":"publish","type":"product","link":"https:\/\/www.delicias-uk.com\/pt-pt\/produto\/geleia-de-abobora-prisca-nature-250g\/","title":{"rendered":"Compota de Ab\u00f3bora Prisca Nature 250g"},"content":{"rendered":"<p>O melhor doce de Ab\u00f3bora criado pela natureza, 100% natural e sem adi\u00e7\u00e3o de a\u00e7ucar, de sabor quente e doce. Utilizar como uma sofisticada compota, em deliciosos molhos e coberturas de sobremesas e at\u00e9 para misturar com pat\u00ea nas suas sandu\u00edches gourmet. Excelente com queijo creme, queijo fresco, requeij\u00e3o e o queijo italiano Ricotta. Degustar junto com carnes curadas e fumadas.<\/p>\n","protected":false},"excerpt":{"rendered":"<ul style=\"list-style-type:disc;\">\n<li>Peso l\u00edquido 250g<\/li>\n<li>Sem a\u00e7\u00facar adicionado<\/li>\n<li>Combina bem com uma tosta ou queijo<\/li>\n<\/ul>\n","protected":false},"author":43533,"featured_media":226322,"comment_status":"open","ping_status":"closed","template":"","meta":[],"pwb-brand":[],"product_brand":[],"product_cat":[8705],"product_tag":[],"class_list":{"0":"post-209668","1":"product","2":"type-product","3":"status-publish","4":"has-post-thumbnail","6":"product_cat-compotas","8":"first","9":"instock","10":"taxable","11":"shipping-taxable","12":"purchasable","13":"product-type-simple"},"aioseo_notices":[],"brands":[],"_links":{"self":[{"href":"https:\/\/www.delicias-uk.com\/pt-pt\/wp-json\/wp\/v2\/product\/209668","targetHints":{"allow":["GET"]}}],"collection":[{"href":"https:\/\/www.delicias-uk.com\/pt-pt\/wp-json\/wp\/v2\/product"}],"about":[{"href":"https:\/\/www.delicias-uk.com\/pt-pt\/wp-json\/wp\/v2\/types\/product"}],"author":[{"embeddable":true,"href":"https:\/\/www.delicias-uk.com\/pt-pt\/wp-json\/wp\/v2\/users\/43533"}],"replies":[{"embeddable":true,"href":"https:\/\/www.delicias-uk.com\/pt-pt\/wp-json\/wp\/v2\/comments?post=209668"}],"wp:featuredmedia":[{"embeddable":true,"href":"https:\/\/www.delicias-uk.com\/pt-pt\/wp-json\/wp\/v2\/media\/226322"}],"wp:attachment":[{"href":"https:\/\/www.delicias-uk.com\/pt-pt\/wp-json\/wp\/v2\/media?parent=209668"}],"wp:term":[{"taxonomy":"pwb-brand","embeddable":true,"href":"https:\/\/www.delicias-uk.com\/pt-pt\/wp-json\/wp\/v2\/pwb-brand?post=209668"},{"taxonomy":"product_brand","embeddable":true,"href":"https:\/\/www.delicias-uk.com\/pt-pt\/wp-json\/wp\/v2\/product_brand?post=209668"},{"taxonomy":"product_cat","embeddable":true,"href":"https:\/\/www.delicias-uk.com\/pt-pt\/wp-json\/wp\/v2\/product_cat?post=209668"},{"taxonomy":"product_tag","embeddable":true,"href":"https:\/\/www.delicias-uk.com\/pt-pt\/wp-json\/wp\/v2\/product_tag?post=209668"}],"curies":[{"name":"wp","href":"https:\/\/api.w.org\/{rel}","templated":true}]}}