{"id":209664,"date":"2017-10-24T15:41:15","date_gmt":"2017-10-24T15:41:15","guid":{"rendered":"https:\/\/www.delicias-uk.com\/product\/mel-de-cana-ribeiro-seco-madeira-450g-2\/"},"modified":"2025-12-06T09:00:43","modified_gmt":"2025-12-06T09:00:43","slug":"mel-de-cana-ribeiro-seco-madeira-450g-2","status":"publish","type":"product","link":"https:\/\/www.delicias-uk.com\/pt-pt\/produto\/mel-de-cana-ribeiro-seco-madeira-450g-2\/","title":{"rendered":"Mel de Cana Ribeiro Seco 450g"},"content":{"rendered":"<p style=\"margin-top:0pt;margin-bottom:0pt;margin-left:0in;text-align:left;\"><span style=\"font-size:12pt;font-family:Calibri;color:#000000;\">O <\/span><span style=\"font-size:12pt;font-family:Calibri;color:#000000;\">mel-de-cana <\/span><span style=\"font-size:12pt;font-family:Calibri;color:#000000;\">de sacarina \u00e9 <\/span><span style=\"font-size:12pt;font-family:Calibri;color:#000000;\">um produto 100% natural, sem aditivos, corantes ou conservantes, tendo uma dura\u00e7\u00e3o bastante longa e uma composi\u00e7\u00e3o org\u00e2nica rica.<\/span><\/p>\n","protected":false},"excerpt":{"rendered":"<p>O mel-de-cana de sacarina \u00e9 um produto 100% natural, sem aditivos, corantes ou conservantes, tendo uma dura\u00e7\u00e3o bastante longa e uma composi\u00e7\u00e3o org\u00e2nica rica.<\/p>\n","protected":false},"author":43533,"featured_media":80724,"comment_status":"open","ping_status":"closed","template":"","meta":[],"pwb-brand":[],"product_brand":[],"product_cat":[8743,8499,8347],"product_tag":[],"class_list":{"0":"post-209664","1":"product","2":"type-product","3":"status-publish","4":"has-post-thumbnail","6":"product_cat-mel-pt-pt","7":"product_cat-sem-glutem","8":"product_cat-vegetariano","10":"first","11":"instock","12":"taxable","13":"shipping-taxable","14":"purchasable","15":"product-type-simple"},"aioseo_notices":[],"brands":[],"_links":{"self":[{"href":"https:\/\/www.delicias-uk.com\/pt-pt\/wp-json\/wp\/v2\/product\/209664","targetHints":{"allow":["GET"]}}],"collection":[{"href":"https:\/\/www.delicias-uk.com\/pt-pt\/wp-json\/wp\/v2\/product"}],"about":[{"href":"https:\/\/www.delicias-uk.com\/pt-pt\/wp-json\/wp\/v2\/types\/product"}],"author":[{"embeddable":true,"href":"https:\/\/www.delicias-uk.com\/pt-pt\/wp-json\/wp\/v2\/users\/43533"}],"replies":[{"embeddable":true,"href":"https:\/\/www.delicias-uk.com\/pt-pt\/wp-json\/wp\/v2\/comments?post=209664"}],"wp:featuredmedia":[{"embeddable":true,"href":"https:\/\/www.delicias-uk.com\/pt-pt\/wp-json\/wp\/v2\/media\/80724"}],"wp:attachment":[{"href":"https:\/\/www.delicias-uk.com\/pt-pt\/wp-json\/wp\/v2\/media?parent=209664"}],"wp:term":[{"taxonomy":"pwb-brand","embeddable":true,"href":"https:\/\/www.delicias-uk.com\/pt-pt\/wp-json\/wp\/v2\/pwb-brand?post=209664"},{"taxonomy":"product_brand","embeddable":true,"href":"https:\/\/www.delicias-uk.com\/pt-pt\/wp-json\/wp\/v2\/product_brand?post=209664"},{"taxonomy":"product_cat","embeddable":true,"href":"https:\/\/www.delicias-uk.com\/pt-pt\/wp-json\/wp\/v2\/product_cat?post=209664"},{"taxonomy":"product_tag","embeddable":true,"href":"https:\/\/www.delicias-uk.com\/pt-pt\/wp-json\/wp\/v2\/product_tag?post=209664"}],"curies":[{"name":"wp","href":"https:\/\/api.w.org\/{rel}","templated":true}]}}