{"id":209660,"date":"2017-10-24T15:41:15","date_gmt":"2017-10-24T14:41:15","guid":{"rendered":"https:\/\/www.delicias-uk.com\/product\/mel-de-cana-biologico-rseco-madeira-250g-2\/"},"modified":"2026-04-20T17:01:46","modified_gmt":"2026-04-20T16:01:46","slug":"mel-de-cana-biologico-rseco-madeira-250g-2","status":"publish","type":"product","link":"https:\/\/www.delicias-uk.com\/pt-pt\/produto\/mel-de-cana-biologico-rseco-madeira-250g-2\/","title":{"rendered":"Mel de Cana Biol\u00f3gico Ribeiro Seco 250g"},"content":{"rendered":"<p style=\"margin-top:0pt;margin-bottom:0pt;margin-left:0in;text-align:left;\"><span style=\"font-size:12pt;font-family:Calibri;color:#000000;\">O <\/span><span style=\"font-size:12pt;font-family:Calibri;color:#000000;\">mel-de-cana <\/span><span style=\"font-size:12pt;font-family:Calibri;color:#000000;\">\u00e9 <\/span><span style=\"font-size:12pt;font-family:Calibri;color:#000000;\">um produto 100% natural, sem aditivos, corantes ou conservantes, tendo uma dura\u00e7\u00e3o bastante longa e uma composi\u00e7\u00e3o org\u00e2nica rica.<\/span><\/p>\n","protected":false},"excerpt":{"rendered":"<p>O mel-de-cana \u00e9 um produto 100% natural, sem aditivos, corantes ou conservantes, tendo uma dura\u00e7\u00e3o bastante longa e uma composi\u00e7\u00e3o org\u00e2nica rica.<\/p>\n","protected":false},"author":43533,"featured_media":80716,"comment_status":"open","ping_status":"closed","template":"","meta":[],"pwb-brand":[],"product_brand":[],"product_cat":[8743,8307,8499,8331,8347],"product_tag":[],"class_list":{"0":"post-209660","1":"product","2":"type-product","3":"status-publish","4":"has-post-thumbnail","6":"product_cat-mel-pt-pt","7":"product_cat-dieta-e-estilo-de-vida-produtos","8":"product_cat-sem-glutem","9":"product_cat-organico","10":"product_cat-vegetariano","12":"first","13":"instock","14":"taxable","15":"shipping-taxable","16":"purchasable","17":"product-type-simple"},"aioseo_notices":[],"brands":[],"_links":{"self":[{"href":"https:\/\/www.delicias-uk.com\/pt-pt\/wp-json\/wp\/v2\/product\/209660","targetHints":{"allow":["GET"]}}],"collection":[{"href":"https:\/\/www.delicias-uk.com\/pt-pt\/wp-json\/wp\/v2\/product"}],"about":[{"href":"https:\/\/www.delicias-uk.com\/pt-pt\/wp-json\/wp\/v2\/types\/product"}],"author":[{"embeddable":true,"href":"https:\/\/www.delicias-uk.com\/pt-pt\/wp-json\/wp\/v2\/users\/43533"}],"replies":[{"embeddable":true,"href":"https:\/\/www.delicias-uk.com\/pt-pt\/wp-json\/wp\/v2\/comments?post=209660"}],"wp:featuredmedia":[{"embeddable":true,"href":"https:\/\/www.delicias-uk.com\/pt-pt\/wp-json\/wp\/v2\/media\/80716"}],"wp:attachment":[{"href":"https:\/\/www.delicias-uk.com\/pt-pt\/wp-json\/wp\/v2\/media?parent=209660"}],"wp:term":[{"taxonomy":"pwb-brand","embeddable":true,"href":"https:\/\/www.delicias-uk.com\/pt-pt\/wp-json\/wp\/v2\/pwb-brand?post=209660"},{"taxonomy":"product_brand","embeddable":true,"href":"https:\/\/www.delicias-uk.com\/pt-pt\/wp-json\/wp\/v2\/product_brand?post=209660"},{"taxonomy":"product_cat","embeddable":true,"href":"https:\/\/www.delicias-uk.com\/pt-pt\/wp-json\/wp\/v2\/product_cat?post=209660"},{"taxonomy":"product_tag","embeddable":true,"href":"https:\/\/www.delicias-uk.com\/pt-pt\/wp-json\/wp\/v2\/product_tag?post=209660"}],"curies":[{"name":"wp","href":"https:\/\/api.w.org\/{rel}","templated":true}]}}