{"id":209656,"date":"2017-10-24T15:41:15","date_gmt":"2017-10-24T14:41:15","guid":{"rendered":"https:\/\/www.delicias-uk.com\/product\/marmelada-ferbar-400g\/"},"modified":"2026-04-15T16:39:47","modified_gmt":"2026-04-15T15:39:47","slug":"marmelada-ferbar-400g","status":"publish","type":"product","link":"https:\/\/www.delicias-uk.com\/pt-pt\/produto\/marmelada-ferbar-400g\/","title":{"rendered":"Marmelada Ferbar 400g"},"content":{"rendered":"<p>Elaborada com marmelos seleccionados segundo uma antiga receita caseira, esta marmelada de qualidade extra \u00e9 altamente nutritiva. Elaborado com 50g de fruta por 100gr de produto e contendo Vitaminas A, C e B6, \u00e9 indicado para crian\u00e7as em crescimento. A sua embalagem mant\u00e9m o produto bem protegido, al\u00e9m de facilitar a sua utiliza\u00e7\u00e3o.<\/p>\n<p><strong>Ingredientes<\/strong>: Polpa de marmelo [marmelo (UE), conservante (E202)], a\u00e7\u00facar, regulador de acidez (E330).<\/p>\n<p><strong>Alerg\u00e9nios<\/strong>: nenhum<\/p>\n<p><strong>Informa\u00e7\u00e3o nutricional por 100g:<\/strong><\/p>\n<ul style=\"list-style-type:disc;\">\n<li>Energia 1053 Kj \/ 248 Kcal<\/li>\n<li>Gorduras 0,5g<\/li>\n<li>dos quais saturados &lt;0,1g<\/li>\n<li>Hidratos de carbono 60g<\/li>\n<li>dos quais a\u00e7\u00facares 54g<\/li>\n<li>Fibra 3,0g<\/li>\n<li>Prote\u00ednas &lt;0,5g<\/li>\n<li>Sal 0,02g<\/li>\n<\/ul>\n<p><strong>Pa\u00eds de origem<\/strong>: UE.<\/p>\n","protected":false},"excerpt":{"rendered":"<ul style=\"list-style-type:disc;\">\n<li>Peso l\u00edquido 400g<\/li>\n<li>Pronta para consumo<\/li>\n<li>Pode ser consumida s\u00f3 ou acompanhada de tostas\/queijos<\/li>\n<\/ul>\n","protected":false},"author":43533,"featured_media":80707,"comment_status":"open","ping_status":"closed","template":"","meta":[],"pwb-brand":[],"product_brand":[],"product_cat":[8779],"product_tag":[],"class_list":{"0":"post-209656","1":"product","2":"type-product","3":"status-publish","4":"has-post-thumbnail","6":"product_cat-marmelada","8":"first","9":"instock","10":"taxable","11":"shipping-taxable","12":"purchasable","13":"product-type-simple"},"aioseo_notices":[],"brands":[],"_links":{"self":[{"href":"https:\/\/www.delicias-uk.com\/pt-pt\/wp-json\/wp\/v2\/product\/209656","targetHints":{"allow":["GET"]}}],"collection":[{"href":"https:\/\/www.delicias-uk.com\/pt-pt\/wp-json\/wp\/v2\/product"}],"about":[{"href":"https:\/\/www.delicias-uk.com\/pt-pt\/wp-json\/wp\/v2\/types\/product"}],"author":[{"embeddable":true,"href":"https:\/\/www.delicias-uk.com\/pt-pt\/wp-json\/wp\/v2\/users\/43533"}],"replies":[{"embeddable":true,"href":"https:\/\/www.delicias-uk.com\/pt-pt\/wp-json\/wp\/v2\/comments?post=209656"}],"wp:featuredmedia":[{"embeddable":true,"href":"https:\/\/www.delicias-uk.com\/pt-pt\/wp-json\/wp\/v2\/media\/80707"}],"wp:attachment":[{"href":"https:\/\/www.delicias-uk.com\/pt-pt\/wp-json\/wp\/v2\/media?parent=209656"}],"wp:term":[{"taxonomy":"pwb-brand","embeddable":true,"href":"https:\/\/www.delicias-uk.com\/pt-pt\/wp-json\/wp\/v2\/pwb-brand?post=209656"},{"taxonomy":"product_brand","embeddable":true,"href":"https:\/\/www.delicias-uk.com\/pt-pt\/wp-json\/wp\/v2\/product_brand?post=209656"},{"taxonomy":"product_cat","embeddable":true,"href":"https:\/\/www.delicias-uk.com\/pt-pt\/wp-json\/wp\/v2\/product_cat?post=209656"},{"taxonomy":"product_tag","embeddable":true,"href":"https:\/\/www.delicias-uk.com\/pt-pt\/wp-json\/wp\/v2\/product_tag?post=209656"}],"curies":[{"name":"wp","href":"https:\/\/api.w.org\/{rel}","templated":true}]}}