{"id":209636,"date":"2017-10-24T15:41:15","date_gmt":"2017-10-24T14:41:15","guid":{"rendered":"https:\/\/www.delicias-uk.com\/product\/beirabaga-jam-pumpkin-w-almonds-270g-2\/"},"modified":"2025-12-09T13:41:19","modified_gmt":"2025-12-09T13:41:19","slug":"beirabaga-jam-pumpkin-w-almonds-270g-2","status":"publish","type":"product","link":"https:\/\/www.delicias-uk.com\/pt-pt\/produto\/beirabaga-jam-pumpkin-w-almonds-270g-2\/","title":{"rendered":"Compota de Abobora Com Amendoas Beirabaga 270g"},"content":{"rendered":"<p style=\"margin-top:0pt;margin-bottom:0pt;margin-left:0in;text-align:left\"><span style=\"font-size:12pt;font-family:Calibri;color:#000000\">Doce de Ab\u00f3bora feito apartir de Ab\u00f3boras <\/span><span style=\"font-size:12pt;font-family:Calibri;color:#000000\">nacionais e <\/span><span style=\"font-size:12pt;font-family:Calibri;color:#000000\">am\u00eandoas da melhor qualidade. <\/span><span style=\"font-size:12pt;font-family:Calibri;color:#000000\">Preparado <\/span><span style=\"font-size:12pt;font-family:Calibri;color:#000000\">segundo uma receita tradicional, n\u00e3o contendo corantes, conservantes ou <\/span><span style=\"font-size:12pt;font-family:Calibri;color:#000000\">aromatizantes.<\/span><\/p>\n","protected":false},"excerpt":{"rendered":"<p>Doce de Ab\u00f3bora feito apartir de Ab\u00f3boras nacionais e am\u00eandoas da melhor qualidade. Preparado segundo uma receita tradicional, n\u00e3o contendo corantes, conservantes ou aromatizantes.<\/p>\n","protected":false},"author":43533,"featured_media":226362,"comment_status":"open","ping_status":"closed","template":"","meta":[],"pwb-brand":[],"product_brand":[],"product_cat":[8291,8705],"product_tag":[],"class_list":{"0":"post-209636","1":"product","2":"type-product","3":"status-publish","4":"has-post-thumbnail","6":"product_cat-produtos-portugueses","7":"product_cat-compotas","9":"first","10":"instock","11":"taxable","12":"shipping-taxable","13":"purchasable","14":"product-type-simple"},"aioseo_notices":[],"brands":[],"_links":{"self":[{"href":"https:\/\/www.delicias-uk.com\/pt-pt\/wp-json\/wp\/v2\/product\/209636","targetHints":{"allow":["GET"]}}],"collection":[{"href":"https:\/\/www.delicias-uk.com\/pt-pt\/wp-json\/wp\/v2\/product"}],"about":[{"href":"https:\/\/www.delicias-uk.com\/pt-pt\/wp-json\/wp\/v2\/types\/product"}],"author":[{"embeddable":true,"href":"https:\/\/www.delicias-uk.com\/pt-pt\/wp-json\/wp\/v2\/users\/43533"}],"replies":[{"embeddable":true,"href":"https:\/\/www.delicias-uk.com\/pt-pt\/wp-json\/wp\/v2\/comments?post=209636"}],"wp:featuredmedia":[{"embeddable":true,"href":"https:\/\/www.delicias-uk.com\/pt-pt\/wp-json\/wp\/v2\/media\/226362"}],"wp:attachment":[{"href":"https:\/\/www.delicias-uk.com\/pt-pt\/wp-json\/wp\/v2\/media?parent=209636"}],"wp:term":[{"taxonomy":"pwb-brand","embeddable":true,"href":"https:\/\/www.delicias-uk.com\/pt-pt\/wp-json\/wp\/v2\/pwb-brand?post=209636"},{"taxonomy":"product_brand","embeddable":true,"href":"https:\/\/www.delicias-uk.com\/pt-pt\/wp-json\/wp\/v2\/product_brand?post=209636"},{"taxonomy":"product_cat","embeddable":true,"href":"https:\/\/www.delicias-uk.com\/pt-pt\/wp-json\/wp\/v2\/product_cat?post=209636"},{"taxonomy":"product_tag","embeddable":true,"href":"https:\/\/www.delicias-uk.com\/pt-pt\/wp-json\/wp\/v2\/product_tag?post=209636"}],"curies":[{"name":"wp","href":"https:\/\/api.w.org\/{rel}","templated":true}]}}