{"id":209620,"date":"2017-10-24T14:23:35","date_gmt":"2017-10-24T13:23:35","guid":{"rendered":"https:\/\/www.delicias-uk.com\/product\/cha-sem-barriga-diese-saqueta-15g\/"},"modified":"2025-02-06T17:20:07","modified_gmt":"2025-02-06T17:20:07","slug":"cha-sem-barriga-diese-saqueta-15g","status":"publish","type":"product","link":"https:\/\/www.delicias-uk.com\/pt-pt\/produto\/cha-sem-barriga-diese-saqueta-15g\/","title":{"rendered":"Ch\u00e1 Sem Barriga Diese Saqueta 15g"},"content":{"rendered":"<p>&#8220;Barriga lisa&#8221; \u00e9 uma mistura natural de ch\u00e1 de ervas concebida para ajudar a reduzir o incha\u00e7o e a manter a barriga lisa. Os ingredientes premium e totalmente naturais ajudam a controlar o apetite, a desintoxicar o organismo e a promover a sa\u00fade digestiva. Aproveite os benef\u00edcios desta mistura especial de ch\u00e1 com apenas uma ch\u00e1vena por dia.<\/p>\n<p><strong>Ingredientes<\/strong>: Casca de amieiro preto (Rhamnus frangula) 25%, folhas de boldo (Peumus boldus molina) 25%, folha de oliveira (Olea europaea) 25%, folhas de sene (Cassia angustifolia) 25%.<\/p>\n<p><strong>Alerg\u00e9nios<\/strong>: nenhum<\/p>\n<p><strong>Pa\u00eds de origem<\/strong>: Portugal.<\/p>\n","protected":false},"excerpt":{"rendered":"<ul style=\"list-style-type:disc;\">\n<li>Peso l\u00edquido 15g<\/li>\n<li>Cont\u00e9m 10 saquetas de 1.5g cada<\/li>\n<li>Infus\u00e3o de ervas que ajuda no sistema digestivo saud\u00e1vel<\/li>\n<\/ul>\n","protected":false},"author":43533,"featured_media":226046,"comment_status":"open","ping_status":"closed","template":"","meta":[],"pwb-brand":[],"product_brand":[],"product_cat":[8289,8291,8351,8525],"product_tag":[],"class_list":{"0":"post-209620","1":"product","2":"type-product","3":"status-publish","4":"has-post-thumbnail","6":"product_cat-inicio","7":"product_cat-produtos-portugueses","8":"product_cat-cafe-cha-acucar","9":"product_cat-cha-pt-pt","11":"first","12":"outofstock","13":"taxable","14":"shipping-taxable","15":"purchasable","16":"product-type-simple"},"aioseo_notices":[],"brands":[],"_links":{"self":[{"href":"https:\/\/www.delicias-uk.com\/pt-pt\/wp-json\/wp\/v2\/product\/209620","targetHints":{"allow":["GET"]}}],"collection":[{"href":"https:\/\/www.delicias-uk.com\/pt-pt\/wp-json\/wp\/v2\/product"}],"about":[{"href":"https:\/\/www.delicias-uk.com\/pt-pt\/wp-json\/wp\/v2\/types\/product"}],"author":[{"embeddable":true,"href":"https:\/\/www.delicias-uk.com\/pt-pt\/wp-json\/wp\/v2\/users\/43533"}],"replies":[{"embeddable":true,"href":"https:\/\/www.delicias-uk.com\/pt-pt\/wp-json\/wp\/v2\/comments?post=209620"}],"wp:featuredmedia":[{"embeddable":true,"href":"https:\/\/www.delicias-uk.com\/pt-pt\/wp-json\/wp\/v2\/media\/226046"}],"wp:attachment":[{"href":"https:\/\/www.delicias-uk.com\/pt-pt\/wp-json\/wp\/v2\/media?parent=209620"}],"wp:term":[{"taxonomy":"pwb-brand","embeddable":true,"href":"https:\/\/www.delicias-uk.com\/pt-pt\/wp-json\/wp\/v2\/pwb-brand?post=209620"},{"taxonomy":"product_brand","embeddable":true,"href":"https:\/\/www.delicias-uk.com\/pt-pt\/wp-json\/wp\/v2\/product_brand?post=209620"},{"taxonomy":"product_cat","embeddable":true,"href":"https:\/\/www.delicias-uk.com\/pt-pt\/wp-json\/wp\/v2\/product_cat?post=209620"},{"taxonomy":"product_tag","embeddable":true,"href":"https:\/\/www.delicias-uk.com\/pt-pt\/wp-json\/wp\/v2\/product_tag?post=209620"}],"curies":[{"name":"wp","href":"https:\/\/api.w.org\/{rel}","templated":true}]}}