{"id":209616,"date":"2017-10-24T14:23:35","date_gmt":"2017-10-24T13:23:35","guid":{"rendered":"https:\/\/www.delicias-uk.com\/product\/cha-kit-de-emagrecimento-diese-saqueta-30g\/"},"modified":"2025-09-09T11:44:10","modified_gmt":"2025-09-09T10:44:10","slug":"cha-kit-de-emagrecimento-diese-saqueta-30g","status":"publish","type":"product","link":"https:\/\/www.delicias-uk.com\/pt-pt\/produto\/cha-kit-de-emagrecimento-diese-saqueta-30g\/","title":{"rendered":"Ch\u00e1 Kit de Emagrecimento Diese Saqueta 30g"},"content":{"rendered":"<p>Kit Emagrecer com 2 infus\u00f5es: Ajuda a perder peso, com efeitos drenantes e laxantes.<\/p>\n<p><strong>Infus\u00e3o 1 (ac\u00e7\u00e3o drenante) Ingredientes:<\/strong> Cavalinha (25%), folha de b\u00e9tula (25%), folha de bolbo (25%) e flor de hibisco (25%).<\/p>\n<p><strong>Infus\u00e3o 2 (ac\u00e7\u00e3o laxante) Ingredientes:<\/strong> Casca de Amieiro Negro (25), Folha de Bolbo (25%), Folha de Oliveira (25%) e Folha de Sene (25%)<\/p>\n<p><strong>Alerg\u00e9nios<\/strong>: nenhum<\/p>\n<p><strong>Pa\u00eds de origem<\/strong>: Portugal<\/p>\n","protected":false},"excerpt":{"rendered":"<ul style=\"list-style-type:disc;\">\n<li>Peso l\u00edquido 30g<\/li>\n<li>Cont\u00e9m 20 saquetas de 1.5g cada<\/li>\n<li>Infus\u00e3o de ervas<\/li>\n<\/ul>\n","protected":false},"author":43533,"featured_media":226042,"comment_status":"open","ping_status":"closed","template":"","meta":[],"pwb-brand":[],"product_brand":[],"product_cat":[8289,8291,8351,8525],"product_tag":[],"class_list":{"0":"post-209616","1":"product","2":"type-product","3":"status-publish","4":"has-post-thumbnail","6":"product_cat-inicio","7":"product_cat-produtos-portugueses","8":"product_cat-cafe-cha-acucar","9":"product_cat-cha-pt-pt","11":"first","12":"outofstock","13":"taxable","14":"shipping-taxable","15":"purchasable","16":"product-type-simple"},"aioseo_notices":[],"brands":[],"_links":{"self":[{"href":"https:\/\/www.delicias-uk.com\/pt-pt\/wp-json\/wp\/v2\/product\/209616","targetHints":{"allow":["GET"]}}],"collection":[{"href":"https:\/\/www.delicias-uk.com\/pt-pt\/wp-json\/wp\/v2\/product"}],"about":[{"href":"https:\/\/www.delicias-uk.com\/pt-pt\/wp-json\/wp\/v2\/types\/product"}],"author":[{"embeddable":true,"href":"https:\/\/www.delicias-uk.com\/pt-pt\/wp-json\/wp\/v2\/users\/43533"}],"replies":[{"embeddable":true,"href":"https:\/\/www.delicias-uk.com\/pt-pt\/wp-json\/wp\/v2\/comments?post=209616"}],"wp:featuredmedia":[{"embeddable":true,"href":"https:\/\/www.delicias-uk.com\/pt-pt\/wp-json\/wp\/v2\/media\/226042"}],"wp:attachment":[{"href":"https:\/\/www.delicias-uk.com\/pt-pt\/wp-json\/wp\/v2\/media?parent=209616"}],"wp:term":[{"taxonomy":"pwb-brand","embeddable":true,"href":"https:\/\/www.delicias-uk.com\/pt-pt\/wp-json\/wp\/v2\/pwb-brand?post=209616"},{"taxonomy":"product_brand","embeddable":true,"href":"https:\/\/www.delicias-uk.com\/pt-pt\/wp-json\/wp\/v2\/product_brand?post=209616"},{"taxonomy":"product_cat","embeddable":true,"href":"https:\/\/www.delicias-uk.com\/pt-pt\/wp-json\/wp\/v2\/product_cat?post=209616"},{"taxonomy":"product_tag","embeddable":true,"href":"https:\/\/www.delicias-uk.com\/pt-pt\/wp-json\/wp\/v2\/product_tag?post=209616"}],"curies":[{"name":"wp","href":"https:\/\/api.w.org\/{rel}","templated":true}]}}