{"id":209594,"date":"2017-10-24T15:23:35","date_gmt":"2017-10-24T14:23:35","guid":{"rendered":"https:\/\/www.delicias-uk.com\/product\/cha-de-boldo-barao-do-cotegipe-13g-x-10\/"},"modified":"2026-05-01T18:23:04","modified_gmt":"2026-05-01T17:23:04","slug":"cha-de-boldo-barao-do-cotegipe-13g-x-10","status":"publish","type":"product","link":"https:\/\/www.delicias-uk.com\/pt-pt\/produto\/cha-de-boldo-barao-do-cotegipe-13g-x-10\/","title":{"rendered":"Ch\u00e1 de Boldo Bar\u00e3o de Cotegipe 10x13g"},"content":{"rendered":"<p>Desde 2003, mantendo sua tradi\u00e7\u00e3o de qualidade e tecnologia, a Bar\u00e3o ampliou sua linha de produtos, mantendo sua j\u00e1 consolidada linha de Erva Mate para chimarr\u00e3o e agregando os Ch\u00e1s Bar\u00e3o, com diferentes sabores e misturas. Produzidas com dedica\u00e7\u00e3o e qualidade, a linha de ch\u00e1s logo come\u00e7ou a ganhar espa\u00e7o no mercado e hoje est\u00e1 cada vez mais presente nos lares do Rio Grande do Sul, do Brasil e do mundo.<\/p>\n<p><strong>SUGEST\u00c3O DE PREPARO: <\/strong>Quente: Utilize um sach\u00ea de Ch\u00e1 Bar\u00e3o para cada x\u00edcara (200 ml) e deixe em infus\u00e3o at\u00e9 adquirir a cor e o sabor desejados (cerca de 3 minutos), ado\u00e7ando a gosto.<\/p>\n<p><strong>INFORMA\u00c7\u00d5ES NUTRICIONAIS:<\/strong> Por\u00e7\u00e3o 200 ml* (1 x\u00edcara de ch\u00e1); N\u00e3o cont\u00e9m quantidade significativa de valor energ\u00e9tico e carboidratos, prote\u00ednas, gorduras totais, gorduras saturadas, gorduras trans, fibra alimentar e s\u00f3dio. *Quantidade de ch\u00e1 preparada com um sach\u00ea. SEM ADI\u00c7\u00c3O DE A\u00c7\u00daCAR<\/p>\n","protected":false},"excerpt":{"rendered":"<ul style=\"list-style-type:disc;\">\n<li>Cont\u00e9m 10 sach\u00eas de 13g cada<\/li>\n<li>Pronto em 3 minutos<\/li>\n<li>Produto Brasileiro<\/li>\n<\/ul>\n","protected":false},"author":43533,"featured_media":80581,"comment_status":"open","ping_status":"closed","template":"","meta":[],"pwb-brand":[],"product_brand":[],"product_cat":[8289,8293,8367,8501,8499,8347],"product_tag":[],"class_list":{"0":"post-209594","1":"product","2":"type-product","3":"status-publish","4":"has-post-thumbnail","6":"product_cat-inicio","7":"product_cat-produtos-brasileiros","8":"product_cat-cafe-cha-acucar-pt-pt","9":"product_cat-cha","10":"product_cat-sem-glutem","11":"product_cat-vegetariano","13":"first","14":"outofstock","15":"taxable","16":"shipping-taxable","17":"purchasable","18":"product-type-simple"},"aioseo_notices":[],"brands":[],"_links":{"self":[{"href":"https:\/\/www.delicias-uk.com\/pt-pt\/wp-json\/wp\/v2\/product\/209594","targetHints":{"allow":["GET"]}}],"collection":[{"href":"https:\/\/www.delicias-uk.com\/pt-pt\/wp-json\/wp\/v2\/product"}],"about":[{"href":"https:\/\/www.delicias-uk.com\/pt-pt\/wp-json\/wp\/v2\/types\/product"}],"author":[{"embeddable":true,"href":"https:\/\/www.delicias-uk.com\/pt-pt\/wp-json\/wp\/v2\/users\/43533"}],"replies":[{"embeddable":true,"href":"https:\/\/www.delicias-uk.com\/pt-pt\/wp-json\/wp\/v2\/comments?post=209594"}],"wp:featuredmedia":[{"embeddable":true,"href":"https:\/\/www.delicias-uk.com\/pt-pt\/wp-json\/wp\/v2\/media\/80581"}],"wp:attachment":[{"href":"https:\/\/www.delicias-uk.com\/pt-pt\/wp-json\/wp\/v2\/media?parent=209594"}],"wp:term":[{"taxonomy":"pwb-brand","embeddable":true,"href":"https:\/\/www.delicias-uk.com\/pt-pt\/wp-json\/wp\/v2\/pwb-brand?post=209594"},{"taxonomy":"product_brand","embeddable":true,"href":"https:\/\/www.delicias-uk.com\/pt-pt\/wp-json\/wp\/v2\/product_brand?post=209594"},{"taxonomy":"product_cat","embeddable":true,"href":"https:\/\/www.delicias-uk.com\/pt-pt\/wp-json\/wp\/v2\/product_cat?post=209594"},{"taxonomy":"product_tag","embeddable":true,"href":"https:\/\/www.delicias-uk.com\/pt-pt\/wp-json\/wp\/v2\/product_tag?post=209594"}],"curies":[{"name":"wp","href":"https:\/\/api.w.org\/{rel}","templated":true}]}}