{"id":209586,"date":"2017-10-24T14:23:35","date_gmt":"2017-10-24T14:23:35","guid":{"rendered":"https:\/\/www.delicias-uk.com\/product\/mistura-de-cereais-soluvel-tofina-200g\/"},"modified":"2025-05-05T17:39:59","modified_gmt":"2025-05-05T16:39:59","slug":"mistura-de-cereais-soluvel-tofina-200g","status":"publish","type":"product","link":"https:\/\/www.delicias-uk.com\/pt-pt\/produto\/mistura-de-cereais-soluvel-tofina-200g\/","title":{"rendered":"Mistura de Cereais Sol\u00favel Tofina 200g"},"content":{"rendered":"<p>A TOFINA \u00e9 uma bebida de cereais com caf\u00e9, composta por cevada, chic\u00f3ria e um toque de caf\u00e9. Prepare com \u00e1gua ou leite.<\/p>\n<p><strong>Ingredientes<\/strong>: Cevada, chic\u00f3ria e caf\u00e9 (15%).<\/p>\n<p><strong>Alerg\u00e9nios<\/strong>: cont\u00e9m <strong>GL\u00daTEN<\/strong>.<\/p>\n<p><strong>Informa\u00e7\u00e3o nutricional por 100g:<\/strong><\/p>\n<ul style=\"list-style-type:disc;\">\n<li>Energia 1535 kj \/ 363 kcal<\/li>\n<li>Gorduras 0,3g<\/li>\n<li>dos quais saturados 0g<\/li>\n<li>Hidratos de carbono 76,9g<\/li>\n<li>dos quais a\u00e7\u00facares 4g<\/li>\n<li>Fibra 10,9g<\/li>\n<li>Prote\u00ednas 7,6g<\/li>\n<li>Sal 0,48g<\/li>\n<\/ul>\n<p><strong>Pa\u00eds de origem<\/strong>: Portugal.<\/p>\n","protected":false},"excerpt":{"rendered":"<ul style=\"list-style-type:disc;\">\n<li>Peso l\u00edquido 200g<\/li>\n<li>Mistura de cereais sol\u00faveis e caf\u00e9<\/li>\n<li>Sem a\u00e7\u00facar adicionado<\/li>\n<\/ul>\n","protected":false},"author":43533,"featured_media":80558,"comment_status":"open","ping_status":"closed","template":"","meta":[],"pwb-brand":[],"product_brand":[],"product_cat":[8453],"product_tag":[],"class_list":{"0":"post-209586","1":"product","2":"type-product","3":"status-publish","4":"has-post-thumbnail","6":"product_cat-cafe","8":"first","9":"instock","10":"taxable","11":"shipping-taxable","12":"purchasable","13":"product-type-simple"},"aioseo_notices":[],"brands":[],"_links":{"self":[{"href":"https:\/\/www.delicias-uk.com\/pt-pt\/wp-json\/wp\/v2\/product\/209586","targetHints":{"allow":["GET"]}}],"collection":[{"href":"https:\/\/www.delicias-uk.com\/pt-pt\/wp-json\/wp\/v2\/product"}],"about":[{"href":"https:\/\/www.delicias-uk.com\/pt-pt\/wp-json\/wp\/v2\/types\/product"}],"author":[{"embeddable":true,"href":"https:\/\/www.delicias-uk.com\/pt-pt\/wp-json\/wp\/v2\/users\/43533"}],"replies":[{"embeddable":true,"href":"https:\/\/www.delicias-uk.com\/pt-pt\/wp-json\/wp\/v2\/comments?post=209586"}],"wp:featuredmedia":[{"embeddable":true,"href":"https:\/\/www.delicias-uk.com\/pt-pt\/wp-json\/wp\/v2\/media\/80558"}],"wp:attachment":[{"href":"https:\/\/www.delicias-uk.com\/pt-pt\/wp-json\/wp\/v2\/media?parent=209586"}],"wp:term":[{"taxonomy":"pwb-brand","embeddable":true,"href":"https:\/\/www.delicias-uk.com\/pt-pt\/wp-json\/wp\/v2\/pwb-brand?post=209586"},{"taxonomy":"product_brand","embeddable":true,"href":"https:\/\/www.delicias-uk.com\/pt-pt\/wp-json\/wp\/v2\/product_brand?post=209586"},{"taxonomy":"product_cat","embeddable":true,"href":"https:\/\/www.delicias-uk.com\/pt-pt\/wp-json\/wp\/v2\/product_cat?post=209586"},{"taxonomy":"product_tag","embeddable":true,"href":"https:\/\/www.delicias-uk.com\/pt-pt\/wp-json\/wp\/v2\/product_tag?post=209586"}],"curies":[{"name":"wp","href":"https:\/\/api.w.org\/{rel}","templated":true}]}}