{"id":209584,"date":"2017-10-24T14:23:35","date_gmt":"2017-10-24T14:23:35","guid":{"rendered":"https:\/\/www.delicias-uk.com\/product\/cafe-soluvel-mokambo-com-cereais-200g\/"},"modified":"2026-04-15T08:46:55","modified_gmt":"2026-04-15T07:46:55","slug":"cafe-soluvel-mokambo-com-cereais-200g","status":"publish","type":"product","link":"https:\/\/www.delicias-uk.com\/pt-pt\/produto\/cafe-soluvel-mokambo-com-cereais-200g\/","title":{"rendered":"Caf\u00e9 Mokambo Sol\u00favel com Cereais 200g"},"content":{"rendered":"<p>Cereais com bebida sol\u00favel em caf\u00e9 de sabor intenso, para um pequeno-almo\u00e7o delicioso. Uma variedade de cereais combinados com 20% de caf\u00e9, para come\u00e7ar o dia com energia. Fonte de fibra, tem ingredientes naturais e n\u00e3o cont\u00e9m adi\u00e7\u00e3o de gordura ou a\u00e7\u00facares. Prepare com \u00e1gua ou leite.<\/p>\n<p><strong>Ingredientes<\/strong>: Cevada, chic\u00f3ria, caf\u00e9 (20%) e centeio.<\/p>\n<p><strong>Alerg\u00e9nios<\/strong>: cont\u00e9m <strong>GL\u00daTEN<\/strong>.<\/p>\n<p><strong>Informa\u00e7\u00e3o nutricional por 100g:<\/strong><\/p>\n<ul style=\"list-style-type:disc;\">\n<li>Energia 1513 Kj \/ 357 Kcal<\/li>\n<li>Gorduras 0,2g<\/li>\n<li>dos quais saturados 0g<\/li>\n<li>Hidratos de carbono 75,4g<\/li>\n<li>dos quais a\u00e7\u00facares 4,9g<\/li>\n<li>Fibra 11,4g<\/li>\n<li>Prote\u00ednas 7,8g<\/li>\n<li>Sal 0,49g<\/li>\n<\/ul>\n<p><strong>Pa\u00eds de origem<\/strong>: Portugal.<\/p>\n","protected":false},"excerpt":{"rendered":"<ul style=\"list-style-type:disc;\">\n<li>Peso l\u00edquido 200g<\/li>\n<li>Mistura de caf\u00e9 com cereais sol\u00favel<\/li>\n<li>Cont\u00e9m gl\u00faten<\/li>\n<\/ul>\n","protected":false},"author":43533,"featured_media":80552,"comment_status":"open","ping_status":"closed","template":"","meta":[],"pwb-brand":[],"product_brand":[],"product_cat":[8289,8291,8351,8453,8539],"product_tag":[],"class_list":{"0":"post-209584","1":"product","2":"type-product","3":"status-publish","4":"has-post-thumbnail","6":"product_cat-inicio","7":"product_cat-produtos-portugueses","8":"product_cat-cafe-cha-acucar","9":"product_cat-cafe","10":"product_cat-sem-lactose","12":"first","13":"instock","14":"taxable","15":"shipping-taxable","16":"purchasable","17":"product-type-simple"},"aioseo_notices":[],"brands":[],"_links":{"self":[{"href":"https:\/\/www.delicias-uk.com\/pt-pt\/wp-json\/wp\/v2\/product\/209584","targetHints":{"allow":["GET"]}}],"collection":[{"href":"https:\/\/www.delicias-uk.com\/pt-pt\/wp-json\/wp\/v2\/product"}],"about":[{"href":"https:\/\/www.delicias-uk.com\/pt-pt\/wp-json\/wp\/v2\/types\/product"}],"author":[{"embeddable":true,"href":"https:\/\/www.delicias-uk.com\/pt-pt\/wp-json\/wp\/v2\/users\/43533"}],"replies":[{"embeddable":true,"href":"https:\/\/www.delicias-uk.com\/pt-pt\/wp-json\/wp\/v2\/comments?post=209584"}],"wp:featuredmedia":[{"embeddable":true,"href":"https:\/\/www.delicias-uk.com\/pt-pt\/wp-json\/wp\/v2\/media\/80552"}],"wp:attachment":[{"href":"https:\/\/www.delicias-uk.com\/pt-pt\/wp-json\/wp\/v2\/media?parent=209584"}],"wp:term":[{"taxonomy":"pwb-brand","embeddable":true,"href":"https:\/\/www.delicias-uk.com\/pt-pt\/wp-json\/wp\/v2\/pwb-brand?post=209584"},{"taxonomy":"product_brand","embeddable":true,"href":"https:\/\/www.delicias-uk.com\/pt-pt\/wp-json\/wp\/v2\/product_brand?post=209584"},{"taxonomy":"product_cat","embeddable":true,"href":"https:\/\/www.delicias-uk.com\/pt-pt\/wp-json\/wp\/v2\/product_cat?post=209584"},{"taxonomy":"product_tag","embeddable":true,"href":"https:\/\/www.delicias-uk.com\/pt-pt\/wp-json\/wp\/v2\/product_tag?post=209584"}],"curies":[{"name":"wp","href":"https:\/\/api.w.org\/{rel}","templated":true}]}}