{"id":209582,"date":"2017-10-24T15:23:35","date_gmt":"2017-10-24T14:23:35","guid":{"rendered":"https:\/\/www.delicias-uk.com\/product\/cevada-soluvel-pensal-200g\/"},"modified":"2026-04-08T11:03:18","modified_gmt":"2026-04-08T10:03:18","slug":"cevada-soluvel-pensal-200g","status":"publish","type":"product","link":"https:\/\/www.delicias-uk.com\/pt-pt\/produto\/cevada-soluvel-pensal-200g\/","title":{"rendered":"Cevada Pensal Sol\u00favel 200g"},"content":{"rendered":"<p>O PENSAL \u00e9 uma bebida sem caf\u00e9 composta 100% por cevada. \u00c9 rico em fibra, tem ingredientes naturais e n\u00e3o cont\u00e9m adi\u00e7\u00e3o de gordura ou a\u00e7\u00facares. \u00c9 uma bebida de sabor suave para consumir a qualquer hora do dia. Experimente antes de dormir, para uma noite mais reconfortante. A cevada natural ajuda a revitalizar o organismo.<\/p>\n<p><strong>Ingredientes<\/strong>: Farinha de trigo (32,2%), farinha de trigo hidrolisada (28,8%), a\u00e7\u00facar, g\u00e9rmen de alfarroba, cacau magro em p\u00f3 (3%), farinha de alfarroba, sal, carbonato de c\u00e1lcio, ferro reduzido , vitaminas (C, tiamina, riboflavina). , niacina, B6, \u00e1cido f\u00f3lico, \u00e1cido pantot\u00e9nico, B12), aroma (vanilina).<\/p>\n<p><strong>Alerg\u00e9nios<\/strong>: cont\u00e9m <strong>GL\u00daTEN<\/strong> e <strong>LEITE<\/strong>.<\/p>\n<p><strong>Informa\u00e7\u00e3o nutricional por 100g:<\/strong><\/p>\n<ul style=\"list-style-type:disc\">\n<li>Energia 1555 Kj \/ 367 Kcal<\/li>\n<li>Gorduras 1,9g<\/li>\n<li>dos quais saturados 0,3g<\/li>\n<li>Hidratos de carbono 70g<\/li>\n<li>dos quais a\u00e7\u00facares 26g<\/li>\n<li>5g de fibra<\/li>\n<li>Prote\u00ednas 15g<\/li>\n<li>Sal 0,4g<\/li>\n<\/ul>\n<p><strong>Pa\u00eds de origem<\/strong>: Portugal.<\/p>\n","protected":false},"excerpt":{"rendered":"<ul style=\"list-style-type:disc\">\n<li>Peso l\u00edquido 200g<\/li>\n<li>Sem a\u00e7\u00facar adicionado<\/li>\n<li>100% feito de cevada<\/li>\n<\/ul>\n","protected":false},"author":43533,"featured_media":80544,"comment_status":"open","ping_status":"closed","template":"","meta":[],"pwb-brand":[],"product_brand":[],"product_cat":[8453],"product_tag":[],"class_list":{"0":"post-209582","1":"product","2":"type-product","3":"status-publish","4":"has-post-thumbnail","6":"product_cat-cafe","8":"first","9":"instock","10":"taxable","11":"shipping-taxable","12":"purchasable","13":"product-type-simple"},"aioseo_notices":[],"brands":[],"_links":{"self":[{"href":"https:\/\/www.delicias-uk.com\/pt-pt\/wp-json\/wp\/v2\/product\/209582","targetHints":{"allow":["GET"]}}],"collection":[{"href":"https:\/\/www.delicias-uk.com\/pt-pt\/wp-json\/wp\/v2\/product"}],"about":[{"href":"https:\/\/www.delicias-uk.com\/pt-pt\/wp-json\/wp\/v2\/types\/product"}],"author":[{"embeddable":true,"href":"https:\/\/www.delicias-uk.com\/pt-pt\/wp-json\/wp\/v2\/users\/43533"}],"replies":[{"embeddable":true,"href":"https:\/\/www.delicias-uk.com\/pt-pt\/wp-json\/wp\/v2\/comments?post=209582"}],"wp:featuredmedia":[{"embeddable":true,"href":"https:\/\/www.delicias-uk.com\/pt-pt\/wp-json\/wp\/v2\/media\/80544"}],"wp:attachment":[{"href":"https:\/\/www.delicias-uk.com\/pt-pt\/wp-json\/wp\/v2\/media?parent=209582"}],"wp:term":[{"taxonomy":"pwb-brand","embeddable":true,"href":"https:\/\/www.delicias-uk.com\/pt-pt\/wp-json\/wp\/v2\/pwb-brand?post=209582"},{"taxonomy":"product_brand","embeddable":true,"href":"https:\/\/www.delicias-uk.com\/pt-pt\/wp-json\/wp\/v2\/product_brand?post=209582"},{"taxonomy":"product_cat","embeddable":true,"href":"https:\/\/www.delicias-uk.com\/pt-pt\/wp-json\/wp\/v2\/product_cat?post=209582"},{"taxonomy":"product_tag","embeddable":true,"href":"https:\/\/www.delicias-uk.com\/pt-pt\/wp-json\/wp\/v2\/product_tag?post=209582"}],"curies":[{"name":"wp","href":"https:\/\/api.w.org\/{rel}","templated":true}]}}