{"id":209570,"date":"2017-10-24T14:23:34","date_gmt":"2017-10-24T13:23:34","guid":{"rendered":"https:\/\/www.delicias-uk.com\/product\/acucar-amarelo-torrado-rar-1kg\/"},"modified":"2026-03-26T22:00:52","modified_gmt":"2026-03-26T22:00:52","slug":"acucar-amarelo-torrado-rar-1kg","status":"publish","type":"product","link":"https:\/\/www.delicias-uk.com\/pt-pt\/produto\/acucar-amarelo-torrado-rar-1kg\/","title":{"rendered":"A\u00e7\u00facar Amarelo Torrado Rar 1kg"},"content":{"rendered":"<p>O a\u00e7\u00facar mascavado tem cor, sabor e aroma caracter\u00edsticos, uma vez que ret\u00e9m parte dos corantes naturais da cana-de-a\u00e7\u00facar. Por ser um a\u00e7\u00facar mais h\u00famido e de f\u00e1cil dissolu\u00e7\u00e3o, \u00e9 ideal para massas onde o teor de humidade \u00e9 importante, como na do\u00e7aria regional e tradicional. Este a\u00e7\u00facar d\u00e1 tamb\u00e9m um sabor especial ao ch\u00e1, ao caf\u00e9 e \u00e0s caipirinhas.<\/p>\n<p><strong>Ingredientes<\/strong>: a\u00e7\u00facar mascavado.<\/p>\n<p><strong>Alerg\u00e9nios<\/strong>: nenhum.<\/p>\n<p><strong>Informa\u00e7\u00e3o nutricional por 100g:<\/strong><\/p>\n<ul style=\"list-style-type:disc;\">\n<li>Energia 1647 KJ \/ 388 Kcal<\/li>\n<li>Gordura 0g<\/li>\n<li>dos quais Saturado 0 g<\/li>\n<li>Hidratos de carbono 97g<\/li>\n<li>dos quais A\u00e7\u00facares 97g<\/li>\n<li>Prote\u00edna 0g<\/li>\n<li>Sal 0g<\/li>\n<\/ul>\n<p><strong>Pa\u00eds de origem<\/strong>: Portugal.<\/p>\n","protected":false},"excerpt":{"rendered":"<ul style=\"list-style-type:disc;\">\n<li>Peso l\u00edquido 1kg<\/li>\n<li>Perfeito para sobremesas e cocktails<\/li>\n<li>100% de cana de a\u00e7\u00facar<\/li>\n<\/ul>\n","protected":false},"author":43533,"featured_media":80508,"comment_status":"open","ping_status":"closed","template":"","meta":[],"pwb-brand":[],"product_brand":[],"product_cat":[8561],"product_tag":[],"class_list":{"0":"post-209570","1":"product","2":"type-product","3":"status-publish","4":"has-post-thumbnail","6":"product_cat-acucar-adocante","8":"first","9":"instock","10":"taxable","11":"shipping-taxable","12":"purchasable","13":"product-type-simple"},"aioseo_notices":[],"brands":[],"_links":{"self":[{"href":"https:\/\/www.delicias-uk.com\/pt-pt\/wp-json\/wp\/v2\/product\/209570","targetHints":{"allow":["GET"]}}],"collection":[{"href":"https:\/\/www.delicias-uk.com\/pt-pt\/wp-json\/wp\/v2\/product"}],"about":[{"href":"https:\/\/www.delicias-uk.com\/pt-pt\/wp-json\/wp\/v2\/types\/product"}],"author":[{"embeddable":true,"href":"https:\/\/www.delicias-uk.com\/pt-pt\/wp-json\/wp\/v2\/users\/43533"}],"replies":[{"embeddable":true,"href":"https:\/\/www.delicias-uk.com\/pt-pt\/wp-json\/wp\/v2\/comments?post=209570"}],"wp:featuredmedia":[{"embeddable":true,"href":"https:\/\/www.delicias-uk.com\/pt-pt\/wp-json\/wp\/v2\/media\/80508"}],"wp:attachment":[{"href":"https:\/\/www.delicias-uk.com\/pt-pt\/wp-json\/wp\/v2\/media?parent=209570"}],"wp:term":[{"taxonomy":"pwb-brand","embeddable":true,"href":"https:\/\/www.delicias-uk.com\/pt-pt\/wp-json\/wp\/v2\/pwb-brand?post=209570"},{"taxonomy":"product_brand","embeddable":true,"href":"https:\/\/www.delicias-uk.com\/pt-pt\/wp-json\/wp\/v2\/product_brand?post=209570"},{"taxonomy":"product_cat","embeddable":true,"href":"https:\/\/www.delicias-uk.com\/pt-pt\/wp-json\/wp\/v2\/product_cat?post=209570"},{"taxonomy":"product_tag","embeddable":true,"href":"https:\/\/www.delicias-uk.com\/pt-pt\/wp-json\/wp\/v2\/product_tag?post=209570"}],"curies":[{"name":"wp","href":"https:\/\/api.w.org\/{rel}","templated":true}]}}