{"id":209562,"date":"2017-10-24T11:56:37","date_gmt":"2017-10-24T11:56:37","guid":{"rendered":"https:\/\/www.delicias-uk.com\/product\/flocos-de-neve-vieira-saqueta-250g\/"},"modified":"2026-03-23T13:59:35","modified_gmt":"2026-03-23T13:59:35","slug":"flocos-de-neve-vieira-saqueta-250g","status":"publish","type":"product","link":"https:\/\/www.delicias-uk.com\/pt-pt\/produto\/flocos-de-neve-vieira-saqueta-250g\/","title":{"rendered":"Flocos de Neve Vieira Saqueta 250g"},"content":{"rendered":"<p>Os doces ic\u00f3nicos da Vieira. Uma guloseima com um sabor delicado que fica na mem\u00f3ria.<\/p>\n<p><strong>Ingredientes<\/strong>: A\u00e7\u00facar, xarope de glucose, acidificante (\u00e1cido c\u00edtrico), corante (di\u00f3xido de tit\u00e2nio) e aroma.<\/p>\n<p><strong>Alerg\u00e9nios<\/strong>: Pode conter vest\u00edgios de <strong>amendoins, leite ou derivados, soja, frutos secos e sulfitos.<\/strong><\/p>\n<p><strong>Informa\u00e7\u00e3o nutricional por 100g:<\/strong><\/p>\n<ul style=\"list-style-type:disc;\">\n<li>Energia 1.637 kJ\/385 kcal<\/li>\n<li>L\u00edpidos 0g dos quais:<\/li>\n<li>Saturado 0g<\/li>\n<li>Hidratos de carbono 96,3g dos quais:<\/li>\n<li>A\u00e7\u00facares 94,1g<\/li>\n<li>Prote\u00ednas 0g<\/li>\n<li>Sal 0g<\/li>\n<\/ul>\n<p><strong>Pa\u00eds de origem<\/strong>: Portugal<\/p>\n","protected":false},"excerpt":{"rendered":"<ul style=\"list-style-type:disc;\">\n<li>Sabor a fruta inconfund\u00edvel<\/li>\n<li>N\u00e3o cont\u00e9m gl\u00faten<\/li>\n<li>Isento de OGM (Organismos Geneticamente Modificados)<\/li>\n<li>Embalagem recicl\u00e1vel<\/li>\n<\/ul>\n","protected":false},"author":43533,"featured_media":80484,"comment_status":"open","ping_status":"closed","template":"","meta":[],"pwb-brand":[],"product_brand":[],"product_cat":[8289,8291,8365,8531,8499],"product_tag":[],"class_list":{"0":"post-209562","1":"product","2":"type-product","3":"status-publish","4":"has-post-thumbnail","6":"product_cat-inicio","7":"product_cat-produtos-portugueses","8":"product_cat-confeitaria","9":"product_cat-chiclet-s-drops-pt-pt","10":"product_cat-sem-glutem","12":"first","13":"instock","14":"taxable","15":"shipping-taxable","16":"purchasable","17":"product-type-simple"},"aioseo_notices":[],"brands":[],"_links":{"self":[{"href":"https:\/\/www.delicias-uk.com\/pt-pt\/wp-json\/wp\/v2\/product\/209562","targetHints":{"allow":["GET"]}}],"collection":[{"href":"https:\/\/www.delicias-uk.com\/pt-pt\/wp-json\/wp\/v2\/product"}],"about":[{"href":"https:\/\/www.delicias-uk.com\/pt-pt\/wp-json\/wp\/v2\/types\/product"}],"author":[{"embeddable":true,"href":"https:\/\/www.delicias-uk.com\/pt-pt\/wp-json\/wp\/v2\/users\/43533"}],"replies":[{"embeddable":true,"href":"https:\/\/www.delicias-uk.com\/pt-pt\/wp-json\/wp\/v2\/comments?post=209562"}],"wp:featuredmedia":[{"embeddable":true,"href":"https:\/\/www.delicias-uk.com\/pt-pt\/wp-json\/wp\/v2\/media\/80484"}],"wp:attachment":[{"href":"https:\/\/www.delicias-uk.com\/pt-pt\/wp-json\/wp\/v2\/media?parent=209562"}],"wp:term":[{"taxonomy":"pwb-brand","embeddable":true,"href":"https:\/\/www.delicias-uk.com\/pt-pt\/wp-json\/wp\/v2\/pwb-brand?post=209562"},{"taxonomy":"product_brand","embeddable":true,"href":"https:\/\/www.delicias-uk.com\/pt-pt\/wp-json\/wp\/v2\/product_brand?post=209562"},{"taxonomy":"product_cat","embeddable":true,"href":"https:\/\/www.delicias-uk.com\/pt-pt\/wp-json\/wp\/v2\/product_cat?post=209562"},{"taxonomy":"product_tag","embeddable":true,"href":"https:\/\/www.delicias-uk.com\/pt-pt\/wp-json\/wp\/v2\/product_tag?post=209562"}],"curies":[{"name":"wp","href":"https:\/\/api.w.org\/{rel}","templated":true}]}}