{"id":209554,"date":"2017-10-24T11:56:37","date_gmt":"2017-10-24T11:56:37","guid":{"rendered":"https:\/\/www.delicias-uk.com\/product\/caramelos-penha-sabor-ao-leite-saqueta-100g\/"},"modified":"2025-02-06T17:16:02","modified_gmt":"2025-02-06T17:16:02","slug":"caramelos-penha-sabor-ao-leite-saqueta-100g","status":"publish","type":"product","link":"https:\/\/www.delicias-uk.com\/pt-pt\/produto\/caramelos-penha-sabor-ao-leite-saqueta-100g\/","title":{"rendered":"Caramelos Penha Sabor ao Leite Saqueta 100g"},"content":{"rendered":"<p>O caramelo de creme de leite ic\u00f4nico original. Sensa\u00e7\u00e3o suave e cremosa com o sabor doce de caramelo.<\/p>\n<p><strong>Ingredientes<\/strong>: Xarope de glicose, a\u00e7\u00facar, \u00f3leo vegetal (\u00f3leo de palma), leite em p\u00f3 parcialmente desnatado (6%), sal, emulsificante (lecitina de soja), aromas e antioxidantes (vitamina E e vitamina C).<\/p>\n<p><strong>Al\u00e9rgenos<\/strong>: cont\u00e9m <strong>LACTOSE<\/strong> e <strong>SOJA<\/strong>.<\/p>\n<p><strong>Informa\u00e7\u00f5es nutricionais por 100g:<\/strong><\/p>\n<ul style=\"list-style-type:disc;\">\n<li>Energia 1689 Kj \/ 400 kcal<\/li>\n<li>Gorduras 8,8g<\/li>\n<li>das quais saturadas 4,5g<\/li>\n<li>Carboidratos 78g<\/li>\n<li>dos quais a\u00e7\u00facares 60,4g<\/li>\n<li>Prote\u00ednas 2,2g<\/li>\n<li>Sal 0,3g<\/li>\n<\/ul>\n<p><strong>Pa\u00eds de origem<\/strong>: Portugal.<\/p>\n","protected":false},"excerpt":{"rendered":"<ul style=\"list-style-type:disc;\">\n<li>Peso l\u00edquido 100g<\/li>\n<li>Sem gl\u00faten<\/li>\n<li>Pronto para consumo<\/li>\n<\/ul>\n","protected":false},"author":43533,"featured_media":80458,"comment_status":"open","ping_status":"closed","template":"","meta":[],"pwb-brand":[],"product_brand":[],"product_cat":[8289,8291,8365,8531],"product_tag":[],"class_list":{"0":"post-209554","1":"product","2":"type-product","3":"status-publish","4":"has-post-thumbnail","6":"product_cat-inicio","7":"product_cat-produtos-portugueses","8":"product_cat-confeitaria","9":"product_cat-chiclet-s-drops-pt-pt","11":"first","12":"instock","13":"taxable","14":"shipping-taxable","15":"purchasable","16":"product-type-simple"},"aioseo_notices":[],"brands":[],"_links":{"self":[{"href":"https:\/\/www.delicias-uk.com\/pt-pt\/wp-json\/wp\/v2\/product\/209554","targetHints":{"allow":["GET"]}}],"collection":[{"href":"https:\/\/www.delicias-uk.com\/pt-pt\/wp-json\/wp\/v2\/product"}],"about":[{"href":"https:\/\/www.delicias-uk.com\/pt-pt\/wp-json\/wp\/v2\/types\/product"}],"author":[{"embeddable":true,"href":"https:\/\/www.delicias-uk.com\/pt-pt\/wp-json\/wp\/v2\/users\/43533"}],"replies":[{"embeddable":true,"href":"https:\/\/www.delicias-uk.com\/pt-pt\/wp-json\/wp\/v2\/comments?post=209554"}],"wp:featuredmedia":[{"embeddable":true,"href":"https:\/\/www.delicias-uk.com\/pt-pt\/wp-json\/wp\/v2\/media\/80458"}],"wp:attachment":[{"href":"https:\/\/www.delicias-uk.com\/pt-pt\/wp-json\/wp\/v2\/media?parent=209554"}],"wp:term":[{"taxonomy":"pwb-brand","embeddable":true,"href":"https:\/\/www.delicias-uk.com\/pt-pt\/wp-json\/wp\/v2\/pwb-brand?post=209554"},{"taxonomy":"product_brand","embeddable":true,"href":"https:\/\/www.delicias-uk.com\/pt-pt\/wp-json\/wp\/v2\/product_brand?post=209554"},{"taxonomy":"product_cat","embeddable":true,"href":"https:\/\/www.delicias-uk.com\/pt-pt\/wp-json\/wp\/v2\/product_cat?post=209554"},{"taxonomy":"product_tag","embeddable":true,"href":"https:\/\/www.delicias-uk.com\/pt-pt\/wp-json\/wp\/v2\/product_tag?post=209554"}],"curies":[{"name":"wp","href":"https:\/\/api.w.org\/{rel}","templated":true}]}}