{"id":209550,"date":"2017-10-24T11:56:37","date_gmt":"2017-10-24T10:56:37","guid":{"rendered":"https:\/\/www.delicias-uk.com\/product\/sugus-5-sabores-45g\/"},"modified":"2025-12-08T00:11:36","modified_gmt":"2025-12-08T00:11:36","slug":"sugus-5-sabores-45g","status":"publish","type":"product","link":"https:\/\/www.delicias-uk.com\/pt-pt\/produto\/sugus-5-sabores-45g\/","title":{"rendered":"Sugus 5 Sabores 45g"},"content":{"rendered":"<p>Quem n\u00e3o se lembra da felicidade de comer Sugus na inf\u00e2ncia? Aquela sensa\u00e7\u00e3o de recompensa ao receber um ou mais Sugus. Seu formato embalado individualmente faz deste um caramelo que nos d\u00e1 a seguran\u00e7a de estar em perfeitas condi\u00e7\u00f5es.<\/p>\n<p><strong>Ingredientes<\/strong>: Xarope de glicose, a\u00e7\u00facar, \u00f3leo de palma, acidulante \u00e1cido c\u00edtrico, suco de fruta concentrado 0,5% (laranja, abacaxi, lim\u00e3o, morango, cereja), amido modificado, dextrina, aromas, maldodextrina, emulsificante lecitina SOJA, corante beterraba vermelha, betacaroteno.<\/p>\n<p><strong>Alerg\u00eanicos<\/strong>: cont\u00e9m <strong>SOJA<\/strong>.<\/p>\n<p><strong>Informa\u00e7\u00f5es nutricionais por 100g:<\/strong><\/p>\n<ul style=\"list-style-type:disc;\">\n<li>Energia 1711 Kj \/ 405 kcal<\/li>\n<li>Gorduras 7,3g<\/li>\n<li>das quais saturadas 4,1g<\/li>\n<li>Carboidratos 84,1g<\/li>\n<li>dos quais a\u00e7\u00facares 83,3g<\/li>\n<li>Prote\u00ednas 1g<\/li>\n<li>Sal 0g<\/li>\n<\/ul>\n<p><strong>Pa\u00eds de origem<\/strong>: Portugal.<\/p>\n","protected":false},"excerpt":{"rendered":"<ul style=\"list-style-type:disc;\">\n<li>Peso l\u00edquido 45g<\/li>\n<li>Mix de 5 sabores: morango, laranja, ananas, lim\u00e3o e cereja<\/li>\n<li>Sem gl\u00faten<\/li>\n<\/ul>\n","protected":false},"author":43533,"featured_media":80446,"comment_status":"open","ping_status":"closed","template":"","meta":[],"pwb-brand":[],"product_brand":[],"product_cat":[8289,8291,8365,8531,8499],"product_tag":[],"class_list":{"0":"post-209550","1":"product","2":"type-product","3":"status-publish","4":"has-post-thumbnail","6":"product_cat-inicio","7":"product_cat-produtos-portugueses","8":"product_cat-confeitaria","9":"product_cat-chiclet-s-drops-pt-pt","10":"product_cat-sem-glutem","12":"first","13":"instock","14":"taxable","15":"shipping-taxable","16":"purchasable","17":"product-type-simple"},"aioseo_notices":[],"brands":[],"_links":{"self":[{"href":"https:\/\/www.delicias-uk.com\/pt-pt\/wp-json\/wp\/v2\/product\/209550","targetHints":{"allow":["GET"]}}],"collection":[{"href":"https:\/\/www.delicias-uk.com\/pt-pt\/wp-json\/wp\/v2\/product"}],"about":[{"href":"https:\/\/www.delicias-uk.com\/pt-pt\/wp-json\/wp\/v2\/types\/product"}],"author":[{"embeddable":true,"href":"https:\/\/www.delicias-uk.com\/pt-pt\/wp-json\/wp\/v2\/users\/43533"}],"replies":[{"embeddable":true,"href":"https:\/\/www.delicias-uk.com\/pt-pt\/wp-json\/wp\/v2\/comments?post=209550"}],"wp:featuredmedia":[{"embeddable":true,"href":"https:\/\/www.delicias-uk.com\/pt-pt\/wp-json\/wp\/v2\/media\/80446"}],"wp:attachment":[{"href":"https:\/\/www.delicias-uk.com\/pt-pt\/wp-json\/wp\/v2\/media?parent=209550"}],"wp:term":[{"taxonomy":"pwb-brand","embeddable":true,"href":"https:\/\/www.delicias-uk.com\/pt-pt\/wp-json\/wp\/v2\/pwb-brand?post=209550"},{"taxonomy":"product_brand","embeddable":true,"href":"https:\/\/www.delicias-uk.com\/pt-pt\/wp-json\/wp\/v2\/product_brand?post=209550"},{"taxonomy":"product_cat","embeddable":true,"href":"https:\/\/www.delicias-uk.com\/pt-pt\/wp-json\/wp\/v2\/product_cat?post=209550"},{"taxonomy":"product_tag","embeddable":true,"href":"https:\/\/www.delicias-uk.com\/pt-pt\/wp-json\/wp\/v2\/product_tag?post=209550"}],"curies":[{"name":"wp","href":"https:\/\/api.w.org\/{rel}","templated":true}]}}