{"id":209524,"date":"2017-10-24T12:24:22","date_gmt":"2017-10-24T11:24:22","guid":{"rendered":"https:\/\/www.delicias-uk.com\/product\/bolacha-cuetara-tostada-800g-2\/"},"modified":"2026-05-04T11:09:17","modified_gmt":"2026-05-04T10:09:17","slug":"bolacha-cuetara-tostada-800g-2","status":"publish","type":"product","link":"https:\/\/www.delicias-uk.com\/pt-pt\/produto\/bolacha-cuetara-tostada-800g-2\/","title":{"rendered":"Bolacha Tostada Cu\u00e9tara 800g"},"content":{"rendered":"<p><strong>Bolachas Com Alma<\/strong><\/p>\n<p>A hist\u00f3ria da Cu\u00e9tara \u00e9 um emocionante relato com mais de 80 anos de esfor\u00e7o e amor pela elabora\u00e7\u00e3o de bolachas. D\u00e9cada ap\u00f3s d\u00e9cada, gera\u00e7\u00e3o ap\u00f3s gera\u00e7\u00e3o, sempre com respeito pela tradi\u00e7\u00e3o artesanal, mas com car\u00e1cter inovador. Orgulhosos de continuar sendo, e tentando ser sempre, os melhores.<\/p>\n<p>Ao longo dos anos, os mestres em bolachas da Cu\u00e9tara foram criando receitas e variedades \u00fanicas que cativaram v\u00e1rias gera\u00e7\u00f5es pela sua originalidade e autenticidade. S\u00e3o produtos saborosos, com muita tradi\u00e7\u00e3o, sem perder o toque inovador.\u00a0<\/p>\n<p><strong>Bolacha Tostada:<\/strong> A Tostada e uma boa base para combinar: manteiga, queijo fresco, creme de chocolate&#8230; Alguns preferem fazer com elas uma \u201csandes recheada\u201d, e outros preferem barras uma fina capa, sem sair das bordas. Em casa, cada um vem \u00e0 sua maneira, mas todos concordam, a Tostada melhor, \u00e9 a da Cuetara.<\/p>\n","protected":false},"excerpt":{"rendered":"<p>. Bolacha Tostada\u00a0<\/p>\n<p>. Uma boa base para combinar: manteiga, queijo fresco, creme de chocolate<\/p>\n<p>. Marca: Cuetara<\/p>\n","protected":false},"author":43533,"featured_media":80382,"comment_status":"open","ping_status":"closed","template":"","meta":[],"pwb-brand":[],"product_brand":[],"product_cat":[8289,8291,8365,8461],"product_tag":[],"class_list":{"0":"post-209524","1":"product","2":"type-product","3":"status-publish","4":"has-post-thumbnail","6":"product_cat-inicio","7":"product_cat-produtos-portugueses","8":"product_cat-confeitaria","9":"product_cat-bolachas","11":"first","12":"instock","13":"taxable","14":"shipping-taxable","15":"purchasable","16":"product-type-simple"},"aioseo_notices":[],"brands":[],"_links":{"self":[{"href":"https:\/\/www.delicias-uk.com\/pt-pt\/wp-json\/wp\/v2\/product\/209524","targetHints":{"allow":["GET"]}}],"collection":[{"href":"https:\/\/www.delicias-uk.com\/pt-pt\/wp-json\/wp\/v2\/product"}],"about":[{"href":"https:\/\/www.delicias-uk.com\/pt-pt\/wp-json\/wp\/v2\/types\/product"}],"author":[{"embeddable":true,"href":"https:\/\/www.delicias-uk.com\/pt-pt\/wp-json\/wp\/v2\/users\/43533"}],"replies":[{"embeddable":true,"href":"https:\/\/www.delicias-uk.com\/pt-pt\/wp-json\/wp\/v2\/comments?post=209524"}],"wp:featuredmedia":[{"embeddable":true,"href":"https:\/\/www.delicias-uk.com\/pt-pt\/wp-json\/wp\/v2\/media\/80382"}],"wp:attachment":[{"href":"https:\/\/www.delicias-uk.com\/pt-pt\/wp-json\/wp\/v2\/media?parent=209524"}],"wp:term":[{"taxonomy":"pwb-brand","embeddable":true,"href":"https:\/\/www.delicias-uk.com\/pt-pt\/wp-json\/wp\/v2\/pwb-brand?post=209524"},{"taxonomy":"product_brand","embeddable":true,"href":"https:\/\/www.delicias-uk.com\/pt-pt\/wp-json\/wp\/v2\/product_brand?post=209524"},{"taxonomy":"product_cat","embeddable":true,"href":"https:\/\/www.delicias-uk.com\/pt-pt\/wp-json\/wp\/v2\/product_cat?post=209524"},{"taxonomy":"product_tag","embeddable":true,"href":"https:\/\/www.delicias-uk.com\/pt-pt\/wp-json\/wp\/v2\/product_tag?post=209524"}],"curies":[{"name":"wp","href":"https:\/\/api.w.org\/{rel}","templated":true}]}}