{"id":209522,"date":"2017-10-24T12:24:22","date_gmt":"2017-10-24T11:24:22","guid":{"rendered":"https:\/\/www.delicias-uk.com\/product\/bolacha-cuetara-maria-800g-2\/"},"modified":"2026-04-15T16:39:48","modified_gmt":"2026-04-15T15:39:48","slug":"bolacha-cuetara-maria-800g-2","status":"publish","type":"product","link":"https:\/\/www.delicias-uk.com\/pt-pt\/produto\/bolacha-cuetara-maria-800g-2\/","title":{"rendered":"Bolacha Maria Cu\u00e9tara 800g"},"content":{"rendered":"<p style=\"margin-top:0pt;margin-bottom:0pt;margin-left:0in;text-align:left\"><strong><span style=\"font-family:Calibri\"><span style=\"font-size:16px\">Bolachas Com Alma<\/span><\/span><\/strong><\/p>\n<p style=\"margin-top:0pt;margin-bottom:0pt;margin-left:0in;text-align:left\"><span style=\"font-family:Calibri\"><span style=\"font-size:16px\">A hist\u00f3ria da Cu\u00e9tara \u00e9 um emocionante relato com mais de 80 anos de esfor\u00e7o e amor pela elabora\u00e7\u00e3o de bolachas. D\u00e9cada ap\u00f3s d\u00e9cada, gera\u00e7\u00e3o ap\u00f3s gera\u00e7\u00e3o, sempre com respeito pela tradi\u00e7\u00e3o artesanal, mas com car\u00e1cter inovador. Orgulhosos de continuar sendo, e tentando ser sempre, os melhores.<\/span><\/span><\/p>\n<p style=\"margin-top:0pt;margin-bottom:0pt;margin-left:0in;text-align:left\"><span style=\"font-family:Calibri\"><span style=\"font-size:16px\">Ao longo dos anos, os mestres em bolachas da Cu\u00e9tara foram criando receitas e variedades \u00fanicas que cativaram v\u00e1rias gera\u00e7\u00f5es pela sua originalidade e autenticidade. S\u00e3o produtos saborosos, com muita tradi\u00e7\u00e3o, sem perder o toque inovador.\u00a0<\/span><\/span><\/p>\n<p style=\"margin-top:0pt;margin-bottom:0pt;margin-left:0in;text-align:left\">\n<p style=\"margin-top:0pt;margin-bottom:0pt;margin-left:0in;text-align:left\"><strong><span style=\"font-family:Calibri\"><span style=\"font-size:16px\">Bolachas Maria: As Bolachas de Sempre<\/span><\/span><\/strong><\/p>\n<p style=\"margin-top:0pt;margin-bottom:0pt;margin-left:0in;text-align:left\"><span style=\"font-family:Calibri\"><span style=\"font-size:16px\">Maria da Cu\u00e9tara, bolachas de sempre, pois n\u00e3o podem faltar em casa. Pra comer simples, molhado em leite ou barradas com infinitas combina\u00e7\u00f5es. Um b\u00e1sico imprescindivel em nossa despensa.<\/span><\/span><\/p>\n<p style=\"margin-top:0pt;margin-bottom:0pt;margin-left:0in;text-align:left\"><span style=\"font-family:Calibri\"><span style=\"font-size:16px\"><\/span><\/span><\/p>\n<p style=\"margin-top:0pt;margin-bottom:0pt;margin-left:0in;text-align:left\"><span style=\"font-family:Calibri\"><span style=\"font-size:16px\">Se pensar em bolachass de certeza que a que primeiro lhe passa pela cabe\u00e7a \u00e9 a cl\u00e1ssica Maria Redonda e com o cl\u00e1ssico desenho da bolacha Maria. Quando realmente gostamos de algo, converta-se num cl\u00e1ssico.<\/span><\/span><\/p><\/p>\n","protected":false},"excerpt":{"rendered":"<p>. Tradicionais Bolachas Maria<\/p>\n<p>. Para comer simples, molhado em leite ou barradas com infinitas combina\u00e7\u00f5es.<\/p>\n<p>. Marca: Cu\u00e9tara\u00a0<\/p>\n","protected":false},"author":43533,"featured_media":80376,"comment_status":"open","ping_status":"closed","template":"","meta":[],"pwb-brand":[],"product_brand":[],"product_cat":[8289,8291,8365,8461],"product_tag":[],"class_list":{"0":"post-209522","1":"product","2":"type-product","3":"status-publish","4":"has-post-thumbnail","6":"product_cat-inicio","7":"product_cat-produtos-portugueses","8":"product_cat-confeitaria","9":"product_cat-bolachas","11":"first","12":"instock","13":"taxable","14":"shipping-taxable","15":"purchasable","16":"product-type-simple"},"aioseo_notices":[],"brands":[],"_links":{"self":[{"href":"https:\/\/www.delicias-uk.com\/pt-pt\/wp-json\/wp\/v2\/product\/209522","targetHints":{"allow":["GET"]}}],"collection":[{"href":"https:\/\/www.delicias-uk.com\/pt-pt\/wp-json\/wp\/v2\/product"}],"about":[{"href":"https:\/\/www.delicias-uk.com\/pt-pt\/wp-json\/wp\/v2\/types\/product"}],"author":[{"embeddable":true,"href":"https:\/\/www.delicias-uk.com\/pt-pt\/wp-json\/wp\/v2\/users\/43533"}],"replies":[{"embeddable":true,"href":"https:\/\/www.delicias-uk.com\/pt-pt\/wp-json\/wp\/v2\/comments?post=209522"}],"wp:featuredmedia":[{"embeddable":true,"href":"https:\/\/www.delicias-uk.com\/pt-pt\/wp-json\/wp\/v2\/media\/80376"}],"wp:attachment":[{"href":"https:\/\/www.delicias-uk.com\/pt-pt\/wp-json\/wp\/v2\/media?parent=209522"}],"wp:term":[{"taxonomy":"pwb-brand","embeddable":true,"href":"https:\/\/www.delicias-uk.com\/pt-pt\/wp-json\/wp\/v2\/pwb-brand?post=209522"},{"taxonomy":"product_brand","embeddable":true,"href":"https:\/\/www.delicias-uk.com\/pt-pt\/wp-json\/wp\/v2\/product_brand?post=209522"},{"taxonomy":"product_cat","embeddable":true,"href":"https:\/\/www.delicias-uk.com\/pt-pt\/wp-json\/wp\/v2\/product_cat?post=209522"},{"taxonomy":"product_tag","embeddable":true,"href":"https:\/\/www.delicias-uk.com\/pt-pt\/wp-json\/wp\/v2\/product_tag?post=209522"}],"curies":[{"name":"wp","href":"https:\/\/api.w.org\/{rel}","templated":true}]}}