{"id":209518,"date":"2017-10-24T12:24:22","date_gmt":"2017-10-24T11:24:22","guid":{"rendered":"https:\/\/www.delicias-uk.com\/product\/bolacha-cuetara-ricanela-426g\/"},"modified":"2026-03-26T17:05:19","modified_gmt":"2026-03-26T17:05:19","slug":"bolacha-cuetara-ricanela-426g","status":"publish","type":"product","link":"https:\/\/www.delicias-uk.com\/pt-pt\/produto\/bolacha-cuetara-ricanela-426g\/","title":{"rendered":"Bolacha Ricanela Cu\u00e9tara 426g"},"content":{"rendered":"<p><strong>Bolachas com Alma<\/strong>: A hist\u00f3ria de Cu\u00e9tara \u00e9 um conto emocionante de mais de 80 anos de esfor\u00e7o e amor pela confe\u00e7\u00e3o de bolachas. D\u00e9cada ap\u00f3s d\u00e9cada, gera\u00e7\u00e3o ap\u00f3s gera\u00e7\u00e3o, sempre com respeito pela tradi\u00e7\u00e3o artesanal, mas com um car\u00e1cter inovador. Orgulho de continuar a ser, e sempre a tentar ser, o melhor.<\/p>\n<p>Ao longo dos anos, os mestres da bola de Cu\u00e9tara criaram receitas e variedades \u00fanicas que cativaram v\u00e1rias gera\u00e7\u00f5es pela sua originalidade e benef\u00edcios. S\u00e3o produtos saborosos, com muita tradi\u00e7\u00e3o, sem perder o toque inovador.<\/p>\n<p><strong>Bolachas Ricanela<\/strong>: O melhor companheiro do caf\u00e9 Quem sabe se \u00e9 pela irresist\u00edvel nota de canela ou pela suave e crocante camada de a\u00e7\u00facar granulado. A \u00fanica certeza \u00e9 que, depois de o experimentar, n\u00e3o conseguir\u00e1 abdicar do seu sabor. Feche os olhos e transforme a sua rotina de caf\u00e9 num momento m\u00e1gico. Um encontro perfeito. Quem resiste a este capricho? Uma ch\u00e1vena de caf\u00e9 a fumegar entre as m\u00e3os, o som crocante da Ricanela da Cuetara no palato&#8230; h\u00e1 melhor combina\u00e7\u00e3o? Crocantes, leves e com o toque certo de canela que os torna inconfund\u00edveis.<\/p>\n<p><strong>Ingredientes<\/strong>: Farinha de TRIGO, a\u00e7\u00facar, \u00f3leo de palma, xarope de glicose e frutose, dextrose, sal, emulsionante: lecitina (cont\u00e9m TRIGO), leveduras (carbonatos de am\u00f3nio, carbonatos de s\u00f3dio), canela a 0,2%, aroma (cont\u00e9m SULFITOS), agente de tratamento de farinhas ( METABISULFITO DE S\u00d3DIO).<\/p>\n<p><strong>Alerg\u00e9nios<\/strong>: cont\u00e9m <strong>GL\u00daTEN<\/strong>, <strong>LACTOSE<\/strong> e <strong>SULFITOS<\/strong>. Pode conter <strong>LEITE<\/strong>, <strong>SOJA<\/strong>, <strong>OVO<\/strong>.<\/p>\n<p><strong>Informa\u00e7\u00e3o nutricional por 100g:<\/strong><\/p>\n<ul style=\"list-style-type:disc;\">\n<li>Energia 2023 Kj\/428 kcal<\/li>\n<li>Gorduras 20g<\/li>\n<li>dos quais saturados 7,6g<\/li>\n<li>Hidratos de carbono 69g<\/li>\n<li>dos quais a\u00e7\u00facares 25g<\/li>\n<li>Prote\u00ednas 5,5g<\/li>\n<li>Fibra 2,0g<\/li>\n<li>Sal 1g<\/li>\n<\/ul>\n<p><strong>Pa\u00eds de origem<\/strong>: Portugal.<\/p>\n<p><em>Devido a poss\u00edveis altera\u00e7\u00f5es nas embalagens e\/ou r\u00f3tulos, deve sempre considerar a informa\u00e7\u00e3o que acompanha o produto que recebe.<\/em><\/p>\n","protected":false},"excerpt":{"rendered":"<ul style=\"list-style-type:disc;\">\n<li>Peso l\u00edquido 426h<\/li>\n<li>Biscoito Crocante de Canela<\/li>\n<li>Acompanha perfeitamente o pequeno-almo\u00e7o ou o ch\u00e1 da tarde!<\/li>\n<\/ul>\n","protected":false},"author":43533,"featured_media":80364,"comment_status":"open","ping_status":"closed","template":"","meta":[],"pwb-brand":[],"product_brand":[],"product_cat":[8289,8291,8365,8461],"product_tag":[],"class_list":{"0":"post-209518","1":"product","2":"type-product","3":"status-publish","4":"has-post-thumbnail","6":"product_cat-inicio","7":"product_cat-produtos-portugueses","8":"product_cat-confeitaria","9":"product_cat-bolachas","11":"first","12":"instock","13":"taxable","14":"shipping-taxable","15":"purchasable","16":"product-type-simple"},"aioseo_notices":[],"brands":[],"_links":{"self":[{"href":"https:\/\/www.delicias-uk.com\/pt-pt\/wp-json\/wp\/v2\/product\/209518","targetHints":{"allow":["GET"]}}],"collection":[{"href":"https:\/\/www.delicias-uk.com\/pt-pt\/wp-json\/wp\/v2\/product"}],"about":[{"href":"https:\/\/www.delicias-uk.com\/pt-pt\/wp-json\/wp\/v2\/types\/product"}],"author":[{"embeddable":true,"href":"https:\/\/www.delicias-uk.com\/pt-pt\/wp-json\/wp\/v2\/users\/43533"}],"replies":[{"embeddable":true,"href":"https:\/\/www.delicias-uk.com\/pt-pt\/wp-json\/wp\/v2\/comments?post=209518"}],"wp:featuredmedia":[{"embeddable":true,"href":"https:\/\/www.delicias-uk.com\/pt-pt\/wp-json\/wp\/v2\/media\/80364"}],"wp:attachment":[{"href":"https:\/\/www.delicias-uk.com\/pt-pt\/wp-json\/wp\/v2\/media?parent=209518"}],"wp:term":[{"taxonomy":"pwb-brand","embeddable":true,"href":"https:\/\/www.delicias-uk.com\/pt-pt\/wp-json\/wp\/v2\/pwb-brand?post=209518"},{"taxonomy":"product_brand","embeddable":true,"href":"https:\/\/www.delicias-uk.com\/pt-pt\/wp-json\/wp\/v2\/product_brand?post=209518"},{"taxonomy":"product_cat","embeddable":true,"href":"https:\/\/www.delicias-uk.com\/pt-pt\/wp-json\/wp\/v2\/product_cat?post=209518"},{"taxonomy":"product_tag","embeddable":true,"href":"https:\/\/www.delicias-uk.com\/pt-pt\/wp-json\/wp\/v2\/product_tag?post=209518"}],"curies":[{"name":"wp","href":"https:\/\/api.w.org\/{rel}","templated":true}]}}