{"id":209516,"date":"2017-10-24T11:24:22","date_gmt":"2017-10-24T10:24:22","guid":{"rendered":"https:\/\/www.delicias-uk.com\/product\/pao-de-lo-de-ovar-refrig-fabridoce-500g-2\/"},"modified":"2026-03-29T15:37:06","modified_gmt":"2026-03-29T14:37:06","slug":"pao-de-lo-de-ovar-refrig-fabridoce-500g-2","status":"publish","type":"product","link":"https:\/\/www.delicias-uk.com\/pt-pt\/produto\/pao-de-lo-de-ovar-refrig-fabridoce-500g-2\/","title":{"rendered":"P\u00e3o de L\u00f3 Conventual Ovar Congelado Fabridoce 500g"},"content":{"rendered":"<p style=\"margin-top:0pt;margin-bottom:0pt;margin-left:0in;vertical-align:baseline\"><span style=\"font-size:12pt;font-family:Calibri\">Produto Congelado. Ser\u00e1 descongelado antes do envio.<\/span><\/p>\n<p style=\"margin-top:0pt;margin-bottom:0pt;margin-left:0in;vertical-align:baseline\">\n<p style=\"margin-top:0pt;margin-bottom:0pt;margin-left:0in;vertical-align:baseline\"><span style=\"font-size:12pt;font-family:Calibri;color:#202124;vertical-align:baseline\">O P\u00e3o de L\u00f3 est\u00e1 presente na cozinha portuguesa pelo menos desde o s\u00e9culo XVIII. Sua receita \u00e9 simples, no sentido de que possui apenas 3 ingredientes: ovos, a\u00e7\u00facar e farinha. Bolo de Leve, cremoso e fofo. Com uma crosta macia castanha dourada e uma camada de ovo doce mais cremosa, este bolo foi reconhecido como Indica\u00e7\u00e3o Geogr\u00e1fica Protegida (IGP) pela Comiss\u00e3o Europeia e \u00e9 um doce conventual certificado com mais de 200 anos de hist\u00f3ria em Portugal.<\/span><span style=\"font-size:12pt;font-family:Calibri;vertical-align:baseline\"> <\/span><\/p>\n<p style=\"margin-top:0pt;margin-bottom:0pt;margin-left:0in;vertical-align:baseline\">\n<p style=\"margin-top:0pt;margin-bottom:0pt;margin-left:0in;vertical-align:baseline\">\n<p style=\"margin-top:0pt;margin-bottom:0pt;margin-left:0in;text-align:left\">\n<p style=\"margin-top:0pt;margin-bottom:0pt;margin-left:0in;vertical-align:baseline\"><span style=\"font-size:12pt;font-family:Calibri;color:#202124;vertical-align:baseline\">\u00a0Ingredientes: Ovos, a\u00e7\u00facar, farinha de trigo e sal. Pode conter vest\u00edgios de nozes, soja, leite e sulfitos<\/span><\/p>\n","protected":false},"excerpt":{"rendered":"<p>. Pao de Lo de Ovar<\/p>\n<p style=\"background:#FFFFFF;margin:0cm 0cm 11.25pt 0cm\"><span lang=\"pt\" style=\"font-size:11pt;font-family:Calibri, sans-serif;color:#000000\" xml:lang=\"pt\">. Produto Congelado (ser\u00e1 descongelado antes do envio)<\/span><span lang=\"pt\" style=\"font-size:11pt;font-family:Calibri, sans-serif\" xml:lang=\"pt\"><\/span><\/p>\n<\/p>\n<p style=\"background:#FFFFFF;margin:0cm 0cm 11.25pt 0cm\"><span lang=\"pt\" style=\"font-size:11pt;font-family:Calibri, sans-serif;color:#000000\" xml:lang=\"pt\">. Fabridoce<\/span><\/p>\n","protected":false},"author":43533,"featured_media":80360,"comment_status":"open","ping_status":"closed","template":"","meta":[],"pwb-brand":[],"product_brand":[],"product_cat":[9313,8289,8291,8305],"product_tag":[],"class_list":{"0":"post-209516","1":"product","2":"type-product","3":"status-publish","4":"has-post-thumbnail","6":"product_cat-bolos-de-natal","7":"product_cat-inicio","8":"product_cat-produtos-portugueses","9":"product_cat-produtos-congelados","11":"first","12":"instock","13":"taxable","14":"shipping-taxable","15":"purchasable","16":"product-type-simple"},"aioseo_notices":[],"brands":[],"_links":{"self":[{"href":"https:\/\/www.delicias-uk.com\/pt-pt\/wp-json\/wp\/v2\/product\/209516","targetHints":{"allow":["GET"]}}],"collection":[{"href":"https:\/\/www.delicias-uk.com\/pt-pt\/wp-json\/wp\/v2\/product"}],"about":[{"href":"https:\/\/www.delicias-uk.com\/pt-pt\/wp-json\/wp\/v2\/types\/product"}],"author":[{"embeddable":true,"href":"https:\/\/www.delicias-uk.com\/pt-pt\/wp-json\/wp\/v2\/users\/43533"}],"replies":[{"embeddable":true,"href":"https:\/\/www.delicias-uk.com\/pt-pt\/wp-json\/wp\/v2\/comments?post=209516"}],"wp:featuredmedia":[{"embeddable":true,"href":"https:\/\/www.delicias-uk.com\/pt-pt\/wp-json\/wp\/v2\/media\/80360"}],"wp:attachment":[{"href":"https:\/\/www.delicias-uk.com\/pt-pt\/wp-json\/wp\/v2\/media?parent=209516"}],"wp:term":[{"taxonomy":"pwb-brand","embeddable":true,"href":"https:\/\/www.delicias-uk.com\/pt-pt\/wp-json\/wp\/v2\/pwb-brand?post=209516"},{"taxonomy":"product_brand","embeddable":true,"href":"https:\/\/www.delicias-uk.com\/pt-pt\/wp-json\/wp\/v2\/product_brand?post=209516"},{"taxonomy":"product_cat","embeddable":true,"href":"https:\/\/www.delicias-uk.com\/pt-pt\/wp-json\/wp\/v2\/product_cat?post=209516"},{"taxonomy":"product_tag","embeddable":true,"href":"https:\/\/www.delicias-uk.com\/pt-pt\/wp-json\/wp\/v2\/product_tag?post=209516"}],"curies":[{"name":"wp","href":"https:\/\/api.w.org\/{rel}","templated":true}]}}