{"id":209502,"date":"2017-10-24T11:24:21","date_gmt":"2017-10-24T11:24:21","guid":{"rendered":"https:\/\/www.delicias-uk.com\/product\/bolacha-vieira-milenium-sabor-nata-163g\/"},"modified":"2025-02-06T17:19:27","modified_gmt":"2025-02-06T17:19:27","slug":"bolacha-vieira-milenium-sabor-nata-163g","status":"publish","type":"product","link":"https:\/\/www.delicias-uk.com\/pt-pt\/produto\/bolacha-vieira-milenium-sabor-nata-163g\/","title":{"rendered":"Bolacha Vieira Milenium Sabor Nata 163g"},"content":{"rendered":"<p>Deliciosos biscoitos de chocolate com recheio. Um prazer de descobrir, mordida ap\u00f3s mordida.<\/p>\n<p><strong>Ingredientes<\/strong>: Farinha de trigo (gl\u00faten), a\u00e7\u00facar, gordura vegetal (palma), amido, xarope de glicose-frutose, cacau em p\u00f3 magro (aprox. 4,8%), levedantes (hidrogenocarbonato de s\u00f3dio e hidrogenocarbonato de am\u00f4nio), sal, aroma, corante (carbonato de c\u00e1lcio) e emulsionante (lecitina de soja).<\/p>\n<p><strong>Al\u00e9rgenos<\/strong>: Pode conter vest\u00edgios de <strong>ovos, amendoim, sementes de gergelim, leite ou derivados, nozes e sulfitos. <\/strong>Cont\u00e9m <strong>GLUTEN.<\/strong><\/p>\n<p><strong>Informa\u00e7\u00f5es nutricionais por 100g:<\/strong><\/p>\n<ul style=\"list-style-type:disc;\">\n<li>Energia 2060 Kj \/ 492 kcal<\/li>\n<li>Gorduras 23,1g<\/li>\n<li>das quais saturadas 12,2g<\/li>\n<li>Carboidratos 66g<\/li>\n<li>dos quais a\u00e7\u00facares 31,1g<\/li>\n<li>Prote\u00ednas 4,4g<\/li>\n<li>Sal 0,7g<\/li>\n<\/ul>\n<p><strong>Pa\u00eds de origem<\/strong>: Portugal.<\/p>\n","protected":false},"excerpt":{"rendered":"<ul style=\"list-style-type:disc;\">\n<li>Para momentos de puro prazer<\/li>\n<li>Ideal para partilhar<\/li>\n<li>Aus\u00eancia de OGM (Organismos Gen\u00e9ticamente Modificados)<\/li>\n<li>Embalagem recicl\u00e1vel<\/li>\n<\/ul>\n","protected":false},"author":43533,"featured_media":80326,"comment_status":"open","ping_status":"closed","template":"","meta":[],"pwb-brand":[],"product_brand":[],"product_cat":[8289,8291,8365,8461],"product_tag":[],"class_list":{"0":"post-209502","1":"product","2":"type-product","3":"status-publish","4":"has-post-thumbnail","6":"product_cat-inicio","7":"product_cat-produtos-portugueses","8":"product_cat-confeitaria","9":"product_cat-bolachas","11":"first","12":"instock","13":"taxable","14":"shipping-taxable","15":"purchasable","16":"product-type-simple"},"aioseo_notices":[],"brands":[],"_links":{"self":[{"href":"https:\/\/www.delicias-uk.com\/pt-pt\/wp-json\/wp\/v2\/product\/209502","targetHints":{"allow":["GET"]}}],"collection":[{"href":"https:\/\/www.delicias-uk.com\/pt-pt\/wp-json\/wp\/v2\/product"}],"about":[{"href":"https:\/\/www.delicias-uk.com\/pt-pt\/wp-json\/wp\/v2\/types\/product"}],"author":[{"embeddable":true,"href":"https:\/\/www.delicias-uk.com\/pt-pt\/wp-json\/wp\/v2\/users\/43533"}],"replies":[{"embeddable":true,"href":"https:\/\/www.delicias-uk.com\/pt-pt\/wp-json\/wp\/v2\/comments?post=209502"}],"wp:featuredmedia":[{"embeddable":true,"href":"https:\/\/www.delicias-uk.com\/pt-pt\/wp-json\/wp\/v2\/media\/80326"}],"wp:attachment":[{"href":"https:\/\/www.delicias-uk.com\/pt-pt\/wp-json\/wp\/v2\/media?parent=209502"}],"wp:term":[{"taxonomy":"pwb-brand","embeddable":true,"href":"https:\/\/www.delicias-uk.com\/pt-pt\/wp-json\/wp\/v2\/pwb-brand?post=209502"},{"taxonomy":"product_brand","embeddable":true,"href":"https:\/\/www.delicias-uk.com\/pt-pt\/wp-json\/wp\/v2\/product_brand?post=209502"},{"taxonomy":"product_cat","embeddable":true,"href":"https:\/\/www.delicias-uk.com\/pt-pt\/wp-json\/wp\/v2\/product_cat?post=209502"},{"taxonomy":"product_tag","embeddable":true,"href":"https:\/\/www.delicias-uk.com\/pt-pt\/wp-json\/wp\/v2\/product_tag?post=209502"}],"curies":[{"name":"wp","href":"https:\/\/api.w.org\/{rel}","templated":true}]}}