{"id":209496,"date":"2017-10-23T17:19:42","date_gmt":"2017-10-23T17:19:42","guid":{"rendered":"https:\/\/www.delicias-uk.com\/product\/amendoas-premium-vieira-de-chocolate-branco-com-flocos-de-framboesa-160g\/"},"modified":"2017-10-23T17:19:42","modified_gmt":"2017-10-23T17:19:42","slug":"amendoas-premium-vieira-de-chocolate-branco-com-flocos-de-framboesa-160g","status":"publish","type":"product","link":"https:\/\/www.delicias-uk.com\/pt-pt\/produto\/amendoas-premium-vieira-de-chocolate-branco-com-flocos-de-framboesa-160g\/","title":{"rendered":"Am\u00eandoas com Chocolate Branco e Flocos de Framboesa Vieira Premium 160g"},"content":{"rendered":"<p>Am\u00eandoas cobertas com Chocolate Branco e Flocos de Framboesa.<\/p>\n<p><strong>Ingredientes<\/strong>: Chocolate branco (78%): (a\u00e7\u00facar, manteiga de cacau, leite em p\u00f3 integral, leite em p\u00f3 desnatado, lactose, manteiga concentrada, emulsificante (lecitina de soja) e aroma), am\u00eandoas (14%) e flocos de framboesa (7%): [a\u00e7\u00facar, amido de milho, s\u00f3lidos de frutas (framboesa), regulador de acidez: \u00e1cido c\u00edtrico e aroma]. Pode conter vest\u00edgios de amendoim, outras nozes e sulfitos.<\/p>\n<p><strong>Al\u00e9rgenos<\/strong>: cont\u00e9m <strong>FRUTOS DE CASCA RIJA<\/strong>, <strong>LACTOSE<\/strong> e <strong>SULFITOS<\/strong>.<\/p>\n<p><strong>Informa\u00e7\u00f5es nutricionais por 100g:<\/strong><\/p>\n<ul style=\"list-style-type:disc;\">\n<li>Energia 2326 Kj \/ 557 kcal<\/li>\n<li>Gorduras 33,9g<\/li>\n<li>das quais saturadas 15,6g<\/li>\n<li>Carboidratos 55,4g<\/li>\n<li>dos quais a\u00e7\u00facares 53,1g<\/li>\n<li>Prote\u00ednas 6,9g<\/li>\n<li>Sal 0,12g<\/li>\n<\/ul>\n<p><strong>Pa\u00eds de origem<\/strong>: Portugal.<\/p>\n","protected":false},"excerpt":{"rendered":"<ul style=\"list-style-type:disc;\">\n<li>Combina\u00e7\u00e3o perfeita: Chocolate e Flocos de Framboesa<\/li>\n<li>Embalagem Premium<\/li>\n<li>Ideal para oferecer e partilhar<\/li>\n<li>Sem Gl\u00faten<\/li>\n<li>Aus\u00eancia de OGM (Organismos Gen\u00e9ticamente Modificados)<\/li>\n<li>Embalagem recicl\u00e1vel (separe corretamente os materiais)<\/li>\n<\/ul>\n","protected":false},"author":43533,"featured_media":80310,"comment_status":"open","ping_status":"closed","template":"","meta":[],"pwb-brand":[],"product_brand":[],"product_cat":[9182,9188,8289,8291,8365,8591,8499],"product_tag":[],"class_list":{"0":"post-209496","1":"product","2":"type-product","3":"status-publish","4":"has-post-thumbnail","6":"product_cat-natal","7":"product_cat-amendoas","8":"product_cat-inicio","9":"product_cat-produtos-portugueses","10":"product_cat-confeitaria","11":"product_cat-nozes-e-frutas-secas","12":"product_cat-sem-glutem","14":"first","15":"instock","16":"taxable","17":"shipping-taxable","18":"purchasable","19":"product-type-simple"},"aioseo_notices":[],"brands":[],"_links":{"self":[{"href":"https:\/\/www.delicias-uk.com\/pt-pt\/wp-json\/wp\/v2\/product\/209496","targetHints":{"allow":["GET"]}}],"collection":[{"href":"https:\/\/www.delicias-uk.com\/pt-pt\/wp-json\/wp\/v2\/product"}],"about":[{"href":"https:\/\/www.delicias-uk.com\/pt-pt\/wp-json\/wp\/v2\/types\/product"}],"author":[{"embeddable":true,"href":"https:\/\/www.delicias-uk.com\/pt-pt\/wp-json\/wp\/v2\/users\/43533"}],"replies":[{"embeddable":true,"href":"https:\/\/www.delicias-uk.com\/pt-pt\/wp-json\/wp\/v2\/comments?post=209496"}],"wp:featuredmedia":[{"embeddable":true,"href":"https:\/\/www.delicias-uk.com\/pt-pt\/wp-json\/wp\/v2\/media\/80310"}],"wp:attachment":[{"href":"https:\/\/www.delicias-uk.com\/pt-pt\/wp-json\/wp\/v2\/media?parent=209496"}],"wp:term":[{"taxonomy":"pwb-brand","embeddable":true,"href":"https:\/\/www.delicias-uk.com\/pt-pt\/wp-json\/wp\/v2\/pwb-brand?post=209496"},{"taxonomy":"product_brand","embeddable":true,"href":"https:\/\/www.delicias-uk.com\/pt-pt\/wp-json\/wp\/v2\/product_brand?post=209496"},{"taxonomy":"product_cat","embeddable":true,"href":"https:\/\/www.delicias-uk.com\/pt-pt\/wp-json\/wp\/v2\/product_cat?post=209496"},{"taxonomy":"product_tag","embeddable":true,"href":"https:\/\/www.delicias-uk.com\/pt-pt\/wp-json\/wp\/v2\/product_tag?post=209496"}],"curies":[{"name":"wp","href":"https:\/\/api.w.org\/{rel}","templated":true}]}}