{"id":209488,"date":"2017-10-23T17:19:41","date_gmt":"2017-10-23T17:19:41","guid":{"rendered":"https:\/\/www.delicias-uk.com\/product\/chocolate-negro-70-jubileu-100g\/"},"modified":"2025-02-06T17:19:17","modified_gmt":"2025-02-06T17:19:17","slug":"chocolate-negro-70-jubileu-100g","status":"publish","type":"product","link":"https:\/\/www.delicias-uk.com\/pt-pt\/produto\/chocolate-negro-70-jubileu-100g\/","title":{"rendered":"Chocolate Negro 70% Jubileu 100g"},"content":{"rendered":"<p>Experimente a pura ess\u00eancia do chocolate com o nosso Chocolate Negro Fino 70% Cacau, elaborado para verdadeiros apreciadores. Feito com gr\u00e3os de cacau de alta qualidade, este chocolate rico oferece um perfil de sabor intenso e suave, com a quantidade certa de do\u00e7ura natural. Com 70% de teor de cacau, consegue o equil\u00edbrio perfeito entre a ousada riqueza do cacau e o amargor subtil.<\/p>\n<p>Este chocolate negro sem gl\u00faten \u00e9 ideal para quem aprecia ingredientes simples e limpos, sem comprometer o sabor. Quer seja apreciado como um deleite indulgente, acompanhado de vinho ou utilizado em sobremesas gourmet, o nosso Chocolate Negro Fino oferece uma experi\u00eancia luxuosa para todos os amantes de chocolate.<\/p>\n<p><strong>Ingredientes<\/strong>: cacau.<\/p>\n<p><strong>Alerg\u00e9nios<\/strong>: pode conter vest\u00edgios de <strong>FRUTOS DE CASCA RIJA<\/strong>.<\/p>\n<p><strong>Informa\u00e7\u00e3o nutricional por 100g:<\/strong><\/p>\n<ul style=\"list-style-type:disc;\">\n<li>Energia 2.434 Kj \/ 587 kcal<\/li>\n<li>Gorduras 45g<\/li>\n<li>dos quais saturados 28g<\/li>\n<li>Hidratos de carbono 31g<\/li>\n<li>dos quais a\u00e7\u00facares 26g<\/li>\n<li>Prote\u00ednas 9,5g<\/li>\n<li>Fibra 10g<\/li>\n<li>Sal 0,02g<\/li>\n<\/ul>\n<p><strong>Pa\u00eds de origem<\/strong>: Portugal.<\/p>\n<p><em>Devido a poss\u00edveis altera\u00e7\u00f5es nas embalagens e\/ou r\u00f3tulos, deve sempre considerar a informa\u00e7\u00e3o que acompanha o produto que recebe.<\/em><\/p>\n","protected":false},"excerpt":{"rendered":"<ul style=\"list-style-type:disc;\">\n<li>Peso l\u00edquido 100g<\/li>\n<li>N\u00e3o cont\u00e9m gluten<\/li>\n<li>70% cacau<\/li>\n<\/ul>\n","protected":false},"author":43533,"featured_media":80292,"comment_status":"open","ping_status":"closed","template":"","meta":[],"pwb-brand":[],"product_brand":[],"product_cat":[9314,9182,9187,8289,8291,8365,8567,8499,8363,8375],"product_tag":[],"class_list":{"0":"post-209488","1":"product","2":"type-product","3":"status-publish","4":"has-post-thumbnail","6":"product_cat-chocolate-pt-pt-2","7":"product_cat-natal","8":"product_cat-chocolates-pt-pt","9":"product_cat-inicio","10":"product_cat-produtos-portugueses","11":"product_cat-confeitaria","12":"product_cat-chocolate-pt-pt","13":"product_cat-sem-glutem","14":"product_cat-halal-pt-pt","15":"product_cat-kosher-pt-pt","17":"first","18":"outofstock","19":"taxable","20":"shipping-taxable","21":"purchasable","22":"product-type-simple"},"aioseo_notices":[],"brands":[],"_links":{"self":[{"href":"https:\/\/www.delicias-uk.com\/pt-pt\/wp-json\/wp\/v2\/product\/209488","targetHints":{"allow":["GET"]}}],"collection":[{"href":"https:\/\/www.delicias-uk.com\/pt-pt\/wp-json\/wp\/v2\/product"}],"about":[{"href":"https:\/\/www.delicias-uk.com\/pt-pt\/wp-json\/wp\/v2\/types\/product"}],"author":[{"embeddable":true,"href":"https:\/\/www.delicias-uk.com\/pt-pt\/wp-json\/wp\/v2\/users\/43533"}],"replies":[{"embeddable":true,"href":"https:\/\/www.delicias-uk.com\/pt-pt\/wp-json\/wp\/v2\/comments?post=209488"}],"wp:featuredmedia":[{"embeddable":true,"href":"https:\/\/www.delicias-uk.com\/pt-pt\/wp-json\/wp\/v2\/media\/80292"}],"wp:attachment":[{"href":"https:\/\/www.delicias-uk.com\/pt-pt\/wp-json\/wp\/v2\/media?parent=209488"}],"wp:term":[{"taxonomy":"pwb-brand","embeddable":true,"href":"https:\/\/www.delicias-uk.com\/pt-pt\/wp-json\/wp\/v2\/pwb-brand?post=209488"},{"taxonomy":"product_brand","embeddable":true,"href":"https:\/\/www.delicias-uk.com\/pt-pt\/wp-json\/wp\/v2\/product_brand?post=209488"},{"taxonomy":"product_cat","embeddable":true,"href":"https:\/\/www.delicias-uk.com\/pt-pt\/wp-json\/wp\/v2\/product_cat?post=209488"},{"taxonomy":"product_tag","embeddable":true,"href":"https:\/\/www.delicias-uk.com\/pt-pt\/wp-json\/wp\/v2\/product_tag?post=209488"}],"curies":[{"name":"wp","href":"https:\/\/api.w.org\/{rel}","templated":true}]}}