{"id":209476,"date":"2017-10-23T17:31:02","date_gmt":"2017-10-23T16:31:02","guid":{"rendered":"https:\/\/www.delicias-uk.com\/product\/baby-sobrem-natur-maca-banana-4x100gr-x-1-2\/"},"modified":"2026-02-24T11:50:25","modified_gmt":"2026-02-24T11:50:25","slug":"baby-sobrem-natur-maca-banana-4x100gr-x-1-2","status":"publish","type":"product","link":"https:\/\/www.delicias-uk.com\/pt-pt\/produto\/baby-sobrem-natur-maca-banana-4x100gr-x-1-2\/","title":{"rendered":"Pur\u00ea de Fruta Ma\u00e7\u00e3 e Banana Nestl\u00e9 100g x 4"},"content":{"rendered":"<p style=\"margin-top:0pt;margin-bottom:0pt;margin-left:0in;text-align:left;\"><span style=\"font-size:14pt;font-family:Calibri;color:#000000;\">100% fruta <\/span><span style=\"font-size:14pt;font-family:Calibri;color:#000000;\">cozida<\/span><span style=\"font-size:14pt;font-family:Calibri;color:#000000;\"> a vapor, <\/span><span style=\"font-size:14pt;font-family:Calibri;color:#000000;\">sem<\/span><span style=\"font-size:14pt;font-family:Calibri;color:#000000;\"> <\/span><span style=\"font-size:14pt;font-family:Calibri;color:#000000;\">acucares<\/span><span style=\"font-size:14pt;font-family:Calibri;color:#000000;\"> <\/span><span style=\"font-size:14pt;font-family:Calibri;color:#000000;\">adicionados<\/span><span style=\"font-size:14pt;font-family:Calibri;color:#000000;\">, <\/span><span style=\"font-size:14pt;font-family:Calibri;color:#000000;\">fornecendo<\/span><span style=\"font-size:14pt;font-family:Calibri;color:#000000;\"> <\/span><span style=\"font-size:14pt;font-family:Calibri;color:#000000;\">todos<\/span><span style=\"font-size:14pt;font-family:Calibri;color:#000000;\"> <\/span><span style=\"font-size:14pt;font-family:Calibri;color:#000000;\">os<\/span><span style=\"font-size:14pt;font-family:Calibri;color:#000000;\"> <\/span><span style=\"font-size:14pt;font-family:Calibri;color:#000000;\">beneficios<\/span><span style=\"font-size:14pt;font-family:Calibri;color:#000000;\"> de fruta de <\/span><span style=\"font-size:14pt;font-family:Calibri;color:#000000;\">qualidade<\/span><span style=\"font-size:14pt;font-family:Calibri;color:#000000;\">.<span>\u00a0 <\/span>Sabor <\/span><span style=\"font-size:14pt;font-family:Calibri;color:#000000;\">maca<\/span><span style=\"font-size:14pt;font-family:Calibri;color:#000000;\"> e banana.<\/span><\/p>\n","protected":false},"excerpt":{"rendered":"<p>100% fruta cozida a vapor, sem acucares adicionados, fornecendo todos os beneficios de fruta de qualidade.\u00a0 Sabor maca e banana.<\/p>\n","protected":false},"author":43533,"featured_media":80270,"comment_status":"open","ping_status":"closed","template":"","meta":[],"pwb-brand":[],"product_brand":[],"product_cat":[8289,8291,8395,8625],"product_tag":[],"class_list":{"0":"post-209476","1":"product","2":"type-product","3":"status-publish","4":"has-post-thumbnail","6":"product_cat-inicio","7":"product_cat-produtos-portugueses","8":"product_cat-mercearia","9":"product_cat-bebe-cereais","11":"first","12":"instock","13":"taxable","14":"shipping-taxable","15":"purchasable","16":"product-type-simple"},"aioseo_notices":[],"brands":[],"_links":{"self":[{"href":"https:\/\/www.delicias-uk.com\/pt-pt\/wp-json\/wp\/v2\/product\/209476","targetHints":{"allow":["GET"]}}],"collection":[{"href":"https:\/\/www.delicias-uk.com\/pt-pt\/wp-json\/wp\/v2\/product"}],"about":[{"href":"https:\/\/www.delicias-uk.com\/pt-pt\/wp-json\/wp\/v2\/types\/product"}],"author":[{"embeddable":true,"href":"https:\/\/www.delicias-uk.com\/pt-pt\/wp-json\/wp\/v2\/users\/43533"}],"replies":[{"embeddable":true,"href":"https:\/\/www.delicias-uk.com\/pt-pt\/wp-json\/wp\/v2\/comments?post=209476"}],"wp:featuredmedia":[{"embeddable":true,"href":"https:\/\/www.delicias-uk.com\/pt-pt\/wp-json\/wp\/v2\/media\/80270"}],"wp:attachment":[{"href":"https:\/\/www.delicias-uk.com\/pt-pt\/wp-json\/wp\/v2\/media?parent=209476"}],"wp:term":[{"taxonomy":"pwb-brand","embeddable":true,"href":"https:\/\/www.delicias-uk.com\/pt-pt\/wp-json\/wp\/v2\/pwb-brand?post=209476"},{"taxonomy":"product_brand","embeddable":true,"href":"https:\/\/www.delicias-uk.com\/pt-pt\/wp-json\/wp\/v2\/product_brand?post=209476"},{"taxonomy":"product_cat","embeddable":true,"href":"https:\/\/www.delicias-uk.com\/pt-pt\/wp-json\/wp\/v2\/product_cat?post=209476"},{"taxonomy":"product_tag","embeddable":true,"href":"https:\/\/www.delicias-uk.com\/pt-pt\/wp-json\/wp\/v2\/product_tag?post=209476"}],"curies":[{"name":"wp","href":"https:\/\/api.w.org\/{rel}","templated":true}]}}