{"id":209462,"date":"1970-01-01T02:33:36","date_gmt":"1970-01-01T01:33:36","guid":{"rendered":"https:\/\/www.delicias-uk.com\/product\/moscatel-favaito-miniatura-6cl\/"},"modified":"2026-04-17T10:39:54","modified_gmt":"2026-04-17T09:39:54","slug":"moscatel-favaito-miniatura-6cl","status":"publish","type":"product","link":"https:\/\/www.delicias-uk.com\/pt-pt\/produto\/moscatel-favaito-miniatura-6cl\/","title":{"rendered":"Moscatel Fava\u00edto Miniatura 6cl"},"content":{"rendered":"<p style=\"margin-top:0pt;margin-bottom:0pt;text-align:left;vertical-align:baseline;\"><span style=\"font-size:12pt;font-family:'Calibri Light';color:#000000;\">Aperitivo produzido a partir da casta de Moscatel Galego na regi\u00e3o de Favaios. Depois de envelhecer por 18 meses, tem uma cor l\u00edmpida com tonalidades de ouro, um paladar intenso e um aroma complexo e subtil, com notas de lim\u00e3o e am\u00eandoa. Tem um toque amargo, oferecendo no seu sabor todas as caracter\u00edsticas de um aperitivo.<\/span><\/p>\n<p style=\"margin-top:0pt;margin-bottom:0pt;text-align:left;vertical-align:baseline;\"><span style=\"font-size:12pt;font-family:'Calibri Light';color:#000000;\">Garrafa: 55ml<\/span><\/p>\n<p style=\"margin-top:0pt;margin-bottom:0pt;text-align:left;vertical-align:baseline;\"><span style=\"font-size:12pt;font-family:'Calibri Light';color:#000000;\">Teor Alco\u00f3lico: 17%<\/span><\/p>\n","protected":false},"excerpt":{"rendered":"<p>MOSCATEL FAVAITO MINIATURA 6cl x 1<\/p>\n","protected":false},"author":43533,"featured_media":80240,"comment_status":"open","ping_status":"closed","template":"","meta":[],"pwb-brand":[],"product_brand":[],"product_cat":[8289,8291,8431,8627],"product_tag":[],"class_list":{"0":"post-209462","1":"product","2":"type-product","3":"status-publish","4":"has-post-thumbnail","6":"product_cat-inicio","7":"product_cat-produtos-portugueses","8":"product_cat-vinhos-pt-pt","9":"product_cat-moscatel","11":"first","12":"instock","13":"taxable","14":"shipping-taxable","15":"purchasable","16":"product-type-simple"},"aioseo_notices":[],"brands":[],"_links":{"self":[{"href":"https:\/\/www.delicias-uk.com\/pt-pt\/wp-json\/wp\/v2\/product\/209462","targetHints":{"allow":["GET"]}}],"collection":[{"href":"https:\/\/www.delicias-uk.com\/pt-pt\/wp-json\/wp\/v2\/product"}],"about":[{"href":"https:\/\/www.delicias-uk.com\/pt-pt\/wp-json\/wp\/v2\/types\/product"}],"author":[{"embeddable":true,"href":"https:\/\/www.delicias-uk.com\/pt-pt\/wp-json\/wp\/v2\/users\/43533"}],"replies":[{"embeddable":true,"href":"https:\/\/www.delicias-uk.com\/pt-pt\/wp-json\/wp\/v2\/comments?post=209462"}],"wp:featuredmedia":[{"embeddable":true,"href":"https:\/\/www.delicias-uk.com\/pt-pt\/wp-json\/wp\/v2\/media\/80240"}],"wp:attachment":[{"href":"https:\/\/www.delicias-uk.com\/pt-pt\/wp-json\/wp\/v2\/media?parent=209462"}],"wp:term":[{"taxonomy":"pwb-brand","embeddable":true,"href":"https:\/\/www.delicias-uk.com\/pt-pt\/wp-json\/wp\/v2\/pwb-brand?post=209462"},{"taxonomy":"product_brand","embeddable":true,"href":"https:\/\/www.delicias-uk.com\/pt-pt\/wp-json\/wp\/v2\/product_brand?post=209462"},{"taxonomy":"product_cat","embeddable":true,"href":"https:\/\/www.delicias-uk.com\/pt-pt\/wp-json\/wp\/v2\/product_cat?post=209462"},{"taxonomy":"product_tag","embeddable":true,"href":"https:\/\/www.delicias-uk.com\/pt-pt\/wp-json\/wp\/v2\/product_tag?post=209462"}],"curies":[{"name":"wp","href":"https:\/\/api.w.org\/{rel}","templated":true}]}}