{"id":209460,"date":"1970-01-01T01:33:35","date_gmt":"1970-01-01T00:33:35","guid":{"rendered":"https:\/\/www.delicias-uk.com\/product\/adocante-zero-cal-100ml\/"},"modified":"2026-04-10T15:56:28","modified_gmt":"2026-04-10T14:56:28","slug":"adocante-zero-cal-100ml","status":"publish","type":"product","link":"https:\/\/www.delicias-uk.com\/pt-pt\/produto\/adocante-zero-cal-100ml\/","title":{"rendered":"Ado\u00e7ante Zero-Cal 100ml"},"content":{"rendered":"<p>Uma das subst\u00e2ncias mais antigas foi descoberta por acaso durante um experimento. Foi o primeiro ado\u00e7ante usado no Brasil e, at\u00e9 hoje, \u00e9 o mais vendido em todo o pa\u00eds.<\/p>\n","protected":false},"excerpt":{"rendered":"<ul style=\"list-style-type:disc;\">\n<li>Sabor doce<\/li>\n<li>Primeiro ado\u00e7ante do mercado<\/li>\n<li>Sem a\u00e7\u00facar<\/li>\n<\/ul>\n","protected":false},"author":43533,"featured_media":80237,"comment_status":"open","ping_status":"closed","template":"","meta":[],"pwb-brand":[],"product_brand":[],"product_cat":[8289,8293,8367,8541,8499,8347],"product_tag":[],"class_list":{"0":"post-209460","1":"product","2":"type-product","3":"status-publish","4":"has-post-thumbnail","6":"product_cat-inicio","7":"product_cat-produtos-brasileiros","8":"product_cat-cafe-cha-acucar-pt-pt","9":"product_cat-acucar-adocantes","10":"product_cat-sem-glutem","11":"product_cat-vegetariano","13":"first","14":"outofstock","15":"taxable","16":"shipping-taxable","17":"purchasable","18":"product-type-simple"},"aioseo_notices":[],"brands":[],"_links":{"self":[{"href":"https:\/\/www.delicias-uk.com\/pt-pt\/wp-json\/wp\/v2\/product\/209460","targetHints":{"allow":["GET"]}}],"collection":[{"href":"https:\/\/www.delicias-uk.com\/pt-pt\/wp-json\/wp\/v2\/product"}],"about":[{"href":"https:\/\/www.delicias-uk.com\/pt-pt\/wp-json\/wp\/v2\/types\/product"}],"author":[{"embeddable":true,"href":"https:\/\/www.delicias-uk.com\/pt-pt\/wp-json\/wp\/v2\/users\/43533"}],"replies":[{"embeddable":true,"href":"https:\/\/www.delicias-uk.com\/pt-pt\/wp-json\/wp\/v2\/comments?post=209460"}],"wp:featuredmedia":[{"embeddable":true,"href":"https:\/\/www.delicias-uk.com\/pt-pt\/wp-json\/wp\/v2\/media\/80237"}],"wp:attachment":[{"href":"https:\/\/www.delicias-uk.com\/pt-pt\/wp-json\/wp\/v2\/media?parent=209460"}],"wp:term":[{"taxonomy":"pwb-brand","embeddable":true,"href":"https:\/\/www.delicias-uk.com\/pt-pt\/wp-json\/wp\/v2\/pwb-brand?post=209460"},{"taxonomy":"product_brand","embeddable":true,"href":"https:\/\/www.delicias-uk.com\/pt-pt\/wp-json\/wp\/v2\/product_brand?post=209460"},{"taxonomy":"product_cat","embeddable":true,"href":"https:\/\/www.delicias-uk.com\/pt-pt\/wp-json\/wp\/v2\/product_cat?post=209460"},{"taxonomy":"product_tag","embeddable":true,"href":"https:\/\/www.delicias-uk.com\/pt-pt\/wp-json\/wp\/v2\/product_tag?post=209460"}],"curies":[{"name":"wp","href":"https:\/\/api.w.org\/{rel}","templated":true}]}}