{"id":209456,"date":"1970-01-01T01:33:33","date_gmt":"1970-01-01T00:33:33","guid":{"rendered":"https:\/\/www.delicias-uk.com\/product\/doce-de-abobora-prisca-250g\/"},"modified":"2025-12-14T07:44:18","modified_gmt":"2025-12-14T07:44:18","slug":"doce-de-abobora-prisca-250g","status":"publish","type":"product","link":"https:\/\/www.delicias-uk.com\/pt-pt\/produto\/doce-de-abobora-prisca-250g\/","title":{"rendered":"Compota de Ab\u00f3bora Prisca 250g"},"content":{"rendered":"<p>Doce de ab\u00f3bora 100% natural, sabor quente e doce. Use como uma compota sofisticada ou crie molhos e coberturas deliciosas para sobremesas. Excelente com queijo cremoso ou fresco e imperd\u00edvel com o tradicional requeij\u00e3o e queijo italiano ricota. Aproveite para prov\u00e1-lo junto com carnes curadas e defumadas.<\/p>\n<p><strong>Ingredientes<\/strong>: Ab\u00f3bora (65%), a\u00e7\u00facar, casca de laranja e canela<\/p>\n<p><strong>Al\u00e9rgenos<\/strong>: nenhum<\/p>\n<p><strong>Informa\u00e7\u00f5es nutricionais por 100g:<\/strong><\/p>\n<ul style=\"list-style-type:disc;\">\n<li>Valor energ\u00e9tico (Kj\/ Kcal) | 937\/224<\/li>\n<li>L\u00edpidos (g) | 0,10<\/li>\n<li>Dos quais saturados (g) | 0,10<\/li>\n<li>Carboidratos (g) | 55,00<\/li>\n<li>Dos quais a\u00e7\u00facares (g) | 35,00<\/li>\n<li>Prote\u00ednas (g) | 0,50<\/li>\n<\/ul>\n<p><strong>Pa\u00eds de origem<\/strong>: Portugal.<\/p>\n","protected":false},"excerpt":{"rendered":"<ul style=\"list-style-type:disc;\">\n<li>Peso l\u00edquido 250g<\/li>\n<li>Perfeito para acompanhar tostas ou queijos<\/li>\n<li>Pronto para consumir<\/li>\n<\/ul>\n","protected":false},"author":43533,"featured_media":226341,"comment_status":"open","ping_status":"closed","template":"","meta":[],"pwb-brand":[],"product_brand":[],"product_cat":[8705],"product_tag":[],"class_list":{"0":"post-209456","1":"product","2":"type-product","3":"status-publish","4":"has-post-thumbnail","6":"product_cat-compotas","8":"first","9":"instock","10":"taxable","11":"shipping-taxable","12":"purchasable","13":"product-type-simple"},"aioseo_notices":[],"brands":[],"_links":{"self":[{"href":"https:\/\/www.delicias-uk.com\/pt-pt\/wp-json\/wp\/v2\/product\/209456","targetHints":{"allow":["GET"]}}],"collection":[{"href":"https:\/\/www.delicias-uk.com\/pt-pt\/wp-json\/wp\/v2\/product"}],"about":[{"href":"https:\/\/www.delicias-uk.com\/pt-pt\/wp-json\/wp\/v2\/types\/product"}],"author":[{"embeddable":true,"href":"https:\/\/www.delicias-uk.com\/pt-pt\/wp-json\/wp\/v2\/users\/43533"}],"replies":[{"embeddable":true,"href":"https:\/\/www.delicias-uk.com\/pt-pt\/wp-json\/wp\/v2\/comments?post=209456"}],"wp:featuredmedia":[{"embeddable":true,"href":"https:\/\/www.delicias-uk.com\/pt-pt\/wp-json\/wp\/v2\/media\/226341"}],"wp:attachment":[{"href":"https:\/\/www.delicias-uk.com\/pt-pt\/wp-json\/wp\/v2\/media?parent=209456"}],"wp:term":[{"taxonomy":"pwb-brand","embeddable":true,"href":"https:\/\/www.delicias-uk.com\/pt-pt\/wp-json\/wp\/v2\/pwb-brand?post=209456"},{"taxonomy":"product_brand","embeddable":true,"href":"https:\/\/www.delicias-uk.com\/pt-pt\/wp-json\/wp\/v2\/product_brand?post=209456"},{"taxonomy":"product_cat","embeddable":true,"href":"https:\/\/www.delicias-uk.com\/pt-pt\/wp-json\/wp\/v2\/product_cat?post=209456"},{"taxonomy":"product_tag","embeddable":true,"href":"https:\/\/www.delicias-uk.com\/pt-pt\/wp-json\/wp\/v2\/product_tag?post=209456"}],"curies":[{"name":"wp","href":"https:\/\/api.w.org\/{rel}","templated":true}]}}