{"id":209448,"date":"1970-01-01T01:00:00","date_gmt":"1970-01-01T01:00:00","guid":{"rendered":"https:\/\/www.delicias-uk.com\/product\/mel-cremoso-serramel-flor-de-laranjeira-420gr\/"},"modified":"2025-02-06T17:16:13","modified_gmt":"2025-02-06T17:16:13","slug":"mel-cremoso-serramel-flor-de-laranjeira-420gr","status":"publish","type":"product","link":"https:\/\/www.delicias-uk.com\/pt-pt\/produto\/mel-cremoso-serramel-flor-de-laranjeira-420gr\/","title":{"rendered":"Mel Cremoso Flor de Laranjeira Serramel 420g"},"content":{"rendered":"<p><span style=\"font-family:arial, helvetica, sans-serif;\"><span style=\"font-size:12pt;font-family:Calibri;\">Um mel claro e cremoso colecionado pelas abelhas das flores de Laranjeira, na zona do Algarve. Este mel cremoso <\/span><span style=\"font-size:12pt;font-family:Calibri;\">de Laranjeira (cristaliza\u00e7\u00e3o extra fina) foi sujeito, ap\u00f3s embalamento, a temperaturas controladas, inferiores \u00e0 temperatura ambiente, que provocaram uma cristaliza\u00e7\u00e3o r\u00e1pida e muito fina. Tem uma consist\u00eancia ideal para barrar.<\/span><br \/><\/span><\/p>\n","protected":false},"excerpt":{"rendered":"<p>Um mel claro e cremoso colecionado pelas abelhas das flores de Laranjeira, na zona do Algarve. Este mel cremoso de Laranjeira (cristaliza\u00e7\u00e3o extra fina) foi sujeito, ap\u00f3s embalamento, a temperaturas controladas, inferiores \u00e0 temperatura ambiente, que provocaram uma cristaliza\u00e7\u00e3o r\u00e1pida e muito fina. Tem uma consist\u00eancia ideal para barrar.<\/p>\n","protected":false},"author":43533,"featured_media":80208,"comment_status":"open","ping_status":"closed","template":"","meta":[],"pwb-brand":[],"product_brand":[],"product_cat":[8743],"product_tag":[],"class_list":{"0":"post-209448","1":"product","2":"type-product","3":"status-publish","4":"has-post-thumbnail","6":"product_cat-mel-pt-pt","8":"first","9":"instock","10":"taxable","11":"shipping-taxable","12":"purchasable","13":"product-type-simple"},"aioseo_notices":[],"brands":[],"_links":{"self":[{"href":"https:\/\/www.delicias-uk.com\/pt-pt\/wp-json\/wp\/v2\/product\/209448","targetHints":{"allow":["GET"]}}],"collection":[{"href":"https:\/\/www.delicias-uk.com\/pt-pt\/wp-json\/wp\/v2\/product"}],"about":[{"href":"https:\/\/www.delicias-uk.com\/pt-pt\/wp-json\/wp\/v2\/types\/product"}],"author":[{"embeddable":true,"href":"https:\/\/www.delicias-uk.com\/pt-pt\/wp-json\/wp\/v2\/users\/43533"}],"replies":[{"embeddable":true,"href":"https:\/\/www.delicias-uk.com\/pt-pt\/wp-json\/wp\/v2\/comments?post=209448"}],"wp:featuredmedia":[{"embeddable":true,"href":"https:\/\/www.delicias-uk.com\/pt-pt\/wp-json\/wp\/v2\/media\/80208"}],"wp:attachment":[{"href":"https:\/\/www.delicias-uk.com\/pt-pt\/wp-json\/wp\/v2\/media?parent=209448"}],"wp:term":[{"taxonomy":"pwb-brand","embeddable":true,"href":"https:\/\/www.delicias-uk.com\/pt-pt\/wp-json\/wp\/v2\/pwb-brand?post=209448"},{"taxonomy":"product_brand","embeddable":true,"href":"https:\/\/www.delicias-uk.com\/pt-pt\/wp-json\/wp\/v2\/product_brand?post=209448"},{"taxonomy":"product_cat","embeddable":true,"href":"https:\/\/www.delicias-uk.com\/pt-pt\/wp-json\/wp\/v2\/product_cat?post=209448"},{"taxonomy":"product_tag","embeddable":true,"href":"https:\/\/www.delicias-uk.com\/pt-pt\/wp-json\/wp\/v2\/product_tag?post=209448"}],"curies":[{"name":"wp","href":"https:\/\/api.w.org\/{rel}","templated":true}]}}