{"id":209442,"date":"1970-01-01T01:00:00","date_gmt":"1970-01-01T01:00:00","guid":{"rendered":"https:\/\/www.delicias-uk.com\/product\/mel-serramel-em-pote-de-ceramica-500g\/"},"modified":"2025-02-06T17:19:50","modified_gmt":"2025-02-06T17:19:50","slug":"mel-serramel-em-pote-de-ceramica-500g","status":"publish","type":"product","link":"https:\/\/www.delicias-uk.com\/pt-pt\/produto\/mel-serramel-em-pote-de-ceramica-500g\/","title":{"rendered":"Mel de Rosmaninho em Pote de Cer\u00e2mica Serramel 500g"},"content":{"rendered":"<p>Este mel \u00e9 produzido nas montanhas do interior de Portugal (Beira Baixa), onde as abelhas coletam este mel claro e delicado das flores de rosmaninho (Lavandula stoechas). M\u00e9todos tradicionais foram usados \u200b\u200bem sua produ\u00e7\u00e3o e extra\u00e7\u00e3o.<\/p>\n<p><strong>Ingredientes<\/strong>: mel de rosmaninho.<\/p>\n<p><strong>Al\u00e9rgenos<\/strong>: nenhum.<\/p>\n<p><strong>Informa\u00e7\u00f5es nutricionais por 100g:<\/strong><\/p>\n<ul style=\"list-style-type:disc;\">\n<li>Energia 1394 Kj \/ 328 kcal<\/li>\n<li>Gorduras 0g<\/li>\n<li>das quais saturadas 0g<\/li>\n<li>Carboidratos 82g<\/li>\n<li>dos quais a\u00e7\u00facares 81g<\/li>\n<li>Prote\u00ednas 0g<\/li>\n<li>Sal 0g<\/li>\n<\/ul>\n<p><strong>Pa\u00eds de origem<\/strong>: Portugal.<\/p>\n","protected":false},"excerpt":{"rendered":"<ul style=\"list-style-type:disc;\">\n<li>Peso l\u00edquido 500g<\/li>\n<li>Pode ser usado como decora\u00e7\u00e3o depois de consumido<\/li>\n<li>Feito artesanalmente<\/li>\n<\/ul>\n","protected":false},"author":43533,"featured_media":80194,"comment_status":"open","ping_status":"closed","template":"","meta":[],"pwb-brand":[],"product_brand":[],"product_cat":[8743],"product_tag":[6562],"class_list":{"0":"post-209442","1":"product","2":"type-product","3":"status-publish","4":"has-post-thumbnail","6":"product_cat-mel-pt-pt","7":"product_tag-honey-portugal-serramel-uk","9":"first","10":"instock","11":"taxable","12":"shipping-taxable","13":"purchasable","14":"product-type-simple"},"aioseo_notices":[],"brands":[],"_links":{"self":[{"href":"https:\/\/www.delicias-uk.com\/pt-pt\/wp-json\/wp\/v2\/product\/209442","targetHints":{"allow":["GET"]}}],"collection":[{"href":"https:\/\/www.delicias-uk.com\/pt-pt\/wp-json\/wp\/v2\/product"}],"about":[{"href":"https:\/\/www.delicias-uk.com\/pt-pt\/wp-json\/wp\/v2\/types\/product"}],"author":[{"embeddable":true,"href":"https:\/\/www.delicias-uk.com\/pt-pt\/wp-json\/wp\/v2\/users\/43533"}],"replies":[{"embeddable":true,"href":"https:\/\/www.delicias-uk.com\/pt-pt\/wp-json\/wp\/v2\/comments?post=209442"}],"wp:featuredmedia":[{"embeddable":true,"href":"https:\/\/www.delicias-uk.com\/pt-pt\/wp-json\/wp\/v2\/media\/80194"}],"wp:attachment":[{"href":"https:\/\/www.delicias-uk.com\/pt-pt\/wp-json\/wp\/v2\/media?parent=209442"}],"wp:term":[{"taxonomy":"pwb-brand","embeddable":true,"href":"https:\/\/www.delicias-uk.com\/pt-pt\/wp-json\/wp\/v2\/pwb-brand?post=209442"},{"taxonomy":"product_brand","embeddable":true,"href":"https:\/\/www.delicias-uk.com\/pt-pt\/wp-json\/wp\/v2\/product_brand?post=209442"},{"taxonomy":"product_cat","embeddable":true,"href":"https:\/\/www.delicias-uk.com\/pt-pt\/wp-json\/wp\/v2\/product_cat?post=209442"},{"taxonomy":"product_tag","embeddable":true,"href":"https:\/\/www.delicias-uk.com\/pt-pt\/wp-json\/wp\/v2\/product_tag?post=209442"}],"curies":[{"name":"wp","href":"https:\/\/api.w.org\/{rel}","templated":true}]}}