{"id":209440,"date":"1970-01-01T01:00:00","date_gmt":"1970-01-01T01:00:00","guid":{"rendered":"https:\/\/www.delicias-uk.com\/product\/polen-de-flores-serramel-malcata-230gr\/"},"modified":"2025-07-03T16:54:56","modified_gmt":"2025-07-03T15:54:56","slug":"polen-de-flores-serramel-malcata-230gr","status":"publish","type":"product","link":"https:\/\/www.delicias-uk.com\/pt-pt\/produto\/polen-de-flores-serramel-malcata-230gr\/","title":{"rendered":"P\u00f3len de Flores Serramel 230g"},"content":{"rendered":"<p>O p\u00f3len \u00e9 uma das mais ricas subst\u00e2ncias biol\u00f3gicas. Cont\u00e9m todos os amino\u00e1cidos existentes nas c\u00e9lulas vivas, assim como vitaminas, pr\u00f3tidos, l\u00edpidos, a\u00e7\u00facares e sais minerais. \u00c9 um complemento alimentar natural e muito completo. Aqui oferecemos o p\u00f3len tal como as abelhas o transportam para a colmeia: em gr\u00e2nulos.<\/p>\n","protected":false},"excerpt":{"rendered":"<p>. p\u00f3len em gr\u00e3os\u00a0\u00a0<\/p>\n<p>. subst\u00e2ncias biol\u00f3gicas mais ricas\u00a0<\/p>\n<p>. gama de vitaminas de origem biol\u00f3gica, prote\u00ednas, l\u00edpidos, a\u00e7\u00facares e minerais<\/p>\n","protected":false},"author":43533,"featured_media":80190,"comment_status":"open","ping_status":"closed","template":"","meta":[],"pwb-brand":[],"product_brand":[],"product_cat":[8743],"product_tag":[6562],"class_list":{"0":"post-209440","1":"product","2":"type-product","3":"status-publish","4":"has-post-thumbnail","6":"product_cat-mel-pt-pt","7":"product_tag-honey-portugal-serramel-uk","9":"first","10":"instock","11":"taxable","12":"shipping-taxable","13":"purchasable","14":"product-type-simple"},"aioseo_notices":[],"brands":[],"_links":{"self":[{"href":"https:\/\/www.delicias-uk.com\/pt-pt\/wp-json\/wp\/v2\/product\/209440","targetHints":{"allow":["GET"]}}],"collection":[{"href":"https:\/\/www.delicias-uk.com\/pt-pt\/wp-json\/wp\/v2\/product"}],"about":[{"href":"https:\/\/www.delicias-uk.com\/pt-pt\/wp-json\/wp\/v2\/types\/product"}],"author":[{"embeddable":true,"href":"https:\/\/www.delicias-uk.com\/pt-pt\/wp-json\/wp\/v2\/users\/43533"}],"replies":[{"embeddable":true,"href":"https:\/\/www.delicias-uk.com\/pt-pt\/wp-json\/wp\/v2\/comments?post=209440"}],"wp:featuredmedia":[{"embeddable":true,"href":"https:\/\/www.delicias-uk.com\/pt-pt\/wp-json\/wp\/v2\/media\/80190"}],"wp:attachment":[{"href":"https:\/\/www.delicias-uk.com\/pt-pt\/wp-json\/wp\/v2\/media?parent=209440"}],"wp:term":[{"taxonomy":"pwb-brand","embeddable":true,"href":"https:\/\/www.delicias-uk.com\/pt-pt\/wp-json\/wp\/v2\/pwb-brand?post=209440"},{"taxonomy":"product_brand","embeddable":true,"href":"https:\/\/www.delicias-uk.com\/pt-pt\/wp-json\/wp\/v2\/product_brand?post=209440"},{"taxonomy":"product_cat","embeddable":true,"href":"https:\/\/www.delicias-uk.com\/pt-pt\/wp-json\/wp\/v2\/product_cat?post=209440"},{"taxonomy":"product_tag","embeddable":true,"href":"https:\/\/www.delicias-uk.com\/pt-pt\/wp-json\/wp\/v2\/product_tag?post=209440"}],"curies":[{"name":"wp","href":"https:\/\/api.w.org\/{rel}","templated":true}]}}