{"id":209438,"date":"1970-01-01T01:33:32","date_gmt":"1970-01-01T01:33:32","guid":{"rendered":"https:\/\/www.delicias-uk.com\/product\/chocolate-regina-recheado-c-morango-20g\/"},"modified":"2026-03-23T13:59:35","modified_gmt":"2026-03-23T13:59:35","slug":"chocolate-regina-recheado-c-morango-20g","status":"publish","type":"product","link":"https:\/\/www.delicias-uk.com\/pt-pt\/produto\/chocolate-regina-recheado-c-morango-20g\/","title":{"rendered":"Chocolate Regina Recheado Com Morango 20g"},"content":{"rendered":"<p>Satisfa\u00e7a os seus sentidos com a nossa mistura premium de cacau e sabor natural de morango, criando uma combina\u00e7\u00e3o \u00fanica de do\u00e7ura e cremosidade que n\u00e3o encontrar\u00e1 em mais lado nenhum. Desfrute do melhor dos dois mundos ao saborear os sabores sofisticados do chocolate de morango Regina.<\/p>\n<p><strong>Ingredientes<\/strong>: a\u00e7\u00facar, manteiga de cacau, leite em p\u00f3, massa de cacau, soro de leite em p\u00f3, manteiga concentrada, emulsionante (lecitina de soja), aroma de baunilha e morango, s\u00f3lidos de cacau: m\u00ednimo de 30%.<\/p>\n<p><strong>Al\u00e9rgenos<\/strong>: cont\u00e9m <strong>LEITE<\/strong> e <b>FRUTOS DE CASCA RIJA.<\/b><\/p>\n<p><strong>Informa\u00e7\u00e3o nutricional por 100g:<\/strong><\/p>\n<ul style=\"list-style-type:disc;\">\n<li>Energia 2271 Kj \/ 544 kcal<\/li>\n<li>Gorduras 32g<\/li>\n<li>das quais saturadas 20g<\/li>\n<li>Carboidratos 56g<\/li>\n<li>das quais a\u00e7\u00facares 51g<\/li>\n<li>Fibra 2g<\/li>\n<li>Prote\u00ednas 7g<\/li>\n<li>Sal 0,24g<\/li>\n<\/ul>\n<p><strong>Pa\u00eds de origem<\/strong>: Portugal.<\/p>\n","protected":false},"excerpt":{"rendered":"<ul style=\"list-style-type:disc;\">\n<li>Peso l\u00edquido 20g<\/li>\n<li>Ideal para uma refei\u00e7\u00e3o r\u00e1pida<\/li>\n<li>Pronto para consumir<\/li>\n<\/ul>\n","protected":false},"author":43533,"featured_media":80184,"comment_status":"open","ping_status":"closed","template":"","meta":[],"pwb-brand":[],"product_brand":[],"product_cat":[9182,9187,8289,8291,8365,8567,8499,8363,8375],"product_tag":[],"class_list":{"0":"post-209438","1":"product","2":"type-product","3":"status-publish","4":"has-post-thumbnail","6":"product_cat-natal","7":"product_cat-chocolates-pt-pt","8":"product_cat-inicio","9":"product_cat-produtos-portugueses","10":"product_cat-confeitaria","11":"product_cat-chocolate-pt-pt","12":"product_cat-sem-glutem","13":"product_cat-halal-pt-pt","14":"product_cat-kosher-pt-pt","16":"first","17":"instock","18":"taxable","19":"shipping-taxable","20":"purchasable","21":"product-type-simple"},"aioseo_notices":[],"brands":[],"_links":{"self":[{"href":"https:\/\/www.delicias-uk.com\/pt-pt\/wp-json\/wp\/v2\/product\/209438","targetHints":{"allow":["GET"]}}],"collection":[{"href":"https:\/\/www.delicias-uk.com\/pt-pt\/wp-json\/wp\/v2\/product"}],"about":[{"href":"https:\/\/www.delicias-uk.com\/pt-pt\/wp-json\/wp\/v2\/types\/product"}],"author":[{"embeddable":true,"href":"https:\/\/www.delicias-uk.com\/pt-pt\/wp-json\/wp\/v2\/users\/43533"}],"replies":[{"embeddable":true,"href":"https:\/\/www.delicias-uk.com\/pt-pt\/wp-json\/wp\/v2\/comments?post=209438"}],"wp:featuredmedia":[{"embeddable":true,"href":"https:\/\/www.delicias-uk.com\/pt-pt\/wp-json\/wp\/v2\/media\/80184"}],"wp:attachment":[{"href":"https:\/\/www.delicias-uk.com\/pt-pt\/wp-json\/wp\/v2\/media?parent=209438"}],"wp:term":[{"taxonomy":"pwb-brand","embeddable":true,"href":"https:\/\/www.delicias-uk.com\/pt-pt\/wp-json\/wp\/v2\/pwb-brand?post=209438"},{"taxonomy":"product_brand","embeddable":true,"href":"https:\/\/www.delicias-uk.com\/pt-pt\/wp-json\/wp\/v2\/product_brand?post=209438"},{"taxonomy":"product_cat","embeddable":true,"href":"https:\/\/www.delicias-uk.com\/pt-pt\/wp-json\/wp\/v2\/product_cat?post=209438"},{"taxonomy":"product_tag","embeddable":true,"href":"https:\/\/www.delicias-uk.com\/pt-pt\/wp-json\/wp\/v2\/product_tag?post=209438"}],"curies":[{"name":"wp","href":"https:\/\/api.w.org\/{rel}","templated":true}]}}