{"id":209434,"date":"1970-01-01T01:33:32","date_gmt":"1970-01-01T01:33:32","guid":{"rendered":"https:\/\/www.delicias-uk.com\/product\/graos-de-cafe-sinai-camelo-p-espresso-1kg\/"},"modified":"2025-12-03T11:03:30","modified_gmt":"2025-12-03T11:03:30","slug":"graos-de-cafe-sinai-camelo-p-espresso-1kg","status":"publish","type":"product","link":"https:\/\/www.delicias-uk.com\/pt-pt\/produto\/graos-de-cafe-sinai-camelo-p-espresso-1kg\/","title":{"rendered":"Caf\u00e9 Sinai Camelo Para Espresso Gr\u00e3os 1kg"},"content":{"rendered":"<p>Fizemos uma sele\u00e7\u00e3o rigorosa a partir dos gr\u00e3os de caf\u00e9 verde das melhores regi\u00f5es, de acordo com a tradi\u00e7\u00e3o e experi\u00eancia do caf\u00e9 Camelo. Atrav\u00e9s da arte do nosso m\u00e9todo de torrefa\u00e7\u00e3o, oferecemos-lhe um caf\u00e9 com um sabor distinto.<\/p>\n<p><strong>Ingredientes<\/strong>: caf\u00e9 torrado mo\u00eddo.<\/p>\n<p><strong>Alerg\u00e9nios<\/strong>: nenhum.<\/p>\n<p><strong>Pa\u00eds de origem<\/strong>: Portugal<\/p>\n","protected":false},"excerpt":{"rendered":"<ul style=\"list-style-type:disc;\">\n<li>Peso l\u00edquido 1kg<\/li>\n<li>Gr\u00e3os de caf\u00e9 para espresso<\/li>\n<li>Use approx. 7g por x\u00edcara<\/li>\n<\/ul>\n","protected":false},"author":43533,"featured_media":80172,"comment_status":"open","ping_status":"closed","template":"","meta":[],"pwb-brand":[],"product_brand":[],"product_cat":[8289,8291,8351,8453,8573,8499,8539],"product_tag":[],"class_list":{"0":"post-209434","1":"product","2":"type-product","3":"status-publish","4":"has-post-thumbnail","6":"product_cat-inicio","7":"product_cat-produtos-portugueses","8":"product_cat-cafe-cha-acucar","9":"product_cat-cafe","10":"product_cat-sem-acucar","11":"product_cat-sem-glutem","12":"product_cat-sem-lactose","14":"first","15":"instock","16":"taxable","17":"shipping-taxable","18":"purchasable","19":"product-type-simple"},"aioseo_notices":[],"brands":[],"_links":{"self":[{"href":"https:\/\/www.delicias-uk.com\/pt-pt\/wp-json\/wp\/v2\/product\/209434","targetHints":{"allow":["GET"]}}],"collection":[{"href":"https:\/\/www.delicias-uk.com\/pt-pt\/wp-json\/wp\/v2\/product"}],"about":[{"href":"https:\/\/www.delicias-uk.com\/pt-pt\/wp-json\/wp\/v2\/types\/product"}],"author":[{"embeddable":true,"href":"https:\/\/www.delicias-uk.com\/pt-pt\/wp-json\/wp\/v2\/users\/43533"}],"replies":[{"embeddable":true,"href":"https:\/\/www.delicias-uk.com\/pt-pt\/wp-json\/wp\/v2\/comments?post=209434"}],"wp:featuredmedia":[{"embeddable":true,"href":"https:\/\/www.delicias-uk.com\/pt-pt\/wp-json\/wp\/v2\/media\/80172"}],"wp:attachment":[{"href":"https:\/\/www.delicias-uk.com\/pt-pt\/wp-json\/wp\/v2\/media?parent=209434"}],"wp:term":[{"taxonomy":"pwb-brand","embeddable":true,"href":"https:\/\/www.delicias-uk.com\/pt-pt\/wp-json\/wp\/v2\/pwb-brand?post=209434"},{"taxonomy":"product_brand","embeddable":true,"href":"https:\/\/www.delicias-uk.com\/pt-pt\/wp-json\/wp\/v2\/product_brand?post=209434"},{"taxonomy":"product_cat","embeddable":true,"href":"https:\/\/www.delicias-uk.com\/pt-pt\/wp-json\/wp\/v2\/product_cat?post=209434"},{"taxonomy":"product_tag","embeddable":true,"href":"https:\/\/www.delicias-uk.com\/pt-pt\/wp-json\/wp\/v2\/product_tag?post=209434"}],"curies":[{"name":"wp","href":"https:\/\/api.w.org\/{rel}","templated":true}]}}